{"id":1754,"date":"2019-03-03T18:21:55","date_gmt":"2019-03-03T18:21:55","guid":{"rendered":"https:\/\/helliston.eu\/return-refund\/"},"modified":"2020-07-01T11:45:48","modified_gmt":"2020-07-01T11:45:48","slug":"rueckgabededingungen","status":"publish","type":"page","link":"https:\/\/www.helliston.eu\/de\/rueckgabededingungen\/","title":{"rendered":"R\u00fcckgabebedingungen"},"content":{"rendered":"<div class=\"row row-collapse row-full-width align-middle align-center\"  id=\"row-2018698871\">\n\n\t<div id=\"col-593464988\" class=\"col medium-8 large-8\"  >\n\t\t\t\t<div class=\"col-inner\"  >\n\t\t\t\n\t\t\t\n<div class=\"row row-large align-middle align-center\"  id=\"row-1471818502\">\n\n\t<div id=\"col-380735949\" class=\"col small-12 large-12\"  >\n\t\t\t\t<div class=\"col-inner\"  >\n\t\t\t\n\t\t\t\n\t<div id=\"gap-2059165791\" class=\"gap-element clearfix\" style=\"display:block; height:auto;\">\n\t\t\n<style>\n#gap-2059165791 {\n  padding-top: 30px;\n}\n<\/style>\n\t<\/div>\n\t\n<p style=\"text-align: center;\">Wir legen gro\u00dfen Wert auf die Qualit\u00e4t unserer Waren, damit Sie mit Ihrer Bestellung zufrieden sein k\u00f6nnen. Falls die von Ihnen bestellte Ware nicht Ihren Erwartungen entspricht, k\u00f6nnen Sie jederzeit innerhalb von 30 Tagen ab Lieferdatum Ihre Bestellung widerrufen.<\/p>\n\t\t<\/div>\n\t\t\t\t\t<\/div>\n\n\t\n<\/div>\n\t\t<\/div>\n\t\t\t\t\t<\/div>\n\n\t\n<\/div>\n<div class=\"row row-collapse row-full-width align-center\"  id=\"row-564590708\">\n\n\t<div id=\"col-1473998075\" class=\"col medium-4 small-12 large-4\"  >\n\t\t\t\t<div class=\"col-inner\"  >\n\t\t\t\n\t\t\t\n<div class=\"container section-title-container\" ><h3 class=\"section-title section-title-center\"><b aria-hidden=\"true\"><\/b><span class=\"section-title-main\" >Allgemeine Bedingungen<\/span><b aria-hidden=\"true\"><\/b><\/h3><\/div>\n\t\t<\/div>\n\t\t\t\t\t<\/div>\n\n\t\n\n\t<div id=\"col-1074999631\" class=\"col medium-6 small-9 large-6\"  >\n\t\t\t\t<div class=\"col-inner\"  >\n\t\t\t\n\t\t\t\n<ul>\n<li>Ab Lieferdatum haben Sie das Recht, innerhalb von 30 Tagen ohne Angaben von Gr\u00fcnden den mit uns geschlossenen Vertrag (Sehen Sie bitte die <a href=\"https:\/\/www.helliston.eu\/de\/geschaeftsbedingungen\/\">Allgemeinen Gesch\u00e4ftsbedingungen<\/a> an) zu widerrufen.<\/li>\n<li>Falls Sie auch f\u00fcr den Versand bezahlt haben, werden wir die Versandkosten erstatten (bitte beachten Sie, dass dies nicht f\u00fcr Expressversand, wie z.B. DHL, DPD Express oder ParcelConnect, gilt).<\/li>\n<\/ul>\n\t\t<\/div>\n\t\t\t\t\t<\/div>\n\n\t\n<\/div>\n\t<div id=\"gap-1654612766\" class=\"gap-element clearfix\" style=\"display:block; height:auto;\">\n\t\t\n<style>\n#gap-1654612766 {\n  padding-top: 30px;\n}\n<\/style>\n\t<\/div>\n\t\n<div class=\"row row-collapse row-full-width align-center\"  id=\"row-1574771594\">\n\n\t<div id=\"col-1011800110\" class=\"col medium-4 small-12 large-4\"  >\n\t\t\t\t<div class=\"col-inner\"  >\n\t\t\t\n\t\t\t\n<div class=\"container section-title-container\" ><h3 class=\"section-title section-title-center\"><b aria-hidden=\"true\"><\/b><span class=\"section-title-main\" >geltende regeln<\/span><b aria-hidden=\"true\"><\/b><\/h3><\/div>\n\t\t<\/div>\n\t\t\t\t\t<\/div>\n\n\t\n\n\t<div id=\"col-1627942313\" class=\"col medium-6 small-9 large-6\"  >\n\t\t\t\t<div class=\"col-inner\"  >\n\t\t\t\n\t\t\t\n<ul>\n<li>Innerhalb von 30 Tagen nach dem Erhalt der Bestellung haben sie die M\u00f6glichkeit, sich mit unseren Waren vertraut zu machen und zwar in genau der gleichen Art und Weise wie in einem ganz normalen Laden vor Ort.<\/li>\n<li>Die Kunden haften f\u00fcr jeglichen Wertverlust der Waren, falls es durch Benutzung oder unsachgem\u00e4ssen Umgang mit den Waren bedingt ist.<\/li>\n<li>Falls die Waren benutzt oder falsch behandelt worden sind und sie dadurch an Wert verloren haben, haben wir das Recht, die Waren nur teilweise oder sogar, falls der Zustand der Waren es verlangt,\u00a0 nicht zu erstatten.<\/li>\n<\/ul>\n\t\t<\/div>\n\t\t\t\t\t<\/div>\n\n\t\n<\/div>\n\t<div id=\"gap-1655195156\" class=\"gap-element clearfix\" style=\"display:block; height:auto;\">\n\t\t\n<style>\n#gap-1655195156 {\n  padding-top: 30px;\n}\n<\/style>\n\t<\/div>\n\t\n\t<div id=\"gap-1040163201\" class=\"gap-element clearfix\" style=\"display:block; height:auto;\">\n\t\t\n<style>\n#gap-1040163201 {\n  padding-top: 30px;\n}\n<\/style>\n\t<\/div>\n\t\n<div class=\"row row-collapse row-full-width align-center\"  id=\"row-1788769496\">\n\n\t<div id=\"col-248423948\" class=\"col medium-4 small-12 large-4\"  >\n\t\t\t\t<div class=\"col-inner\"  >\n\t\t\t\n\t\t\t\n<div class=\"container section-title-container\" ><h3 class=\"section-title section-title-center\"><b aria-hidden=\"true\"><\/b><span class=\"section-title-main\" >was muss ich machen?<\/span><b aria-hidden=\"true\"><\/b><\/h3><\/div>\n\t\t<\/div>\n\t\t\t\t\t<\/div>\n\n\t\n\n\t<div id=\"col-259569534\" class=\"col medium-6 small-9 large-6\"  >\n\t\t\t\t<div class=\"col-inner\"  >\n\t\t\t\n\t\t\t\n<ul>\n<li>Um die Waren zur\u00fcckzusenden, k\u00f6nnen Sie uns einfach per E-Mail (info@helliston.eu) kontaktieren und uns mitteilen, dass Sie die Waren zur\u00fccksenden m\u00f6chten. Beziehungsweise k\u00f6nnen Sie auch das R\u00fcckgabeformular ausf\u00fcllen, welches unter <a href=\"http:\/\/www.helliston.eu\/de\/rueckgabeformular\">www.helliston.eu\/de\/rueckgabeformular<\/a> zu finden ist.<\/li>\n<li>Falls Sie uns per E-Mail kontaktieren m\u00f6chten, geben Sie bitte zugleich auch folgende Informationen an: Bestelldatum, Rechnungs- oder Bestellungsnummer und den Namen des Produktes , welches Sie zur\u00fccksenden m\u00f6chten.<\/li>\n<li>Danach k\u00f6nnen Sie uns die Waren einfach zur\u00fccksenden und zwar mit einem von Ihnen ausgew\u00e4hlten Transportdienst.<\/li>\n<\/ul>\n\t\t<\/div>\n\t\t\t\t\t<\/div>\n\n\t\n<\/div>\n\t<div id=\"gap-1581594086\" class=\"gap-element clearfix\" style=\"display:block; height:auto;\">\n\t\t\n<style>\n#gap-1581594086 {\n  padding-top: 30px;\n}\n<\/style>\n\t<\/div>\n\t\n<div class=\"row row-collapse row-full-width align-center\"  id=\"row-183599349\">\n\n\t<div id=\"col-2115478194\" class=\"col medium-4 small-12 large-4\"  >\n\t\t\t\t<div class=\"col-inner\"  >\n\t\t\t\n\t\t\t\n<div class=\"container section-title-container\" ><h3 class=\"section-title section-title-center\"><b aria-hidden=\"true\"><\/b><span class=\"section-title-main\" >R\u00fccksendekosten<\/span><b aria-hidden=\"true\"><\/b><\/h3><\/div>\n\t\t<\/div>\n\t\t\t\t\t<\/div>\n\n\t\n\n\t<div id=\"col-1073947108\" class=\"col medium-6 small-9 large-6\"  >\n\t\t\t\t<div class=\"col-inner\"  >\n\t\t\t\n\t\t\t\n<ul>\n<li>Falls es nicht anders vereinbart wurde, werden die Kosten der R\u00fccksendung von den Kunden getragen.<\/li>\n<li>Unter folgenden Bedingungen werden die R\u00fccksendungskosten von uns getragen: 1) Waren entsprechen nicht der Bestellung; 2) defekte Waren erhalten; 3) Unvollst\u00e4ndige Waren erhalten; 4) Unkorrekte Informationen \u00fcber die Waren im E-Shop angegeben<\/li>\n<\/ul>\n\t\t<\/div>\n\t\t\t\t\t<\/div>\n\n\t\n<\/div>\n\t<div id=\"gap-1215012785\" class=\"gap-element clearfix\" style=\"display:block; height:auto;\">\n\t\t\n<style>\n#gap-1215012785 {\n  padding-top: 30px;\n}\n<\/style>\n\t<\/div>\n\t\n<div class=\"row row-collapse row-full-width align-center\"  id=\"row-423570095\">\n\n\t<div id=\"col-1010945157\" class=\"col medium-4 small-12 large-4\"  >\n\t\t\t\t<div class=\"col-inner\"  >\n\t\t\t\n\t\t\t\n<div class=\"container section-title-container\" ><h3 class=\"section-title section-title-center\"><b aria-hidden=\"true\"><\/b><span class=\"section-title-main\" >R\u00fcckerstattung<\/span><b aria-hidden=\"true\"><\/b><\/h3><\/div>\n\t\t<\/div>\n\t\t\t\t\t<\/div>\n\n\t\n\n\t<div id=\"col-346495564\" class=\"col medium-6 small-9 large-6\"  >\n\t\t\t\t<div class=\"col-inner\"  >\n\t\t\t\n\t\t\t\n<ul>\n<li>Wir erstatten die Bestellung innerhalb von 14 Tagen, direkt nachdem wir einen Antrag auf R\u00fcckgabe (durch E-Mail oder ausgef\u00fclltes R\u00fcckgabeformular) erhalten haben. Die R\u00fcckzahlung erfolgt auf das von Ihnen zur Zahlung verwendete Konto.<\/li>\n<li>Wir k\u00f6nnen mit\u00a0 der R\u00fcckzahlung warten, wenn wir die Waren noch nicht erhalten oder keinen Beweis f\u00fcr R\u00fccklieferung der Waren bekommen haben.<\/li>\n<li>Falls Sie auch f\u00fcr den Versand bezahlt haben, werden wir auch die Versandkosten erstatten.<\/li>\n<li>Den Expressversand (DPD, ParcelConnect, DHL Express) werden wir nicht erstatten.<\/li>\n<\/ul>\n\t\t<\/div>\n\t\t\t\t\t<\/div>\n\n\t\n<\/div>\n","protected":false},"excerpt":{"rendered":"","protected":false},"author":1,"featured_media":0,"parent":0,"menu_order":0,"comment_status":"closed","ping_status":"closed","template":"page-blank.php","meta":{"footnotes":""},"class_list":["post-1754","page","type-page","status-publish","hentry"],"jetpack_sharing_enabled":true,"_links":{"self":[{"href":"https:\/\/www.helliston.eu\/de\/wp-json\/wp\/v2\/pages\/1754","targetHints":{"allow":["GET"]}}],"collection":[{"href":"https:\/\/www.helliston.eu\/de\/wp-json\/wp\/v2\/pages"}],"about":[{"href":"https:\/\/www.helliston.eu\/de\/wp-json\/wp\/v2\/types\/page"}],"author":[{"embeddable":true,"href":"https:\/\/www.helliston.eu\/de\/wp-json\/wp\/v2\/users\/1"}],"replies":[{"embeddable":true,"href":"https:\/\/www.helliston.eu\/de\/wp-json\/wp\/v2\/comments?post=1754"}],"version-history":[{"count":5,"href":"https:\/\/www.helliston.eu\/de\/wp-json\/wp\/v2\/pages\/1754\/revisions"}],"predecessor-version":[{"id":7126,"href":"https:\/\/www.helliston.eu\/de\/wp-json\/wp\/v2\/pages\/1754\/revisions\/7126"}],"wp:attachment":[{"href":"https:\/\/www.helliston.eu\/de\/wp-json\/wp\/v2\/media?parent=1754"}],"curies":[{"name":"wp","href":"https:\/\/api.w.org\/{rel}","templated":true}]}}