{"id":1756,"date":"2019-03-03T18:06:38","date_gmt":"2019-03-03T18:06:38","guid":{"rendered":"https:\/\/helliston.eu\/shipping-delivery\/"},"modified":"2023-04-08T14:58:04","modified_gmt":"2023-04-08T14:58:04","slug":"versandbedingungen","status":"publish","type":"page","link":"https:\/\/www.helliston.eu\/de\/versandbedingungen\/","title":{"rendered":"Versandbedingungen"},"content":{"rendered":"\n\t<section class=\"section\" id=\"section_1522492387\">\n\t\t<div class=\"section-bg fill\" >\n\t\t\t\t\t\t\t\t\t\n\t\t\t\n\n\t\t<\/div>\n\n\t\t\n\n\t\t<div class=\"section-content relative\">\n\t\t\t\n<div class=\"row align-center\"  id=\"row-1541561826\">\n\n\n\t<div id=\"col-1340672120\" class=\"col medium-8 small-12 large-8\"  >\n\t\t\t\t<div class=\"col-inner text-center\"  >\n\t\t\t\n\t\t\t\n\n<div class=\"ux-logo has-hover align-middle ux_logo inline-block\" style=\"max-width: 100%!important; width: 130px!important\"><div class=\"ux-logo-link block image-\" title=\"\" href=\"\" style=\"padding: 15px;\"><img decoding=\"async\" src=\"https:\/\/www.helliston.eu\/wp-content\/uploads\/2020\/01\/deutschepost-logo.jpg\" title=\"\" alt=\"\" class=\"ux-logo-image block\" style=\"height:50px;\" \/><\/div><\/div>\n\n<div class=\"ux-logo has-hover align-middle ux_logo inline-block\" style=\"max-width: 100%!important; width: 214.615384615px!important\"><div class=\"ux-logo-link block image-\" title=\"\" href=\"\" style=\"padding: 15px;\"><img decoding=\"async\" src=\"https:\/\/www.helliston.eu\/wp-content\/uploads\/2020\/01\/oesterreichischepost-logo.jpg\" title=\"\" alt=\"\" class=\"ux-logo-image block\" style=\"height:40px;\" \/><\/div><\/div>\n\n<div class=\"ux-logo has-hover align-middle ux_logo inline-block\" style=\"max-width: 100%!important; width: 211.818181818px!important\"><div class=\"ux-logo-link block image-\" title=\"\" href=\"\" style=\"padding: 15px;\"><img decoding=\"async\" src=\"https:\/\/www.helliston.eu\/wp-content\/uploads\/2020\/01\/DHL-Logo.jpg\" title=\"\" alt=\"\" class=\"ux-logo-image block\" style=\"height:40px;\" \/><\/div><\/div>\n\n\n\t\t<\/div>\n\t\t\t\t\t<\/div>\n\n\t\n\n\t<div id=\"col-393011075\" class=\"col medium-8 small-12 large-8\"  >\n\t\t\t\t<div class=\"col-inner text-center\"  >\n\t\t\t\n\t\t\t\n\n<div class=\"ux-logo has-hover align-middle ux_logo inline-block\" style=\"max-width: 100%!important; width: 81.3698630137px!important\"><div class=\"ux-logo-link block image-\" title=\"\" href=\"\" style=\"padding: 15px;\"><img decoding=\"async\" src=\"https:\/\/www.helliston.eu\/wp-content\/uploads\/2020\/01\/logo_717x696.jpg\" title=\"\" alt=\"\" class=\"ux-logo-image block\" style=\"height:50px;\" \/><\/div><\/div>\n\n<div class=\"ux-logo has-hover align-middle ux_logo inline-block\" style=\"max-width: 100%!important; width: 72.5531914894px!important\"><div class=\"ux-logo-link block image-\" title=\"\" href=\"\" style=\"padding: 15px;\"><img decoding=\"async\" src=\"https:\/\/www.helliston.eu\/wp-content\/uploads\/2020\/01\/Itella-Logo.jpg\" title=\"\" alt=\"\" class=\"ux-logo-image block\" style=\"height:40px;\" \/><\/div><\/div>\n\n<div class=\"ux-logo has-hover align-middle ux_logo inline-block\" style=\"max-width: 100%!important; width: 119.552238806px!important\"><div class=\"ux-logo-link block image-\" title=\"\" href=\"\" style=\"padding: 15px;\"><img decoding=\"async\" src=\"https:\/\/www.helliston.eu\/wp-content\/uploads\/2020\/01\/DPD-Logo.jpg\" title=\"\" alt=\"\" class=\"ux-logo-image block\" style=\"height:40px;\" \/><\/div><\/div>\n\n\n\t\t<\/div>\n\t\t\t\t\t<\/div>\n\n\t\n\n<\/div>\n<div class=\"row\"  id=\"row-1164669763\">\n\n\t<div id=\"col-164994494\" class=\"col medium-2 small-12 large-2\"  >\n\t\t\t\t<div class=\"col-inner\"  >\n\t\t\t\n\t\t\t\n\t\t<\/div>\n\t\t\t\t\t<\/div>\n\n\t\n\n\t<div id=\"col-220701347\" class=\"col medium-8 small-12 large-8\"  >\n\t\t\t\t<div class=\"col-inner\"  >\n\t\t\t\n\t\t\t\n<h4><strong>1. ALLGEMEINE BEDINGUNGEN<\/strong><\/h4>\n<p>1.1. Alle Pakete werden mit einer Sendungsverfolgungsnummer verschickt.<\/p>\n<p>1.2. Wir versenden nach Europa, \u00dcbersee Frankreich, USA, Kanada, Australien.<\/p>\n<p>1.3. Die genauen Versandkosten werden an der Kasse berechnet.<\/p>\n<p>1.4. Wir versenden die Bestellung innerhalb von 24 Stunden von Montag bis Freitagmorgen nach Zahlungseingang.<\/p>\n<p>1.5. Der Versandort ist Estland, Baltikum, Europ\u00e4ische Union.<\/p>\n<h4><strong>2. VERSANDKOSTEN<\/strong><\/h4>\n<p>2.1. Die genauen Versandkosten werden an der Kasse berechnet.<\/p>\n<p>2.2. Der genaue Preis h\u00e4ngt vom Zielland und von der Mehrwertsteuer des Ziellandes ab (wenn die Bestellung innerhalb der Europ\u00e4ischen Union versendet wird).<\/p>\n<p>2.3. Die Versandkosten beginnen bei einer kleinen Geb\u00fchr von 2,90 \u20ac (einschlie\u00dflich der estnischen Mehrwertsteuer).<\/p>\n<h4><strong>3. VERSANDARTEN<\/strong><\/h4>\n<p>3.1. Die genauen Versandarten werden an der Kasse angezeigt.<\/p>\n<p>3.2. Die Standardversandmethode ist die lokale Postgesellschaft (die Bestellungen k\u00f6nnen \u00fcber die Websites der lokalen Postunternehmen wie USPS, PostNord, La Poste, Royal Mail, Poste Italene, Correos, Posti usw. verfolgt werden).<\/p>\n<p>3.3. Andere Versandmethoden umfassen DHL, Fedex, GLS, Itella.<\/p>\n<h4><strong>4. LIEFERZEIT<\/strong><\/h4>\n<p>4.1. Die Lieferzeit der bestellten Ware ist abh\u00e4ngig von den Transportdienstleistern und von der Anschrift und dem Aufenthaltsort des Kunden.<\/p>\n<p>4.2. EU und Europa = ca. 3-7 Tage.<\/p>\n<p>4.3. Au\u00dferhalb Europas = ca. 5-14 Tage.<\/p>\n<h4><strong>5. STORNIERUNG DER LIEFERUNG<\/strong><\/h4>\n<p>5.1. Nachdem die Bestellung per Post versandt wurde, k\u00f6nnen wir die Stornierung der Lieferung nicht garantieren (wenn Sie uns innerhalb eines Tages nach Versand der Bestellung direkt kontaktieren, sollte es eine M\u00f6glichkeit geben, die Bestellung zu stornieren, aber wir k\u00f6nnen dies nicht garantieren. Es h\u00e4ngt davon ab wie schnell das Versandunternehmen das Paket ins Ausland verschickt).<\/p>\n<p>5.2 Wenn die Bestellung bereits versandt wurde, k\u00f6nnen Sie das Paket ablehnen, wenn die Post versucht, es zuzustellen. Nach Entsendung des Pakets ist die Post verpflichtet, das Paket an uns zur\u00fcckzusenden. Nach Erhalt erstatten wir die Bestellung.<\/p>\n<h4><strong>6. BESCH\u00c4DIGTE ODER VERLORENE PAKETE<\/strong><\/h4>\n<p>6.1. Wenn die Bestellung besch\u00e4digt ist und nicht mehr verwendet werden kann oder auf dem Weg verloren gegangen ist, wenden Sie sich bitte direkt an uns.<\/p>\n<p>6.2. Wir erstatten entweder alle Kosten oder versenden erneut (je nach Kundenwunsch).<\/p>\n<h4><strong>7. VERZ\u00d6GERUNG DER LIEFERUNGEN<\/strong><\/h4>\n<p>7.1. Wir \u00fcbernehmen keine Verantwortung f\u00fcr die Verz\u00f6gerung der Lieferung, wenn sie im Bereich von 7 Tagen nach der zugesagten Lieferzeit bleibt.<\/p>\n<p>7.2. Wir \u00fcbernehmen keine Verantwortung f\u00fcr die durch h\u00f6here Gewalt verursachte Verz\u00f6gerung der Lieferung.<\/p>\n<p>7.3. Wir \u00fcbernehmen keine Verantwortung f\u00fcr die Verz\u00f6gerung der Lieferung, wenn die vom Kunden angegebene Adresse falsch war.<\/p>\n<h4><strong>8. VERSAND INNERHALB ESTLANDS<\/strong><\/h4>\n<p>8.1. Die Versandkosten beginnen bei 2,90 \u20ac.<\/p>\n<p>8.2. Versandarten:<\/p>\n<p>8.2.1. Paketterminals: Omniva, Itella<\/p>\n<p>8.2.3. Kurier: Itella<\/p>\n<p>8.3. Lieferzeit: innerhalb von 1-3 Tagen nach Aufgabe des Pakets.<\/p>\n\t\t<\/div>\n\t\t\t\t\t<\/div>\n\n\t\n\n\t<div id=\"col-1393220180\" class=\"col medium-2 small-12 large-2\"  >\n\t\t\t\t<div class=\"col-inner\"  >\n\t\t\t\n\t\t\t\n\t\t<\/div>\n\t\t\t\t\t<\/div>\n\n\t\n<\/div>\n\t\t<\/div>\n\n\t\t\n<style>\n#section_1522492387 {\n  padding-top: 30px;\n  padding-bottom: 30px;\n}\n<\/style>\n\t<\/section>\n\t\n","protected":false},"excerpt":{"rendered":"","protected":false},"author":1,"featured_media":0,"parent":0,"menu_order":0,"comment_status":"closed","ping_status":"closed","template":"page-blank.php","meta":{"footnotes":""},"class_list":["post-1756","page","type-page","status-publish","hentry"],"jetpack_sharing_enabled":true,"_links":{"self":[{"href":"https:\/\/www.helliston.eu\/de\/wp-json\/wp\/v2\/pages\/1756","targetHints":{"allow":["GET"]}}],"collection":[{"href":"https:\/\/www.helliston.eu\/de\/wp-json\/wp\/v2\/pages"}],"about":[{"href":"https:\/\/www.helliston.eu\/de\/wp-json\/wp\/v2\/types\/page"}],"author":[{"embeddable":true,"href":"https:\/\/www.helliston.eu\/de\/wp-json\/wp\/v2\/users\/1"}],"replies":[{"embeddable":true,"href":"https:\/\/www.helliston.eu\/de\/wp-json\/wp\/v2\/comments?post=1756"}],"version-history":[{"count":5,"href":"https:\/\/www.helliston.eu\/de\/wp-json\/wp\/v2\/pages\/1756\/revisions"}],"predecessor-version":[{"id":21606,"href":"https:\/\/www.helliston.eu\/de\/wp-json\/wp\/v2\/pages\/1756\/revisions\/21606"}],"wp:attachment":[{"href":"https:\/\/www.helliston.eu\/de\/wp-json\/wp\/v2\/media?parent=1756"}],"curies":[{"name":"wp","href":"https:\/\/api.w.org\/{rel}","templated":true}]}}