{"id":10514,"date":"2022-01-29T20:50:29","date_gmt":"2022-01-29T20:50:30","guid":{"rendered":"https:\/\/helliston.eu\/?post_type=product&#038;p=10514"},"modified":"2023-03-31T13:56:10","modified_gmt":"2023-03-31T13:56:10","slug":"hobelmesser-fuer-ferm-ppm1010-fp-650-650w-82mm","status":"publish","type":"product","link":"https:\/\/www.helliston.eu\/de\/produkt\/hobelmesser-fuer-ferm-ppm1010-fp-650-650w-82mm\/","title":{"rendered":"Hobelmesser f\u00fcr Ferm PPM1010, FP-650 650W, 82mm"},"content":{"rendered":"","protected":false},"excerpt":{"rendered":"<p>Hobelmesser f\u00fcr Ferm PPM1010, FP-650 650W, 82 x 5,5 x 1,1mm. 5 Satz = 10 Wendemesser.<\/p>\n<ul>\n<li>HSS = f\u00fcr Weichholz, glattere Oberfl\u00e4che und sch\u00e4rfer als TCT-Wendemesser<\/li>\n<li>TCT = f\u00fcr Weich- und Hartholz und h\u00e4lt bis zu 5-mal l\u00e4nger als herk\u00f6mmliche HSS-Hobelmesser<\/li>\n<\/ul>\n<p>Alle weiteren Informationen finden Sie unten.<\/p>\n<p>***Verpackungen sind aus Hartkarton und ganz ohne Plastik.<\/p>\n","protected":false},"featured_media":10667,"template":"","meta":[],"product_brand":[],"product_cat":[923,818,2086],"product_tag":[],"class_list":{"0":"post-10514","1":"product","2":"type-product","3":"status-publish","4":"has-post-thumbnail","6":"product_cat-hobelmesser-fuer-ferm","7":"product_cat-hobelmesser-nach-marken","8":"product_cat-fuer-hobel-ferm-ppm1010-650-w","10":"first","11":"instock","12":"taxable","13":"shipping-taxable","14":"product-type-variable"},"jetpack_sharing_enabled":true,"_links":{"self":[{"href":"https:\/\/www.helliston.eu\/de\/wp-json\/wp\/v2\/product\/10514","targetHints":{"allow":["GET"]}}],"collection":[{"href":"https:\/\/www.helliston.eu\/de\/wp-json\/wp\/v2\/product"}],"about":[{"href":"https:\/\/www.helliston.eu\/de\/wp-json\/wp\/v2\/types\/product"}],"wp:featuredmedia":[{"embeddable":true,"href":"https:\/\/www.helliston.eu\/de\/wp-json\/wp\/v2\/media\/10667"}],"wp:attachment":[{"href":"https:\/\/www.helliston.eu\/de\/wp-json\/wp\/v2\/media?parent=10514"}],"wp:term":[{"taxonomy":"product_brand","embeddable":true,"href":"https:\/\/www.helliston.eu\/de\/wp-json\/wp\/v2\/product_brand?post=10514"},{"taxonomy":"product_cat","embeddable":true,"href":"https:\/\/www.helliston.eu\/de\/wp-json\/wp\/v2\/product_cat?post=10514"},{"taxonomy":"product_tag","embeddable":true,"href":"https:\/\/www.helliston.eu\/de\/wp-json\/wp\/v2\/product_tag?post=10514"}],"curies":[{"name":"wp","href":"https:\/\/api.w.org\/{rel}","templated":true}]}}