{"id":1198,"date":"2019-03-07T21:24:02","date_gmt":"2019-03-07T21:24:02","guid":{"rendered":"https:\/\/helliston.eu\/product\/hm-vorschneider-wendeplatten-wendemesser-14x14x1-2mm-z4-wolframcarbid-10-st\/"},"modified":"2020-01-13T14:09:47","modified_gmt":"2020-01-13T14:09:47","slug":"hm-vorschneider-wendeplatten-wendemesser-14x14x1-2mm-z4-wolframcarbid-10-st","status":"publish","type":"product","link":"https:\/\/www.helliston.eu\/de\/produkt\/hm-vorschneider-wendeplatten-wendemesser-14x14x1-2mm-z4-wolframcarbid-10-st\/","title":{"rendered":"HM Vorschneider, Wendeplatten, Wendemesser 14x14x1.2mm, Z4, Wolframcarbid, 10 St."},"content":{"rendered":"","protected":false},"excerpt":{"rendered":"<p><strong>Die HM Vorschneider\/ Wendemesser\/ Wendeplatten 14x14x1.2mm<\/strong> sind aus hochwertigem <strong>Hartmetall (Wolframcarbid, H\u00e4rte: 93,6 HRA)<\/strong> hergestellt. Deswegen eignen sie sich besonders gut f\u00fcr HDF, MDF, Spanplatte sowie f\u00fcr Weich- und Hartholz. Dieses Hartmetall ist \u00e4hnlich dem Material KCR08 und hat <span class=\"a-list-item\">bis zu 20% h\u00f6herer Standzeit im Gegensatz zu herk\u00f6mmlichen Hartmetallsorten (wie HC05 etc). F\u00fcr ausf\u00fchrliche Informationen Siehe bitte unten.<\/span><\/p>\n","protected":false},"featured_media":2791,"template":"","meta":[],"product_brand":[],"product_cat":[281],"product_tag":[],"class_list":{"0":"post-1198","1":"product","2":"type-product","3":"status-publish","4":"has-post-thumbnail","6":"product_cat-wendemesser","8":"first","9":"instock","10":"taxable","11":"shipping-taxable","12":"purchasable","13":"product-type-simple"},"jetpack_sharing_enabled":true,"_links":{"self":[{"href":"https:\/\/www.helliston.eu\/de\/wp-json\/wp\/v2\/product\/1198","targetHints":{"allow":["GET"]}}],"collection":[{"href":"https:\/\/www.helliston.eu\/de\/wp-json\/wp\/v2\/product"}],"about":[{"href":"https:\/\/www.helliston.eu\/de\/wp-json\/wp\/v2\/types\/product"}],"wp:featuredmedia":[{"embeddable":true,"href":"https:\/\/www.helliston.eu\/de\/wp-json\/wp\/v2\/media\/2791"}],"wp:attachment":[{"href":"https:\/\/www.helliston.eu\/de\/wp-json\/wp\/v2\/media?parent=1198"}],"wp:term":[{"taxonomy":"product_brand","embeddable":true,"href":"https:\/\/www.helliston.eu\/de\/wp-json\/wp\/v2\/product_brand?post=1198"},{"taxonomy":"product_cat","embeddable":true,"href":"https:\/\/www.helliston.eu\/de\/wp-json\/wp\/v2\/product_cat?post=1198"},{"taxonomy":"product_tag","embeddable":true,"href":"https:\/\/www.helliston.eu\/de\/wp-json\/wp\/v2\/product_tag?post=1198"}],"curies":[{"name":"wp","href":"https:\/\/api.w.org\/{rel}","templated":true}]}}