{"id":1199,"date":"2019-03-07T21:20:45","date_gmt":"2019-03-07T21:20:45","guid":{"rendered":"https:\/\/helliston.eu\/product\/hm-vorschneider-wendeplatten-wendemesser-12x12x1-5mm-z4-wolframcarbid-10-st\/"},"modified":"2022-02-12T00:19:58","modified_gmt":"2022-02-12T00:19:58","slug":"hm-vorschneider-wendeplatten-wendemesser-12x12x1-5mm-z4-wolframcarbid-10-st","status":"publish","type":"product","link":"https:\/\/www.helliston.eu\/de\/produkt\/hm-vorschneider-wendeplatten-wendemesser-12x12x1-5mm-z4-wolframcarbid-10-st\/","title":{"rendered":"HM Vorschneider, Wendeplatten, Wendemesser 12x12x1.5mm, Z4, Wolframcarbid, 10 St."},"content":{"rendered":"","protected":false},"excerpt":{"rendered":"<p><strong>Die HM Vorschneider\/ Wendemesser\/ Wendeplatten 12 x 12 x 1,5<\/strong> sind aus hochwertigem <strong>Hartmetall (Wolframcarbid, H\u00e4rte: 93,6 HRA)<\/strong> hergestellt. Deswegen eignen sie sich besonders gut f\u00fcr HDF, MDF, Spanplatte sowie f\u00fcr Weich- und Hartholz. Dieses Hartmetall ist \u00e4hnlich dem Material KCR08 und hat <span class=\"a-list-item\">bis zu 20% h\u00f6herer Standzeit im Gegensatz zu herk\u00f6mmlichen Hartmetallsorten (wie HC05 etc). F\u00fcr ausf\u00fchrliche Informationen Siehe bitte unten.<\/span><\/p>\n","protected":false},"featured_media":25527,"template":"","meta":[],"product_brand":[],"product_cat":[281],"product_tag":[],"class_list":{"0":"post-1199","1":"product","2":"type-product","3":"status-publish","4":"has-post-thumbnail","6":"product_cat-wendemesser","8":"first","9":"instock","10":"sale","11":"taxable","12":"shipping-taxable","13":"purchasable","14":"product-type-simple"},"jetpack_sharing_enabled":true,"_links":{"self":[{"href":"https:\/\/www.helliston.eu\/de\/wp-json\/wp\/v2\/product\/1199","targetHints":{"allow":["GET"]}}],"collection":[{"href":"https:\/\/www.helliston.eu\/de\/wp-json\/wp\/v2\/product"}],"about":[{"href":"https:\/\/www.helliston.eu\/de\/wp-json\/wp\/v2\/types\/product"}],"wp:featuredmedia":[{"embeddable":true,"href":"https:\/\/www.helliston.eu\/de\/wp-json\/wp\/v2\/media\/25527"}],"wp:attachment":[{"href":"https:\/\/www.helliston.eu\/de\/wp-json\/wp\/v2\/media?parent=1199"}],"wp:term":[{"taxonomy":"product_brand","embeddable":true,"href":"https:\/\/www.helliston.eu\/de\/wp-json\/wp\/v2\/product_brand?post=1199"},{"taxonomy":"product_cat","embeddable":true,"href":"https:\/\/www.helliston.eu\/de\/wp-json\/wp\/v2\/product_cat?post=1199"},{"taxonomy":"product_tag","embeddable":true,"href":"https:\/\/www.helliston.eu\/de\/wp-json\/wp\/v2\/product_tag?post=1199"}],"curies":[{"name":"wp","href":"https:\/\/api.w.org\/{rel}","templated":true}]}}