{"id":1200,"date":"2019-03-07T21:20:14","date_gmt":"2019-03-07T21:20:14","guid":{"rendered":"https:\/\/helliston.eu\/product\/hm-vorschneider-wendeplatten-wendemesser-14x14x20mm-30-z4-wolframcarbid-passend-auch-zu-metabo-lf-724-s-lackfrase-10-st\/"},"modified":"2020-06-25T15:39:25","modified_gmt":"2020-06-25T15:39:25","slug":"hm-vorschneider-wendeplatten-wendemesser-14x14x20mm-30-z4-wolframcarbid-passend-auch-zu-metabo-lf-724-s-lackfrase-10-st","status":"publish","type":"product","link":"https:\/\/www.helliston.eu\/de\/produkt\/hm-vorschneider-wendeplatten-wendemesser-14x14x20mm-30-z4-wolframcarbid-passend-auch-zu-metabo-lf-724-s-lackfrase-10-st\/","title":{"rendered":"HM Vorschneider, Wendeplatten, Wendemesser 14x14x2,0mm, 30\u00b0, Z4, Wolframcarbid, (passend auch zu Metabo LF 724 S Lackfr\u00e4se) 10 St."},"content":{"rendered":"","protected":false},"excerpt":{"rendered":"<p><strong>Die HM Vorschneider\/ Wendemesser\/ Wendeplatten 14x14x2.0mm<\/strong> sind aus hochwertigem <strong>Hartmetall (Wolframcarbid, H\u00e4rte: 93,6 HRA)<\/strong> hergestellt. Deswegen eignen sie sich besonders gut f\u00fcr HDF, MDF, Spanplatte sowie f\u00fcr Weich- und Hartholz. Dieses Hartmetall ist \u00e4hnlich dem Material KCR08 und hat <span class=\"a-list-item\">bis zu 20% h\u00f6herer Standzeit im Gegensatz zu herk\u00f6mmlichen Hartmetallsorten (wie HC05 etc). F\u00fcr ausf\u00fchrliche Informationen Siehe bitte unten.<\/span><\/p>\n","protected":false},"featured_media":25562,"template":"","meta":[],"product_brand":[],"product_cat":[281],"product_tag":[],"class_list":{"0":"post-1200","1":"product","2":"type-product","3":"status-publish","4":"has-post-thumbnail","6":"product_cat-wendemesser","8":"first","9":"instock","10":"sale","11":"taxable","12":"shipping-taxable","13":"purchasable","14":"product-type-simple"},"jetpack_sharing_enabled":true,"_links":{"self":[{"href":"https:\/\/www.helliston.eu\/de\/wp-json\/wp\/v2\/product\/1200","targetHints":{"allow":["GET"]}}],"collection":[{"href":"https:\/\/www.helliston.eu\/de\/wp-json\/wp\/v2\/product"}],"about":[{"href":"https:\/\/www.helliston.eu\/de\/wp-json\/wp\/v2\/types\/product"}],"wp:featuredmedia":[{"embeddable":true,"href":"https:\/\/www.helliston.eu\/de\/wp-json\/wp\/v2\/media\/25562"}],"wp:attachment":[{"href":"https:\/\/www.helliston.eu\/de\/wp-json\/wp\/v2\/media?parent=1200"}],"wp:term":[{"taxonomy":"product_brand","embeddable":true,"href":"https:\/\/www.helliston.eu\/de\/wp-json\/wp\/v2\/product_brand?post=1200"},{"taxonomy":"product_cat","embeddable":true,"href":"https:\/\/www.helliston.eu\/de\/wp-json\/wp\/v2\/product_cat?post=1200"},{"taxonomy":"product_tag","embeddable":true,"href":"https:\/\/www.helliston.eu\/de\/wp-json\/wp\/v2\/product_tag?post=1200"}],"curies":[{"name":"wp","href":"https:\/\/api.w.org\/{rel}","templated":true}]}}