{"id":13051,"date":"2022-08-22T11:48:33","date_gmt":"2022-08-22T11:48:34","guid":{"rendered":"https:\/\/helliston.eu\/?post_type=product&#038;p=13051"},"modified":"2023-03-11T18:15:52","modified_gmt":"2023-03-11T18:15:52","slug":"hss-hobelmesser-fuer-blackdecker-dn75-75x12x15mm-2-st","status":"publish","type":"product","link":"https:\/\/helliston.eu\/de\/produkt\/hss-hobelmesser-fuer-blackdecker-dn75-75x12x15mm-2-st\/","title":{"rendered":"Hobelmesser f\u00fcr Black&#038;Decker DN75, HSS, 75x12x1,5mm, 2 St."},"content":{"rendered":"","protected":false},"excerpt":{"rendered":"<p><strong>HSS Hobelmesser f\u00fcr Black&amp;Decker DN75, 75x12x1,5mm.<\/strong> 2 St.\/Pack. Hergestellt aus langlebigem HSS Schnellarbeitsstahl (H\u00e4rte nach Rockwell: 63+HRC). Besonders geeignet f\u00fcr Weichholz, aber auch f\u00fcr Hartholz. Die Hobelmesser sind nachsch\u00e4rfbar. Alle weiteren Informationen finden Sie unten<\/p>\n","protected":false},"featured_media":25469,"template":"","meta":[],"product_brand":[],"product_cat":[202,905,2047],"product_tag":[],"class_list":{"0":"post-13051","1":"product","2":"type-product","3":"status-publish","4":"has-post-thumbnail","6":"product_cat-56mm-755mm-805mm-bosch-gho-12v-20-adler-bh-556-hoffmann-bh-556-wegoma-ap98-aeg-450-dewalt-dw676k-elu-mff40-mf8f80-mff81-de","7":"product_cat-hobelmesser-fuer-black-decker","8":"product_cat-fuer-hobel-black-decker-dn75","10":"first","11":"instock","12":"taxable","13":"shipping-taxable","14":"purchasable","15":"product-type-simple"},"jetpack_sharing_enabled":true,"_links":{"self":[{"href":"https:\/\/helliston.eu\/de\/wp-json\/wp\/v2\/product\/13051","targetHints":{"allow":["GET"]}}],"collection":[{"href":"https:\/\/helliston.eu\/de\/wp-json\/wp\/v2\/product"}],"about":[{"href":"https:\/\/helliston.eu\/de\/wp-json\/wp\/v2\/types\/product"}],"wp:featuredmedia":[{"embeddable":true,"href":"https:\/\/helliston.eu\/de\/wp-json\/wp\/v2\/media\/25469"}],"wp:attachment":[{"href":"https:\/\/helliston.eu\/de\/wp-json\/wp\/v2\/media?parent=13051"}],"wp:term":[{"taxonomy":"product_brand","embeddable":true,"href":"https:\/\/helliston.eu\/de\/wp-json\/wp\/v2\/product_brand?post=13051"},{"taxonomy":"product_cat","embeddable":true,"href":"https:\/\/helliston.eu\/de\/wp-json\/wp\/v2\/product_cat?post=13051"},{"taxonomy":"product_tag","embeddable":true,"href":"https:\/\/helliston.eu\/de\/wp-json\/wp\/v2\/product_tag?post=13051"}],"curies":[{"name":"wp","href":"https:\/\/api.w.org\/{rel}","templated":true}]}}