{"id":16654,"date":"2023-03-31T20:24:22","date_gmt":"2023-03-31T20:24:23","guid":{"rendered":"https:\/\/helliston.eu\/?post_type=product&#038;p=16654"},"modified":"2023-03-31T21:15:09","modified_gmt":"2023-03-31T21:15:09","slug":"hobelmesser-fuer-holzmann-ehh110-110mm","status":"publish","type":"product","link":"https:\/\/www.helliston.eu\/de\/produkt\/hobelmesser-fuer-holzmann-ehh110-110mm\/","title":{"rendered":"Hobelmesser f\u00fcr Holzmann EHH110, 110mm"},"content":{"rendered":"","protected":false},"excerpt":{"rendered":"<p>Hobelmesser f\u00fcr Holzmann EHH110, 110 x 5,5 x 1,1mm.<\/p>\n<ul>\n<li>HSS = f\u00fcr Weichholz, glattere Oberfl\u00e4che und sch\u00e4rfer als TCT-Wendemesser<\/li>\n<li>TCT = f\u00fcr Weich- und Hartholz und h\u00e4lt bis zu 5-mal l\u00e4nger als herk\u00f6mmliche HSS-Hobelmesser<\/li>\n<\/ul>\n<p>Alle weiteren Informationen finden Sie unten.<\/p>\n<p>***Verpackungen sind aus Hartkarton und ganz ohne Plastik.<\/p>\n","protected":false},"featured_media":16863,"template":"","meta":[],"product_brand":[],"product_cat":[216,3192,818,933],"product_tag":[],"class_list":{"0":"post-16654","1":"product","2":"type-product","3":"status-publish","4":"has-post-thumbnail","6":"product_cat-110mm-155mm-170mm-fuer-makita-1911b-1002ba-1805-1805b-1805n-1806-1806b-de","7":"product_cat-fuer-hobel-holzmann-ehh110","8":"product_cat-hobelmesser-nach-marken","9":"product_cat-hobelmesser-fuer-holzmann","11":"first","12":"instock","13":"taxable","14":"shipping-taxable","15":"purchasable","16":"product-type-variable"},"jetpack_sharing_enabled":true,"_links":{"self":[{"href":"https:\/\/www.helliston.eu\/de\/wp-json\/wp\/v2\/product\/16654","targetHints":{"allow":["GET"]}}],"collection":[{"href":"https:\/\/www.helliston.eu\/de\/wp-json\/wp\/v2\/product"}],"about":[{"href":"https:\/\/www.helliston.eu\/de\/wp-json\/wp\/v2\/types\/product"}],"wp:featuredmedia":[{"embeddable":true,"href":"https:\/\/www.helliston.eu\/de\/wp-json\/wp\/v2\/media\/16863"}],"wp:attachment":[{"href":"https:\/\/www.helliston.eu\/de\/wp-json\/wp\/v2\/media?parent=16654"}],"wp:term":[{"taxonomy":"product_brand","embeddable":true,"href":"https:\/\/www.helliston.eu\/de\/wp-json\/wp\/v2\/product_brand?post=16654"},{"taxonomy":"product_cat","embeddable":true,"href":"https:\/\/www.helliston.eu\/de\/wp-json\/wp\/v2\/product_cat?post=16654"},{"taxonomy":"product_tag","embeddable":true,"href":"https:\/\/www.helliston.eu\/de\/wp-json\/wp\/v2\/product_tag?post=16654"}],"curies":[{"name":"wp","href":"https:\/\/api.w.org\/{rel}","templated":true}]}}