{"id":18125,"date":"2023-04-02T06:42:56","date_gmt":"2023-04-02T06:42:57","guid":{"rendered":"https:\/\/helliston.eu\/?post_type=product&#038;p=18125"},"modified":"2023-04-02T08:26:51","modified_gmt":"2023-04-02T08:26:51","slug":"hobelmesser-fuer-blackdecker-dn750-bd750-755mm","status":"publish","type":"product","link":"https:\/\/www.helliston.eu\/de\/produkt\/hobelmesser-fuer-blackdecker-dn750-bd750-755mm\/","title":{"rendered":"Hobelmesser f\u00fcr Black&amp;Decker DN750, BD750, 75,5mm"},"content":{"rendered":"","protected":false},"excerpt":{"rendered":"<p>Hobelmesser f\u00fcr Black&amp;Decker B&amp;D DN 750, BD 750, 75,5 x 5,5 x 1,1mm. 5 Satz = 10 Wendemesser.<\/p>\n<ul>\n<li>HSS = f\u00fcr Weichholz, glattere Oberfl\u00e4che und sch\u00e4rfer als TCT-Wendemesser<\/li>\n<li>TCT = f\u00fcr Weich- und Hartholz und h\u00e4lt bis zu 5-mal l\u00e4nger als herk\u00f6mmliche HSS-Hobelmesser<\/li>\n<\/ul>\n<p>Alle weiteren Informationen finden Sie unten.<\/p>\n","protected":false},"featured_media":18652,"template":"","meta":[],"product_brand":[],"product_cat":[3575,3574,905,818],"product_tag":[],"class_list":{"0":"post-18125","1":"product","2":"type-product","3":"status-publish","4":"has-post-thumbnail","6":"product_cat-bd750-de","7":"product_cat-dn750-de","8":"product_cat-hobelmesser-fuer-black-decker","9":"product_cat-hobelmesser-nach-marken","11":"first","12":"instock","13":"taxable","14":"shipping-taxable","15":"purchasable","16":"product-type-variable"},"jetpack_sharing_enabled":true,"_links":{"self":[{"href":"https:\/\/www.helliston.eu\/de\/wp-json\/wp\/v2\/product\/18125","targetHints":{"allow":["GET"]}}],"collection":[{"href":"https:\/\/www.helliston.eu\/de\/wp-json\/wp\/v2\/product"}],"about":[{"href":"https:\/\/www.helliston.eu\/de\/wp-json\/wp\/v2\/types\/product"}],"wp:featuredmedia":[{"embeddable":true,"href":"https:\/\/www.helliston.eu\/de\/wp-json\/wp\/v2\/media\/18652"}],"wp:attachment":[{"href":"https:\/\/www.helliston.eu\/de\/wp-json\/wp\/v2\/media?parent=18125"}],"wp:term":[{"taxonomy":"product_brand","embeddable":true,"href":"https:\/\/www.helliston.eu\/de\/wp-json\/wp\/v2\/product_brand?post=18125"},{"taxonomy":"product_cat","embeddable":true,"href":"https:\/\/www.helliston.eu\/de\/wp-json\/wp\/v2\/product_cat?post=18125"},{"taxonomy":"product_tag","embeddable":true,"href":"https:\/\/www.helliston.eu\/de\/wp-json\/wp\/v2\/product_tag?post=18125"}],"curies":[{"name":"wp","href":"https:\/\/api.w.org\/{rel}","templated":true}]}}