{"id":20480,"date":"2023-04-02T17:29:37","date_gmt":"2023-04-02T18:17:13","guid":{"rendered":"https:\/\/helliston.eu\/product\/hobelmesser-fuer-makita-1901-1902-82-x-29-x-3mm\/"},"modified":"2023-04-02T18:30:19","modified_gmt":"2023-04-02T18:30:19","slug":"hm-hw-tct-hss-hobelmesser-fuer-makita-1901-1902-82-x-29-x-3mm","status":"publish","type":"product","link":"https:\/\/www.helliston.eu\/de\/produkt\/hm-hw-tct-hss-hobelmesser-fuer-makita-1901-1902-82-x-29-x-3mm\/","title":{"rendered":"Hobelmesser f\u00fcr Makita 1901, 1902, 82 x 29 x 3mm"},"content":{"rendered":"","protected":false},"excerpt":{"rendered":"<p>Hobelmesser f\u00fcr Makita 1901, 1902, 82 x 29 x 1,1mm. NACHSCHLEIFBAR. 1 Satz = 2 Hobelmesser.<\/p>\n<ul>\n<li>HSS = f\u00fcr Weichholz, glattere Oberfl\u00e4che und sch\u00e4rfer als TCT-Wendemesser<\/li>\n<li>TCT = f\u00fcr Weich- und Hartholz und h\u00e4lt bis zu 5-mal l\u00e4nger als herk\u00f6mmliche HSS-Hobelmesser<\/li>\n<\/ul>\n<p>Alle weiteren Informationen finden Sie unten.<\/p>\n","protected":false},"featured_media":20131,"template":"","meta":[],"product_brand":[],"product_cat":[2338,818,942],"product_tag":[],"class_list":{"0":"post-20480","1":"product","2":"type-product","3":"status-publish","4":"has-post-thumbnail","6":"product_cat-hobelmesser-fuer-hobel-makita-1901","7":"product_cat-hobelmesser-nach-marken","8":"product_cat-hobelmesser-fuer-makita","10":"first","11":"instock","12":"taxable","13":"shipping-taxable","14":"purchasable","15":"product-type-variable"},"jetpack_sharing_enabled":true,"_links":{"self":[{"href":"https:\/\/www.helliston.eu\/de\/wp-json\/wp\/v2\/product\/20480","targetHints":{"allow":["GET"]}}],"collection":[{"href":"https:\/\/www.helliston.eu\/de\/wp-json\/wp\/v2\/product"}],"about":[{"href":"https:\/\/www.helliston.eu\/de\/wp-json\/wp\/v2\/types\/product"}],"wp:featuredmedia":[{"embeddable":true,"href":"https:\/\/www.helliston.eu\/de\/wp-json\/wp\/v2\/media\/20131"}],"wp:attachment":[{"href":"https:\/\/www.helliston.eu\/de\/wp-json\/wp\/v2\/media?parent=20480"}],"wp:term":[{"taxonomy":"product_brand","embeddable":true,"href":"https:\/\/www.helliston.eu\/de\/wp-json\/wp\/v2\/product_brand?post=20480"},{"taxonomy":"product_cat","embeddable":true,"href":"https:\/\/www.helliston.eu\/de\/wp-json\/wp\/v2\/product_cat?post=20480"},{"taxonomy":"product_tag","embeddable":true,"href":"https:\/\/www.helliston.eu\/de\/wp-json\/wp\/v2\/product_tag?post=20480"}],"curies":[{"name":"wp","href":"https:\/\/api.w.org\/{rel}","templated":true}]}}