{"id":8306,"date":"2021-01-02T13:16:31","date_gmt":"2021-01-02T13:16:32","guid":{"rendered":"https:\/\/helliston.eu\/?post_type=product&#038;p=8306"},"modified":"2023-03-30T13:41:25","modified_gmt":"2023-03-30T13:41:25","slug":"hobelmesser-fuer-dewalt-dw733-dw7332-dw733-qs-typ-2-hss-318x19x3mm","status":"publish","type":"product","link":"https:\/\/www.helliston.eu\/de\/produkt\/hobelmesser-fuer-dewalt-dw733-dw7332-dw733-qs-typ-2-hss-318x19x3mm\/","title":{"rendered":"Hobelmesser f\u00fcr Dewalt DW733, DW7332, DW733-QS TYP 2, HSS, 318x19x3mm"},"content":{"rendered":"","protected":false},"excerpt":{"rendered":"<p>HSS Hobelmesser f\u00fcr Dickenhobel Dewalt DW733, DW7332, DW733-QS TYP 2, 318 x 19 x 3mm. 2 Hobelmesser\/Packung. Hergestellt aus langlebigem HSS-Schnellarbeitsstahl (H\u00e4rte nach Rockwell: 63-64 HRC). Die Hobelmesser sind nachsch\u00e4rfbar. Alle weiteren Informationen finden Sie unten.<\/p>\n<p><span style=\"color: #0000ff;\">Bitte pr\u00fcfen Sie vor der Bestellung die Produktfotos und Ihre alten Hobelmesser! Es gibt 2 Typen von Dewalt DW733 Hobelmaschinen. Ein Hobel ben\u00f6tigt die 317x25x3mm Hobelmesser (mit 8 L\u00f6chern), der andere Hobel ben\u00f6tigt 318x19x3mm Hobelmesser (mit 2 L\u00f6chern).<\/span><\/p>\n","protected":false},"featured_media":9478,"template":"","meta":[],"product_brand":[],"product_cat":[3441,516,915,2173,280],"product_tag":[],"class_list":{"0":"post-8306","1":"product","2":"type-product","3":"status-publish","4":"has-post-thumbnail","6":"product_cat-dw733-qs-de","7":"product_cat-318-mm-fuer-dewalt-dw733-dw7332-qs-ryobi-rap-1500g-etc","8":"product_cat-hobelmesser-fuer-dewalt","9":"product_cat-fuer-abricht-dickenhobel-dewalt-dw733-dw7332-dw7330-dw733s-260-317-318mm","10":"product_cat-hobelmesser","12":"first","13":"outofstock","14":"taxable","15":"shipping-taxable","16":"purchasable","17":"product-type-simple"},"jetpack_sharing_enabled":true,"_links":{"self":[{"href":"https:\/\/www.helliston.eu\/de\/wp-json\/wp\/v2\/product\/8306","targetHints":{"allow":["GET"]}}],"collection":[{"href":"https:\/\/www.helliston.eu\/de\/wp-json\/wp\/v2\/product"}],"about":[{"href":"https:\/\/www.helliston.eu\/de\/wp-json\/wp\/v2\/types\/product"}],"wp:featuredmedia":[{"embeddable":true,"href":"https:\/\/www.helliston.eu\/de\/wp-json\/wp\/v2\/media\/9478"}],"wp:attachment":[{"href":"https:\/\/www.helliston.eu\/de\/wp-json\/wp\/v2\/media?parent=8306"}],"wp:term":[{"taxonomy":"product_brand","embeddable":true,"href":"https:\/\/www.helliston.eu\/de\/wp-json\/wp\/v2\/product_brand?post=8306"},{"taxonomy":"product_cat","embeddable":true,"href":"https:\/\/www.helliston.eu\/de\/wp-json\/wp\/v2\/product_cat?post=8306"},{"taxonomy":"product_tag","embeddable":true,"href":"https:\/\/www.helliston.eu\/de\/wp-json\/wp\/v2\/product_tag?post=8306"}],"curies":[{"name":"wp","href":"https:\/\/api.w.org\/{rel}","templated":true}]}}