{"id":1305,"date":"2019-03-03T18:21:31","date_gmt":"2019-03-03T18:21:31","guid":{"rendered":"https:\/\/helliston.eu\/payment-methods\/"},"modified":"2020-07-01T11:41:25","modified_gmt":"2020-07-01T11:41:25","slug":"makseviisid","status":"publish","type":"page","link":"https:\/\/helliston.eu\/et\/makseviisid\/","title":{"rendered":"Makseviisid"},"content":{"rendered":"<div class=\"row row-collapse row-full-width align-middle align-center\"  id=\"row-572896199\">\n\n\t<div id=\"col-356727426\" class=\"col medium-8 small-8 large-8\"  >\n\t\t\t\t<div class=\"col-inner\"  >\n\t\t\t\n\t\t\t\n<div class=\"row row-large align-middle align-center\"  id=\"row-1484059821\">\n\n\t<div id=\"col-420688202\" class=\"col medium-8 small-12 large-10\"  >\n\t\t\t\t<div class=\"col-inner text-center box-shadow-2 box-shadow-5-hover\" style=\"background-color:rgb(255,255,255);\" >\n\t\t\t\n\t\t\t\n<h2 style=\"text-align: center;\">Hetkel saab maksta:<\/h2>\n<div class=\"row row-collapse align-middle\"  id=\"row-1878169590\">\n\n\t<div id=\"col-1538134885\" class=\"col medium-3 small-12 large-3\"  >\n\t\t\t\t<div class=\"col-inner text-center\" style=\"background-color:rgb(255,255,255);\" >\n\t\t\t\n\t\t\t\n<div class=\"ux-logo has-hover align-middle ux_logo inline-block\" style=\"max-width: 100%!important; width: 121.391941392px!important\"><div class=\"ux-logo-link block image-\" title=\"\" href=\"\" style=\"padding: 15px;\"><img decoding=\"async\" src=\"https:\/\/helliston.eu\/wp-content\/uploads\/2019\/03\/SepaLogo2-1.png\" title=\"\" alt=\"\" class=\"ux-logo-image block\" style=\"height:25px;\" \/><\/div><\/div>\n\t\t<\/div>\n\t\t\t\t\t<\/div>\n\n\t\n\n\t<div id=\"col-1161864025\" class=\"col medium-3 small-12 large-4\"  >\n\t\t\t\t<div class=\"col-inner text-center\" style=\"background-color:rgb(255,255,255);\" >\n\t\t\t\n\t\t\t\n<div class=\"ux-logo has-hover align-middle ux_logo inline-block\" style=\"max-width: 100%!important; width: 169.802816901px!important\"><div class=\"ux-logo-link block image-\" title=\"\" href=\"\" style=\"padding: 15px;\"><img decoding=\"async\" src=\"https:\/\/helliston.eu\/wp-content\/uploads\/2019\/03\/visa-master-logo-png-.png\" title=\"\" alt=\"\" class=\"ux-logo-image block\" style=\"height:35px;\" \/><\/div><\/div>\n\t\t<\/div>\n\t\t\t\t\t<\/div>\n\n\t\n\n\t<div id=\"col-1202659555\" class=\"col medium-2 small-12 large-2\"  >\n\t\t\t\t<div class=\"col-inner text-center\" style=\"background-color:rgb(255,255,255);\" >\n\t\t\t\n\t\t\t\n<div class=\"ux-logo has-hover align-middle ux_logo inline-block\" style=\"max-width: 100%!important; width: 171.957236842px!important\"><div class=\"ux-logo-link block image-\" title=\"\" href=\"\" style=\"padding: 15px;\"><img decoding=\"async\" src=\"https:\/\/helliston.eu\/wp-content\/uploads\/2019\/03\/Paysera_logotype_internet.png\" title=\"\" alt=\"\" class=\"ux-logo-image block\" style=\"height:30px;\" \/><\/div><\/div>\n\t\t<\/div>\n\t\t\t\t\t<\/div>\n\n\t\n\n\t<div id=\"col-1117225015\" class=\"col medium-3 small-12 large-3\"  >\n\t\t\t\t<div class=\"col-inner text-center\" style=\"background-color:rgb(255,255,255);\" >\n\t\t\t\n\t\t\t\n<div class=\"ux-logo has-hover align-middle ux_logo inline-block\" style=\"max-width: 100%!important; width: 130px!important\"><div class=\"ux-logo-link block image-\" title=\"\" href=\"\" style=\"padding: 15px;\"><img decoding=\"async\" src=\"https:\/\/helliston.eu\/wp-content\/uploads\/2019\/03\/Paypal-logo-1.png\" title=\"\" alt=\"\" class=\"ux-logo-image block\" style=\"height:50px;\" \/><\/div><\/div>\n\t\t<\/div>\n\t\t\t\t\t<\/div>\n\n\t\n<\/div>\n\t\t<\/div>\n\t\t\t\t\n<style>\n#col-420688202 > .col-inner {\n  padding: 0px 0px 0px 0px;\n}\n<\/style>\n\t<\/div>\n\n\t\n<\/div>\n\t\t<\/div>\n\t\t\t\t\t<\/div>\n\n\t\n<\/div>\n\n\t<section class=\"section\" id=\"section_2034473545\">\n\t\t<div class=\"section-bg fill\" >\n\t\t\t\t\t\t\t\t\t\n\t\t\t\n\n\t\t<\/div>\n\n\t\t\n\n\t\t<div class=\"section-content relative\">\n\t\t\t\n<div class=\"row row-collapse row-full-width align-equal align-center\"  id=\"row-627943643\">\n\n\t<div id=\"col-676668801\" class=\"col medium-3 small-12 large-3\"  >\n\t\t\t\t<div class=\"col-inner\"  >\n\t\t\t\n\t\t\t\n<div class=\"container section-title-container\" ><h3 class=\"section-title section-title-normal\"><b aria-hidden=\"true\"><\/b><span class=\"section-title-main\" >\u00dcldtingimused<\/span><b aria-hidden=\"true\"><\/b><\/h3><\/div>\n\t\t<\/div>\n\t\t\t\t\t<\/div>\n\n\t\n\n\t<div id=\"col-803979079\" class=\"col medium-8 small-12 large-8\"  >\n\t\t\t\t<div class=\"col-inner\"  >\n\t\t\t\n\t\t\t\n<ul>\n<li>\u00dcldjuhul on arve tasumise aluseks ettemaks meie pangakontole.<\/li>\n<li>Me t\u00e4idame tellimuse 24 tunni jooksul p\u00e4rast makse laekumist meie pangakontole.<\/li>\n<\/ul>\n\t\t<\/div>\n\t\t\t\t\t<\/div>\n\n\t\n<\/div>\n\t\t<\/div>\n\n\t\t\n<style>\n#section_2034473545 {\n  padding-top: 30px;\n  padding-bottom: 30px;\n}\n<\/style>\n\t<\/section>\n\t\n\n\t<section class=\"section\" id=\"section_691157567\">\n\t\t<div class=\"section-bg fill\" >\n\t\t\t\t\t\t\t\t\t\n\t\t\t\n\n\t\t<\/div>\n\n\t\t\n\n\t\t<div class=\"section-content relative\">\n\t\t\t\n<div class=\"row row-collapse row-full-width align-equal align-center\"  id=\"row-1489108023\">\n\n\t<div id=\"col-411581761\" class=\"col medium-3 small-12 large-3\"  >\n\t\t\t\t<div class=\"col-inner\"  >\n\t\t\t\n\t\t\t\n<div class=\"container section-title-container\" ><h3 class=\"section-title section-title-normal\"><b aria-hidden=\"true\"><\/b><span class=\"section-title-main\" >makseviisid<\/span><b aria-hidden=\"true\"><\/b><\/h3><\/div>\n\t\t<\/div>\n\t\t\t\t\t<\/div>\n\n\t\n\n\t<div id=\"col-2013655994\" class=\"col medium-8 small-12 large-8\"  >\n\t\t\t\t<div class=\"col-inner\"  >\n\t\t\t\n\t\t\t\n<ul>\n<li>Ettemakse panga\u00fclekandega (SEPA)<\/li>\n<li>Ettemaks pangalinkidega Paysera s\u00fcsteemi kaudu (SEB, Swedpank, Luminor, LHV, Coop, Pocopay, Liisi ID)<\/li>\n<li>Ettemaks Paypaliga<\/li>\n<li>Ettemaks VISA\/ MASTER krediit- v\u00f5i deebetkaardiga (Eesti-sisene makse pangalinkide kaudu, v\u00e4lismaine makse PayPali kaudu)<\/li>\n<li>Sularahas kontoris kohapeal (eelnevalt palume kokkuleppida, sest meie kontoril ei ole kindlat lahtiolekuaega)<\/li>\n<li>Arve alusel p\u00fcsiklientidele<\/li>\n<\/ul>\n\t\t<\/div>\n\t\t\t\t\t<\/div>\n\n\t\n<\/div>\n\t<div id=\"gap-1046578821\" class=\"gap-element clearfix\" style=\"display:block; height:auto;\">\n\t\t\n<style>\n#gap-1046578821 {\n  padding-top: 30px;\n}\n<\/style>\n\t<\/div>\n\t\n<div class=\"row row-collapse row-full-width align-equal align-center\"  id=\"row-2022294967\">\n\n\t<div id=\"col-1406620473\" class=\"col medium-3 small-12 large-3\"  >\n\t\t\t\t<div class=\"col-inner text-center\"  >\n\t\t\t\n\t\t\t\n<div class=\"container section-title-container\" ><h3 class=\"section-title section-title-normal\"><b aria-hidden=\"true\"><\/b><span class=\"section-title-main\" >Panga\u00fclekanne<\/span><b aria-hidden=\"true\"><\/b><\/h3><\/div>\n<div class=\"ux-logo has-hover align-middle ux_logo inline-block\" style=\"max-width: 100%!important; width: 157.948717949px!important\"><div class=\"ux-logo-link block image-\" title=\"\" href=\"\" style=\"padding: 15px;\"><img decoding=\"async\" src=\"https:\/\/helliston.eu\/wp-content\/uploads\/2019\/03\/SepaLogo2-1.png\" title=\"\" alt=\"\" class=\"ux-logo-image block\" style=\"height:35px;\" \/><\/div><\/div>\n\t\t<\/div>\n\t\t\t\t\t<\/div>\n\n\t\n\n\t<div id=\"col-615046585\" class=\"col medium-8 small-12 large-8\"  >\n\t\t\t\t<div class=\"col-inner\"  >\n\t\t\t\n\t\t\t\n<ul>\n<li>Kui oled kassas valinud makseviisiks panga\u00fclekande (SEPA), kl\u00f5psa kastile &#8220;Esita tellimus&#8221;<\/li>\n<li>P\u00e4rast tellimuse esitamist saadetakse Sulle meili teel automaatselt ettemaksuarve ning kviitung ostu sooritamise kohta koos pangakontonumbriga, millele palume teha \u00fclekande j\u00e4rgneva 3 p\u00e4eva jooksul.<\/li>\n<li>Viitenumbrina palume m\u00e4rkida oma nime ja tellimusenumbri, mille leiad saadetud e-mailist ja ettemaksuarvelt.<\/li>\n<\/ul>\n\t\t<\/div>\n\t\t\t\t\t<\/div>\n\n\t\n<\/div>\n\t<div id=\"gap-1809050745\" class=\"gap-element clearfix\" style=\"display:block; height:auto;\">\n\t\t\n<style>\n#gap-1809050745 {\n  padding-top: 30px;\n}\n<\/style>\n\t<\/div>\n\t\n<div class=\"row row-collapse row-full-width align-equal align-center\"  id=\"row-395473659\">\n\n\t<div id=\"col-647263492\" class=\"col medium-3 small-12 large-3\"  >\n\t\t\t\t<div class=\"col-inner text-center\"  >\n\t\t\t\n\t\t\t\n<div class=\"container section-title-container\" ><h3 class=\"section-title section-title-normal\"><b aria-hidden=\"true\"><\/b><span class=\"section-title-main\" >paysera<\/span><b aria-hidden=\"true\"><\/b><\/h3><\/div>\n<div class=\"ux-logo has-hover align-middle ux_logo inline-block\" style=\"max-width: 100%!important; width: 195.616776316px!important\"><div class=\"ux-logo-link block image-\" title=\"\" href=\"\" style=\"padding: 15px;\"><img decoding=\"async\" src=\"https:\/\/helliston.eu\/wp-content\/uploads\/2019\/03\/Paysera_logotype_internet.png\" title=\"\" alt=\"\" class=\"ux-logo-image block\" style=\"height:35px;\" \/><\/div><\/div>\n\t\t<\/div>\n\t\t\t\t\t<\/div>\n\n\t\n\n\t<div id=\"col-1144986857\" class=\"col medium-8 small-12 large-8\"  >\n\t\t\t\t<div class=\"col-inner\"  >\n\t\t\t\n\t\t\t\n<ul>\n<li>Paysera kaudu saab maksta nii Eest kui ka teiste EL-i maade pangalinkidega.<\/li>\n<li>Kui oled otsustanud maksta Paysera kaudu, siis kl\u00f5psa kassas kastil &#8221; &#8220;.<\/li>\n<li>P\u00e4rast seda juhatab meie e-pood Sind maksesooritamiseks otse Paysera kodulehele.<\/li>\n<li>Makse sooritamiseks j\u00e4lgi Paysera poolt etteantud samme.<\/li>\n<li>P\u00e4rast arve tasumist kl\u00f5psa kastil &#8220;Tagasi kaupmehe juurde&#8221; ja Sind suunatakse tagasi meie veebilehele.<\/li>\n<li>Makse sooritamisest saadetakse Sulle automaatselt vastavasisuline e-mail.<\/li>\n<\/ul>\n\t\t<\/div>\n\t\t\t\t\t<\/div>\n\n\t\n<\/div>\n\t<div id=\"gap-1084571813\" class=\"gap-element clearfix\" style=\"display:block; height:auto;\">\n\t\t\n<style>\n#gap-1084571813 {\n  padding-top: 30px;\n}\n<\/style>\n\t<\/div>\n\t\n<div class=\"row row-collapse row-full-width align-equal align-center\"  id=\"row-206142389\">\n\n\t<div id=\"col-300199436\" class=\"col medium-3 small-12 large-3\"  >\n\t\t\t\t<div class=\"col-inner text-center\"  >\n\t\t\t\n\t\t\t\n<div class=\"container section-title-container\" ><h3 class=\"section-title section-title-normal\"><b aria-hidden=\"true\"><\/b><span class=\"section-title-main\" >paypal<\/span><b aria-hidden=\"true\"><\/b><\/h3><\/div>\n<div class=\"ux-logo has-hover align-middle ux_logo inline-block\" style=\"max-width: 100%!important; width: 130px!important\"><div class=\"ux-logo-link block image-\" title=\"\" href=\"\" style=\"padding: 15px;\"><img decoding=\"async\" src=\"https:\/\/helliston.eu\/wp-content\/uploads\/2019\/03\/Paypal-logo-1.png\" title=\"\" alt=\"\" class=\"ux-logo-image block\" style=\"height:50px;\" \/><\/div><\/div>\n\t\t<\/div>\n\t\t\t\t\t<\/div>\n\n\t\n\n\t<div id=\"col-1745362473\" class=\"col medium-8 small-12 large-8\"  >\n\t\t\t\t<div class=\"col-inner\"  >\n\t\t\t\n\t\t\t\n<ul>\n<li>Kui Sa oled otsustanud maksta PayPaliga, siis kl\u00f5psa kastil &#8220;Mine edasi PayPali&#8221;<\/li>\n<li>P\u00e4rast seda juhatab meie e-pood Sind maksesooritamiseks Paypali veebilehele.<\/li>\n<li>Makse sooritamiseks j\u00e4lgi Paypali poolt etteantud samme.<\/li>\n<li>P\u00e4rast makse sooritamist suunatakse Sind automaatselt tagasi meie veebilehele.<\/li>\n<li>Makse sooritamisest saadetakse Sulle automaatselt vastavasisuline e-mail.<\/li>\n<\/ul>\n\t\t<\/div>\n\t\t\t\t\t<\/div>\n\n\t\n<\/div>\n\t<div id=\"gap-1396334649\" class=\"gap-element clearfix\" style=\"display:block; height:auto;\">\n\t\t\n<style>\n#gap-1396334649 {\n  padding-top: 30px;\n}\n<\/style>\n\t<\/div>\n\t\n<div class=\"row row-collapse row-full-width align-equal align-center\"  id=\"row-439877406\">\n\n\t<div id=\"col-22640838\" class=\"col medium-3 small-12 large-3\"  >\n\t\t\t\t<div class=\"col-inner text-center\"  >\n\t\t\t\n\t\t\t\n<div class=\"container section-title-container\" ><h3 class=\"section-title section-title-normal\"><b aria-hidden=\"true\"><\/b><span class=\"section-title-main\" >VISA MASTER<\/span><b aria-hidden=\"true\"><\/b><\/h3><\/div>\n<div class=\"ux-logo has-hover align-middle ux_logo inline-block\" style=\"max-width: 100%!important; width: 149.830985915px!important\"><div class=\"ux-logo-link block image-\" title=\"\" href=\"\" style=\"padding: 15px;\"><img decoding=\"async\" src=\"https:\/\/helliston.eu\/wp-content\/uploads\/2019\/03\/visa-master-logo-png-.png\" title=\"\" alt=\"\" class=\"ux-logo-image block\" style=\"height:30px;\" \/><\/div><\/div>\n\t\t<\/div>\n\t\t\t\t\t<\/div>\n\n\t\n\n\t<div id=\"col-614882750\" class=\"col medium-8 small-12 large-8\"  >\n\t\t\t\t<div class=\"col-inner\"  >\n\t\t\t\n\t\t\t\n<ul>\n<li>VISA\/ MASTER krediit- v\u00f5i deebetkaardiga maksmisel vali, kas Sa soovid maksta Paysera v\u00f5i Paypali kaudu.<\/li>\n<li>VISA\/ Master krediit- v\u00f5i deebetkaardiga maksmisel kehtivad samad reeglid nagu pangalinkide v\u00f5i Paypali kaudu maksmisel.<\/li>\n<\/ul>\n\t\t<\/div>\n\t\t\t\t\t<\/div>\n\n\t\n<\/div>\n\t<div id=\"gap-1391757286\" class=\"gap-element clearfix\" style=\"display:block; height:auto;\">\n\t\t\n<style>\n#gap-1391757286 {\n  padding-top: 30px;\n}\n<\/style>\n\t<\/div>\n\t\n\t\t<\/div>\n\n\t\t\n<style>\n#section_691157567 {\n  padding-top: 30px;\n  padding-bottom: 30px;\n}\n<\/style>\n\t<\/section>\n\t\n","protected":false},"excerpt":{"rendered":"","protected":false},"author":1,"featured_media":0,"parent":0,"menu_order":0,"comment_status":"closed","ping_status":"closed","template":"page-blank.php","meta":{"footnotes":""},"class_list":["post-1305","page","type-page","status-publish","hentry"],"jetpack_sharing_enabled":true,"_links":{"self":[{"href":"https:\/\/helliston.eu\/et\/wp-json\/wp\/v2\/pages\/1305","targetHints":{"allow":["GET"]}}],"collection":[{"href":"https:\/\/helliston.eu\/et\/wp-json\/wp\/v2\/pages"}],"about":[{"href":"https:\/\/helliston.eu\/et\/wp-json\/wp\/v2\/types\/page"}],"author":[{"embeddable":true,"href":"https:\/\/helliston.eu\/et\/wp-json\/wp\/v2\/users\/1"}],"replies":[{"embeddable":true,"href":"https:\/\/helliston.eu\/et\/wp-json\/wp\/v2\/comments?post=1305"}],"version-history":[{"count":5,"href":"https:\/\/helliston.eu\/et\/wp-json\/wp\/v2\/pages\/1305\/revisions"}],"predecessor-version":[{"id":7117,"href":"https:\/\/helliston.eu\/et\/wp-json\/wp\/v2\/pages\/1305\/revisions\/7117"}],"wp:attachment":[{"href":"https:\/\/helliston.eu\/et\/wp-json\/wp\/v2\/media?parent=1305"}],"curies":[{"name":"wp","href":"https:\/\/api.w.org\/{rel}","templated":true}]}}