{"id":1332,"date":"2019-03-03T18:06:38","date_gmt":"2019-03-03T18:06:38","guid":{"rendered":"https:\/\/helliston.eu\/shipping-delivery\/"},"modified":"2023-04-08T18:13:24","modified_gmt":"2023-04-08T18:13:24","slug":"tarne","status":"publish","type":"page","link":"https:\/\/www.helliston.eu\/et\/tarne\/","title":{"rendered":"Tarne"},"content":{"rendered":"\n\t<section class=\"section\" id=\"section_1223172368\">\n\t\t<div class=\"section-bg fill\" >\n\t\t\t\t\t\t\t\t\t\n\t\t\t\n\n\t\t<\/div>\n\n\t\t\n\n\t\t<div class=\"section-content relative\">\n\t\t\t\n<div class=\"row align-center\"  id=\"row-352113086\">\r\n\r\n\n\t<div id=\"col-767067945\" class=\"col medium-7 small-12 large-7\"  >\n\t\t\t\t<div class=\"col-inner text-center\"  >\n\t\t\t\n\t\t\t\r\n\r\n<div class=\"ux-logo has-hover align-middle ux_logo inline-block\" style=\"max-width: 100%!important; width: 81.3698630137px!important\"><div class=\"ux-logo-link block image-\" title=\"\" href=\"\" style=\"padding: 15px;\"><img decoding=\"async\" src=\"https:\/\/www.helliston.eu\/wp-content\/uploads\/2020\/01\/logo_717x696.jpg\" title=\"\" alt=\"\" class=\"ux-logo-image block\" style=\"height:50px;\" \/><\/div><\/div>\r\n\r\n<div class=\"ux-logo has-hover align-middle ux_logo inline-block\" style=\"max-width: 100%!important; width: 83.1914893617px!important\"><div class=\"ux-logo-link block image-\" title=\"\" href=\"\" style=\"padding: 15px;\"><img decoding=\"async\" src=\"https:\/\/www.helliston.eu\/wp-content\/uploads\/2020\/01\/Itella-Logo.jpg\" title=\"\" alt=\"\" class=\"ux-logo-image block\" style=\"height:50px;\" \/><\/div><\/div>\r\n\r\n<div class=\"ux-logo has-hover align-middle ux_logo inline-block\" style=\"max-width: 100%!important; width: 141.940298507px!important\"><div class=\"ux-logo-link block image-\" title=\"\" href=\"\" style=\"padding: 15px;\"><img decoding=\"async\" src=\"https:\/\/www.helliston.eu\/wp-content\/uploads\/2020\/01\/DPD-Logo.jpg\" title=\"\" alt=\"\" class=\"ux-logo-image block\" style=\"height:50px;\" \/><\/div><\/div>\r\n\r\n<div class=\"ux-logo has-hover align-middle ux_logo inline-block\" style=\"max-width: 100%!important; width: 166.363636364px!important\"><div class=\"ux-logo-link block image-\" title=\"\" href=\"\" style=\"padding: 15px;\"><img decoding=\"async\" src=\"https:\/\/www.helliston.eu\/wp-content\/uploads\/2020\/01\/DHL-Logo.jpg\" title=\"\" alt=\"\" class=\"ux-logo-image block\" style=\"height:30px;\" \/><\/div><\/div>\r\n\r\n\t\t<\/div>\n\t\t\t\t\t<\/div>\n\n\t\r\n\r\n<\/div>\n<div class=\"row\"  id=\"row-409147469\">\n\n\t<div id=\"col-1092425859\" class=\"col medium-2 small-12 large-2\"  >\n\t\t\t\t<div class=\"col-inner\"  >\n\t\t\t\n\t\t\t\n\t\t<\/div>\n\t\t\t\t\t<\/div>\n\n\t\n\n\t<div id=\"col-667115546\" class=\"col medium-8 small-12 large-8\"  >\n\t\t\t\t<div class=\"col-inner\"  >\n\t\t\t\n\t\t\t\n<h4>EESTI<\/h4>\n<ul>\n<li>Eesti-sisene tarne Omniva ja Itella pakiautomaatidesse on tasuta.<\/li>\n<li>Itella kulleri hind algab 4.90 \u20ac (sis. KM)<\/li>\n<li>Tarneaeg on orienteeruvalt 1-3 p\u00e4eva p\u00e4rast paki \u00fcleandmist Omnivale v\u00f5i Itellale<\/li>\n<\/ul>\n\t\t<\/div>\n\t\t\t\t\t<\/div>\n\n\t\n\n\t<div id=\"col-1725394889\" class=\"col medium-2 small-12 large-2\"  >\n\t\t\t\t<div class=\"col-inner\"  >\n\t\t\t\n\t\t\t\n\t\t<\/div>\n\t\t\t\t\t<\/div>\n\n\t\n<\/div>\n<div class=\"row\"  id=\"row-2146071894\">\n\n\t<div id=\"col-1407389877\" class=\"col medium-2 small-12 large-2\"  >\n\t\t\t\t<div class=\"col-inner\"  >\n\t\t\t\n\t\t\t\n\t\t<\/div>\n\t\t\t\t\t<\/div>\n\n\t\n\n\t<div id=\"col-940190017\" class=\"col medium-8 small-12 large-8\"  >\n\t\t\t\t<div class=\"col-inner\"  >\n\t\t\t\n\t\t\t\n<h4><strong>1. \u00dcLDTINGIMUSED<\/strong><\/h4>\n<p>1.1. K\u00f5ik pakid saadetakse koos j\u00e4lgimisnumbriga.<\/p>\n<p>1.2. Saadame Euroopasse, \u00fclemere-Prantsusmaale, USA-sse, Kanadasse, Austraaliasse.<\/p>\n<p>1.3. T\u00e4pne saatekulu arvutatakse v\u00e4lja kassas.<\/p>\n<p>1.4. Tellimuse saadame 24h jooksul esmasp\u00e4evast reede hommikuni peale makse laekumist.<\/p>\n<p>1.5. Saatmiskoht on Eesti, Balti riigid, Euroopa Liit.<\/p>\n<h4><strong>2. SAATMISKULUD<\/strong><\/h4>\n<p>2.1. T\u00e4pne saatekulu arvutatakse kassas.<\/p>\n<p>2.2. T\u00e4pne hind s\u00f5ltub sihtriigist ja sihtriigi k\u00e4ibemaksust (kui tellimus saadetakse Euroopa Liidu piires).<\/p>\n<p>2.3. Saatekulu alates v\u00e4ikesest tasust 2,90 \u20ac (sisaldab Eesti k\u00e4ibemaksu).<\/p>\n<h4><strong>3. SAATMISVIISID<\/strong><\/h4>\n<p>3.1. T\u00e4psed saatmisviisid kuvatakse kassas.<\/p>\n<p>3.2. Tavaline saatmisviis on kohaliku postiettev\u00f5tte kaudu (tellimused on j\u00e4lgitavad kohalike postide (nt USPS, PostNord, La Poste, Royal Mail, Poste Italene, Correos, Posti jne) veebisaitide kaudu).<\/p>\n<p>3.3. Teiste saatmisviiside hulka kuuluvad DHL, Fedex, GLS, Itella.<\/p>\n<h4><strong>4. TARNEAEG<\/strong><\/h4>\n<p>4.1. Tellitud kauba tarneaeg s\u00f5ltub transporditeenuse pakkujatest ning kliendi aadressist ja asukohast.<\/p>\n<p>4.2. EL ja Euroopa = ligikaudu 3-7 p\u00e4eva.<\/p>\n<p>4.3. V\u00e4ljaspool Euroopat = ligikaudu 5-14 p\u00e4eva.<\/p>\n<h4><strong>5. T\u00dcHISTAMINE<\/strong><\/h4>\n<p>5.1. P\u00e4rast tellimuse postiga saatmist ei saa me garanteerida tarne t\u00fchistamist (kui v\u00f5tate meiega otse \u00fchendust \u00fche p\u00e4eva jooksul p\u00e4rast tellimuse saatmist, peaks olema v\u00f5imalus tellimus t\u00fchistada, kuid me ei saa seda garanteerida. K\u00f5ik oleneb sellest, kui kiiresti tarnefirma paki v\u00e4lismaale saadab).<\/p>\n<p>5.2 Kui tellimus on juba teele saadetud, v\u00f5ite pakist keelduda, kui postifirma \u00fcritab seda kohale toimetada. P\u00e4rast pakist keeldumist on postifirma kohustatud paki meile tagastama. P\u00e4rast selle k\u00e4ttesaamist tagastame tellimuse eest raha.<\/p>\n<h4><strong>6. KAHJUSTATUD V\u00d5I KAOTUD PAKID<\/strong><\/h4>\n<p>6.1. Kui tellimus on kahjustatud ja seda ei saa enam kasutada v\u00f5i see l\u00e4ks saatmisel kaduma, v\u00f5tke meiega otse \u00fchendust.<\/p>\n<p>6.2. Kahjustatud v\u00f5i kaotatud tellimuse saadame uuesti v\u00f5i tagastame raha (oleneb kliendi soovist).<\/p>\n<h4><strong>7. SAADETISTE HILINEMINE<\/strong><\/h4>\n<p>7.1. Me ei vastuta tarne hilinemise eest, kui see j\u00e4\u00e4b 7 p\u00e4eva vahemikku p\u00e4rast lubatud tarneaega.<\/p>\n<p>7.2. Me ei vastuta tarne hilinemise eest, kui see tulen v\u00e4\u00e4ramatust j\u00f5us (force majeur).<\/p>\n<p>7.3. Me ei vastuta tarne hilinemise eest, kui kliendi poolt esitatud aadress oli vale.<\/p>\n\t\t<\/div>\n\t\t\t\t\t<\/div>\n\n\t\n\n\t<div id=\"col-1303469962\" class=\"col medium-2 small-12 large-2\"  >\n\t\t\t\t<div class=\"col-inner\"  >\n\t\t\t\n\t\t\t\n\t\t<\/div>\n\t\t\t\t\t<\/div>\n\n\t\n<\/div>\n\t\t<\/div>\n\n\t\t\n<style>\n#section_1223172368 {\n  padding-top: 30px;\n  padding-bottom: 30px;\n}\n<\/style>\n\t<\/section>\n\t\n","protected":false},"excerpt":{"rendered":"","protected":false},"author":1,"featured_media":0,"parent":0,"menu_order":0,"comment_status":"closed","ping_status":"closed","template":"page-blank.php","meta":{"footnotes":""},"class_list":["post-1332","page","type-page","status-publish","hentry"],"jetpack_sharing_enabled":true,"_links":{"self":[{"href":"https:\/\/www.helliston.eu\/et\/wp-json\/wp\/v2\/pages\/1332","targetHints":{"allow":["GET"]}}],"collection":[{"href":"https:\/\/www.helliston.eu\/et\/wp-json\/wp\/v2\/pages"}],"about":[{"href":"https:\/\/www.helliston.eu\/et\/wp-json\/wp\/v2\/types\/page"}],"author":[{"embeddable":true,"href":"https:\/\/www.helliston.eu\/et\/wp-json\/wp\/v2\/users\/1"}],"replies":[{"embeddable":true,"href":"https:\/\/www.helliston.eu\/et\/wp-json\/wp\/v2\/comments?post=1332"}],"version-history":[{"count":5,"href":"https:\/\/www.helliston.eu\/et\/wp-json\/wp\/v2\/pages\/1332\/revisions"}],"predecessor-version":[{"id":21618,"href":"https:\/\/www.helliston.eu\/et\/wp-json\/wp\/v2\/pages\/1332\/revisions\/21618"}],"wp:attachment":[{"href":"https:\/\/www.helliston.eu\/et\/wp-json\/wp\/v2\/media?parent=1332"}],"curies":[{"name":"wp","href":"https:\/\/api.w.org\/{rel}","templated":true}]}}