{"id":10258,"date":"2022-01-28T19:38:05","date_gmt":"2022-01-28T19:38:06","guid":{"rendered":"https:\/\/helliston.eu\/?post_type=product&#038;p=10258"},"modified":"2023-03-18T09:16:21","modified_gmt":"2023-03-18T09:16:21","slug":"hss-hoovliterad-210mm-hoovlile-gude-gadh-204-tuup-2-210x165x15mm-2-tk","status":"publish","type":"product","link":"https:\/\/www.helliston.eu\/et\/toode\/hss-hoovliterad-210mm-hoovlile-gude-gadh-204-tuup-2-210x165x15mm-2-tk\/","title":{"rendered":"H\u00f6\u00f6vliterad h\u00f6\u00f6vlile G\u00dcDE GADH 204 T\u00dc\u00dcP 2, HSS, 210&#215;16,5&#215;1,5mm"},"content":{"rendered":"","protected":false},"excerpt":{"rendered":"<p>HSS h\u00f6\u00f6vliterad h\u00f6\u00f6vel-paksusmasinale G\u00dcDE GADH 204 T\u00dc\u00dcP 2, 210 x 16,5 x 1,5 mm. 2 tera\/ pakis. Valmistatud vastupidavast HSS kiirl\u00f5iketerasest (Rockwelli k\u00f5vadus 63+HRC). Terad on teritatavad. Rohkem informatsiooni allpool.<\/p>\n<p><span style=\"color: #0000ff;\"> NB! Enne ostmist palun kontrollige, et antud h\u00f6\u00f6vliterad sobivad teie h\u00f6\u00f6vlile. V\u00f5rrelge n\u00e4iteks tootefotosid h\u00f6\u00f6vliteradega, mis olid masinaga kaasas. Nimelt on G\u00dcDE GADH 204 mitu samanimelist h\u00f6\u00f6vlimudelit. \u00dchele l\u00e4hevad 210x22x1,8mm terad (5 auguga), teisele aga 210\u00d716,5\u00d71,5mm terad (kahe auguga).<\/span><\/p>\n","protected":false},"featured_media":12289,"template":"","meta":[],"product_brand":[],"product_cat":[2495,853,816],"product_tag":[4315],"class_list":{"0":"post-10258","1":"product","2":"type-product","3":"status-publish","4":"has-post-thumbnail","6":"product_cat-riht-paksushoovel-gude-gadh-204","7":"product_cat-hoovliterad-hoovlile-gude","8":"product_cat-hoovliterad-markide-jargi","9":"product_tag-210x16-et","11":"first","12":"instock","13":"taxable","14":"shipping-taxable","15":"purchasable","16":"product-type-simple"},"jetpack_sharing_enabled":true,"_links":{"self":[{"href":"https:\/\/www.helliston.eu\/et\/wp-json\/wp\/v2\/product\/10258","targetHints":{"allow":["GET"]}}],"collection":[{"href":"https:\/\/www.helliston.eu\/et\/wp-json\/wp\/v2\/product"}],"about":[{"href":"https:\/\/www.helliston.eu\/et\/wp-json\/wp\/v2\/types\/product"}],"wp:featuredmedia":[{"embeddable":true,"href":"https:\/\/www.helliston.eu\/et\/wp-json\/wp\/v2\/media\/12289"}],"wp:attachment":[{"href":"https:\/\/www.helliston.eu\/et\/wp-json\/wp\/v2\/media?parent=10258"}],"wp:term":[{"taxonomy":"product_brand","embeddable":true,"href":"https:\/\/www.helliston.eu\/et\/wp-json\/wp\/v2\/product_brand?post=10258"},{"taxonomy":"product_cat","embeddable":true,"href":"https:\/\/www.helliston.eu\/et\/wp-json\/wp\/v2\/product_cat?post=10258"},{"taxonomy":"product_tag","embeddable":true,"href":"https:\/\/www.helliston.eu\/et\/wp-json\/wp\/v2\/product_tag?post=10258"}],"curies":[{"name":"wp","href":"https:\/\/api.w.org\/{rel}","templated":true}]}}