{"id":1068,"date":"2019-03-08T12:16:19","date_gmt":"2019-03-08T12:16:19","guid":{"rendered":"https:\/\/helliston.eu\/?post_type=product&#038;p=1068"},"modified":"2019-12-08T14:34:14","modified_gmt":"2019-12-08T14:34:14","slug":"tolmukott-tlmukotid-tolmuimejale-nilfisk-gd-930-936-elektrolux-dp9000d-jt-10-tk","status":"publish","type":"product","link":"https:\/\/www.helliston.eu\/et\/toode\/tolmukott-tlmukotid-tolmuimejale-nilfisk-gd-930-936-elektrolux-dp9000d-jt-10-tk\/","title":{"rendered":"Tolmukott tolmuimejale Nilfisk GD 930, 936, Elektrolux DP9000D jt, 10 tk"},"content":{"rendered":"<div id=\"tab-description\" class=\"panel entry-content active\">\n<p><strong>Euroopa Liidu-sisesed firmad saavad tooteid osta k\u00e4ibemaksuvabalt.<\/strong> Selleks tuleb kassas sisestada firma<strong> KMKR nr.<\/strong> S\u00fcsteem kontrollib numbri automaatselt \u00e4ra ning arvestab k\u00e4ibemaksu hinnast maha. <strong>(Ei kehti Eesti firmadele!)<\/strong><\/p>\n<hr \/>\n<p>Ostjad v\u00e4ljastpoolt Euroopa Liitu on kassas automaatselt vabastatud k\u00e4ibemaksust.<\/p>\n<hr \/>\n<p>Suuremate koguste kohta k\u00fcsige hinnapakkumist.<br \/>\nLisainformatsiooni hindade\/ transpordi\/ tagastuse\/ andmekaitse jms kohta leiad <strong>m\u00fc\u00fcgitingimustest.<\/strong><br \/>\n<strong>info@helliston.eu<\/strong><\/p>\n<\/div>\n","protected":false},"excerpt":{"rendered":"<p><strong>Kahekihilised tolmukotid<\/strong> sobivad h\u00e4sti tolmuimejale <strong>Nilfisk GD 930 ja Nilfisk GD 936, Elektroluxi <\/strong>(DP 9000D, HZ 173, P 9000 classic, Panter, UZ 920, 921, 922, 923, UZ 925, -930\/S, UZ 940, -945, -950, Z 951)<strong> ja Volta <\/strong>(<strong>UZ 173, UZ 920\u2026-923\/S, UZ 925, -930, -945) <\/strong>tolmuimejatele<strong>.<\/strong> <strong>\u00a0<\/strong> <strong>10 tk pakis<\/strong>. Lisainformatsioon ja \u00fchilduvad tolmuimejad allpool.<\/p>\n","protected":false},"featured_media":0,"template":"","meta":[],"product_brand":[],"product_cat":[195],"product_tag":[],"class_list":{"0":"post-1068","1":"product","2":"type-product","3":"status-publish","5":"product_cat-tolmukotid","7":"first","8":"outofstock","9":"taxable","10":"shipping-taxable","11":"purchasable","12":"product-type-simple"},"jetpack_sharing_enabled":true,"_links":{"self":[{"href":"https:\/\/www.helliston.eu\/et\/wp-json\/wp\/v2\/product\/1068","targetHints":{"allow":["GET"]}}],"collection":[{"href":"https:\/\/www.helliston.eu\/et\/wp-json\/wp\/v2\/product"}],"about":[{"href":"https:\/\/www.helliston.eu\/et\/wp-json\/wp\/v2\/types\/product"}],"wp:attachment":[{"href":"https:\/\/www.helliston.eu\/et\/wp-json\/wp\/v2\/media?parent=1068"}],"wp:term":[{"taxonomy":"product_brand","embeddable":true,"href":"https:\/\/www.helliston.eu\/et\/wp-json\/wp\/v2\/product_brand?post=1068"},{"taxonomy":"product_cat","embeddable":true,"href":"https:\/\/www.helliston.eu\/et\/wp-json\/wp\/v2\/product_cat?post=1068"},{"taxonomy":"product_tag","embeddable":true,"href":"https:\/\/www.helliston.eu\/et\/wp-json\/wp\/v2\/product_tag?post=1068"}],"curies":[{"name":"wp","href":"https:\/\/api.w.org\/{rel}","templated":true}]}}