{"id":13052,"date":"2022-08-22T11:48:33","date_gmt":"2022-08-22T11:48:33","guid":{"rendered":"https:\/\/helliston.eu\/?post_type=product&#038;p=13052"},"modified":"2023-03-11T18:15:49","modified_gmt":"2023-03-11T18:15:49","slug":"hss-planer-blades-for-blackdecker-dn75-75x12x15mm-2-pc","status":"publish","type":"product","link":"https:\/\/www.helliston.eu\/et\/toode\/hss-planer-blades-for-blackdecker-dn75-75x12x15mm-2-pc\/","title":{"rendered":"HSS H\u00f6\u00f6vliterad h\u00f6\u00f6vlile Black&#038;Decker DN75, 75x12x1,5mm, 2 tk"},"content":{"rendered":"","protected":false},"excerpt":{"rendered":"<p><strong>HSS H\u00f6\u00f6vliterad h\u00f6\u00f6vlile Black&amp;Decker DN75, 75x12x1,5mm.<\/strong>\u00a02 tera\/ pakis. Valmistatud vastupidavast HSS kiirl\u00f5iketerasest (Rockwelli k\u00f5vadus 63+HRC). Teritatavad terad. Lisainfo allpool.<\/p>\n","protected":false},"featured_media":25466,"template":"","meta":[],"product_brand":[],"product_cat":[198,831,1460],"product_tag":[],"class_list":{"0":"post-13052","1":"product","2":"type-product","3":"status-publish","4":"has-post-thumbnail","6":"product_cat-56mm-75-5mm-80-5mm-bosch-gho-12v-20-adler-bh-556-hoffmann-bh-556-wegoma-ap98-aeg-450-dewalt-dw676k-elu-mff40-mf8f80-mff81-et","7":"product_cat-hoovliterad-hoovlile-black-decker","8":"product_cat-hoovel-black-decker-dn75","10":"first","11":"instock","12":"taxable","13":"shipping-taxable","14":"purchasable","15":"product-type-simple"},"jetpack_sharing_enabled":true,"_links":{"self":[{"href":"https:\/\/www.helliston.eu\/et\/wp-json\/wp\/v2\/product\/13052","targetHints":{"allow":["GET"]}}],"collection":[{"href":"https:\/\/www.helliston.eu\/et\/wp-json\/wp\/v2\/product"}],"about":[{"href":"https:\/\/www.helliston.eu\/et\/wp-json\/wp\/v2\/types\/product"}],"wp:featuredmedia":[{"embeddable":true,"href":"https:\/\/www.helliston.eu\/et\/wp-json\/wp\/v2\/media\/25466"}],"wp:attachment":[{"href":"https:\/\/www.helliston.eu\/et\/wp-json\/wp\/v2\/media?parent=13052"}],"wp:term":[{"taxonomy":"product_brand","embeddable":true,"href":"https:\/\/www.helliston.eu\/et\/wp-json\/wp\/v2\/product_brand?post=13052"},{"taxonomy":"product_cat","embeddable":true,"href":"https:\/\/www.helliston.eu\/et\/wp-json\/wp\/v2\/product_cat?post=13052"},{"taxonomy":"product_tag","embeddable":true,"href":"https:\/\/www.helliston.eu\/et\/wp-json\/wp\/v2\/product_tag?post=13052"}],"curies":[{"name":"wp","href":"https:\/\/api.w.org\/{rel}","templated":true}]}}