{"id":14865,"date":"2023-03-29T17:30:58","date_gmt":"2023-03-29T17:30:59","guid":{"rendered":"https:\/\/helliston.eu\/?post_type=product&#038;p=14865"},"modified":"2023-03-29T18:34:22","modified_gmt":"2023-03-29T18:34:22","slug":"hoovliterad-hoovlile-anbull-emb1931-hss-318x182x32mm","status":"publish","type":"product","link":"https:\/\/www.helliston.eu\/et\/toode\/hoovliterad-hoovlile-anbull-emb1931-hss-318x182x32mm\/","title":{"rendered":"H\u00f6\u00f6vliterad h\u00f6\u00f6vlile Anbull EMB1931, HSS, 318&#215;18,2&#215;3,2mm"},"content":{"rendered":"","protected":false},"excerpt":{"rendered":"<p>HSS h\u00f6\u00f6vliterad paksusmasinale Anbull EMB1931 12&#8243;, 318 x 18,2 x 3,2 mm, P\u00d6\u00d6RATAVAD TERAD. 2 tera\/ pakis. Valmistatud vastupidavast HSS kiirl\u00f5iketerasest (Rockwelli k\u00f5vadus 63+HRC). Terad on teritatavad. Rohkem informatsiooni allpool.<\/p>\n","protected":false},"featured_media":17871,"template":"","meta":[],"product_brand":[],"product_cat":[513,2873,197,816],"product_tag":[],"class_list":{"0":"post-14865","1":"product","2":"type-product","3":"status-publish","4":"has-post-thumbnail","6":"product_cat-318-mm-hoovlile-dewalt-dw733-dw7332-qs-ryobi-rap-1500g-etc","7":"product_cat-hoovliterad-hoovlile-anbull","8":"product_cat-hoovliterad","9":"product_cat-hoovliterad-markide-jargi","11":"first","12":"instock","13":"taxable","14":"shipping-taxable","15":"purchasable","16":"product-type-simple"},"jetpack_sharing_enabled":true,"_links":{"self":[{"href":"https:\/\/www.helliston.eu\/et\/wp-json\/wp\/v2\/product\/14865","targetHints":{"allow":["GET"]}}],"collection":[{"href":"https:\/\/www.helliston.eu\/et\/wp-json\/wp\/v2\/product"}],"about":[{"href":"https:\/\/www.helliston.eu\/et\/wp-json\/wp\/v2\/types\/product"}],"wp:featuredmedia":[{"embeddable":true,"href":"https:\/\/www.helliston.eu\/et\/wp-json\/wp\/v2\/media\/17871"}],"wp:attachment":[{"href":"https:\/\/www.helliston.eu\/et\/wp-json\/wp\/v2\/media?parent=14865"}],"wp:term":[{"taxonomy":"product_brand","embeddable":true,"href":"https:\/\/www.helliston.eu\/et\/wp-json\/wp\/v2\/product_brand?post=14865"},{"taxonomy":"product_cat","embeddable":true,"href":"https:\/\/www.helliston.eu\/et\/wp-json\/wp\/v2\/product_cat?post=14865"},{"taxonomy":"product_tag","embeddable":true,"href":"https:\/\/www.helliston.eu\/et\/wp-json\/wp\/v2\/product_tag?post=14865"}],"curies":[{"name":"wp","href":"https:\/\/api.w.org\/{rel}","templated":true}]}}