{"id":15353,"date":"2023-03-30T14:53:04","date_gmt":"2023-03-30T17:01:29","guid":{"rendered":"https:\/\/helliston.eu\/product\/hoovliterad-hoovlile-makita-2012-2012nb-hm-tct-306x8x2mm-jaoks\/"},"modified":"2024-05-02T11:30:46","modified_gmt":"2024-05-02T11:30:46","slug":"hoovliterad-hoovlile-makita-2012-2012nb-hm-volframkarbiid-tct-306x8x2mm","status":"publish","type":"product","link":"https:\/\/helliston.eu\/et\/toode\/hoovliterad-hoovlile-makita-2012-2012nb-hm-volframkarbiid-tct-306x8x2mm\/","title":{"rendered":"K\u00d5VAMETALLIST h\u00f6\u00f6vliterad h\u00f6\u00f6vlile Makita 2012, 2012NB, HM, 306x8x2mm"},"content":{"rendered":"","protected":false},"excerpt":{"rendered":"<p>HM h\u00f6\u00f6vliterad paksusmasinale Makita 2012 &amp; 2012NB, 306 x 8 x 2 mm. 2 tera\/ pakis. Valmistatud vastupidavast k\u00f5vametallist\/ volframkarbiidist. Volframkarbiidist terad peavad palju kauem vastu kui tavalised HSS h\u00f6\u00f6vliterad. Terad on teritatavad. Rohkem informatsiooni allpool.<\/p>\n","protected":false},"featured_media":15337,"template":"","meta":[],"product_brand":[],"product_cat":[1628,868],"product_tag":[],"class_list":{"0":"post-15353","1":"product","2":"type-product","3":"status-publish","4":"has-post-thumbnail","6":"product_cat-riht-paksushoovel-makita-2012-nb-306mm","7":"product_cat-hoovliterad-hoovlile-makita","9":"first","10":"instock","11":"taxable","12":"shipping-taxable","13":"purchasable","14":"product-type-simple"},"jetpack_sharing_enabled":true,"_links":{"self":[{"href":"https:\/\/helliston.eu\/et\/wp-json\/wp\/v2\/product\/15353","targetHints":{"allow":["GET"]}}],"collection":[{"href":"https:\/\/helliston.eu\/et\/wp-json\/wp\/v2\/product"}],"about":[{"href":"https:\/\/helliston.eu\/et\/wp-json\/wp\/v2\/types\/product"}],"wp:featuredmedia":[{"embeddable":true,"href":"https:\/\/helliston.eu\/et\/wp-json\/wp\/v2\/media\/15337"}],"wp:attachment":[{"href":"https:\/\/helliston.eu\/et\/wp-json\/wp\/v2\/media?parent=15353"}],"wp:term":[{"taxonomy":"product_brand","embeddable":true,"href":"https:\/\/helliston.eu\/et\/wp-json\/wp\/v2\/product_brand?post=15353"},{"taxonomy":"product_cat","embeddable":true,"href":"https:\/\/helliston.eu\/et\/wp-json\/wp\/v2\/product_cat?post=15353"},{"taxonomy":"product_tag","embeddable":true,"href":"https:\/\/helliston.eu\/et\/wp-json\/wp\/v2\/product_tag?post=15353"}],"curies":[{"name":"wp","href":"https:\/\/api.w.org\/{rel}","templated":true}]}}