{"id":17082,"date":"2023-03-31T21:54:18","date_gmt":"2023-03-31T21:54:20","guid":{"rendered":"https:\/\/helliston.eu\/?post_type=product&#038;p=17082"},"modified":"2023-03-31T22:03:21","modified_gmt":"2023-03-31T22:03:21","slug":"hoovliterad-hoovlile-aeg-atlas-copco-eh102-hb750-hbe800-b39-102mm","status":"publish","type":"product","link":"https:\/\/www.helliston.eu\/et\/toode\/hoovliterad-hoovlile-aeg-atlas-copco-eh102-hb750-hbe800-b39-102mm\/","title":{"rendered":"H\u00f6\u00f6vliterad h\u00f6\u00f6vlile AEG, Atlas-Copco EH102, HB750, HBE800, B39, 102mm"},"content":{"rendered":"","protected":false},"excerpt":{"rendered":"<p>H\u00f6\u00f6vliterad h\u00f6\u00f6vlile AEG, Atlas-Copco EH102, HB750, HBE800, B39, 102 x 5,5 x 1,1mm.<\/p>\n<ul>\n<li>HSS = pehmele puidule, siledam pinnaviimistlus ja teravamad kui TCT terad<\/li>\n<li>TCT = k\u00f5vale ja pehmele puule ning kestavad kuni 5 korda kauem kui tavalised HSS terad<\/li>\n<\/ul>\n<p>Rohkem informatsiooni allpool.<\/p>\n","protected":false},"featured_media":17329,"template":"","meta":[],"product_brand":[],"product_cat":[208,821,976,816],"product_tag":[],"class_list":{"0":"post-17082","1":"product","2":"type-product","3":"status-publish","4":"has-post-thumbnail","6":"product_cat-102mm-aeg-atlas-copco-eh102-hb750-hbe800-b39","7":"product_cat-hoovliterad-hoovlile-aeg","8":"product_cat-hoovliterad-hoovlile-atlas-copco","9":"product_cat-hoovliterad-markide-jargi","11":"first","12":"instock","13":"sale","14":"taxable","15":"shipping-taxable","16":"purchasable","17":"product-type-variable"},"jetpack_sharing_enabled":true,"_links":{"self":[{"href":"https:\/\/www.helliston.eu\/et\/wp-json\/wp\/v2\/product\/17082","targetHints":{"allow":["GET"]}}],"collection":[{"href":"https:\/\/www.helliston.eu\/et\/wp-json\/wp\/v2\/product"}],"about":[{"href":"https:\/\/www.helliston.eu\/et\/wp-json\/wp\/v2\/types\/product"}],"wp:featuredmedia":[{"embeddable":true,"href":"https:\/\/www.helliston.eu\/et\/wp-json\/wp\/v2\/media\/17329"}],"wp:attachment":[{"href":"https:\/\/www.helliston.eu\/et\/wp-json\/wp\/v2\/media?parent=17082"}],"wp:term":[{"taxonomy":"product_brand","embeddable":true,"href":"https:\/\/www.helliston.eu\/et\/wp-json\/wp\/v2\/product_brand?post=17082"},{"taxonomy":"product_cat","embeddable":true,"href":"https:\/\/www.helliston.eu\/et\/wp-json\/wp\/v2\/product_cat?post=17082"},{"taxonomy":"product_tag","embeddable":true,"href":"https:\/\/www.helliston.eu\/et\/wp-json\/wp\/v2\/product_tag?post=17082"}],"curies":[{"name":"wp","href":"https:\/\/api.w.org\/{rel}","templated":true}]}}