{"id":18535,"date":"2023-04-02T09:42:51","date_gmt":"2023-04-02T09:42:54","guid":{"rendered":"https:\/\/helliston.eu\/?post_type=product&#038;p=18535"},"modified":"2023-04-02T10:49:05","modified_gmt":"2023-04-02T10:49:05","slug":"hoovliterad-805mm-aeg-atlas-copco-dewalt-elu","status":"publish","type":"product","link":"https:\/\/www.helliston.eu\/et\/toode\/hoovliterad-805mm-aeg-atlas-copco-dewalt-elu\/","title":{"rendered":"H\u00f6\u00f6vliterad 80,5mm AEG Atlas Copco, Dewalt, ELU"},"content":{"rendered":"","protected":false},"excerpt":{"rendered":"<p>H\u00f6\u00f6vliterad 80,5 x 5,5 x 1,1 mm h\u00f6\u00f6vlitele:<\/p>\n<ul>\n<li>AEG ATLAS COPCO 450<\/li>\n<li>Dewalt DW676K<\/li>\n<li>ELU HH15, HH25, HH40, MFF40, MFF80, MFF80K, MFF81, MFF81K, ADE80, PF161<\/li>\n<\/ul>\n<p>5 paari = 10 h\u00f6\u00f6vlitera.<\/p>\n<ul>\n<li>HSS = pehmele puidule, siledam pinnaviimistlus ja teravamad kui TCT terad<\/li>\n<li>TCT = k\u00f5vale ja pehmele puule ning kestavad kuni 5 korda kauem kui tavalised HSS terad<\/li>\n<\/ul>\n<p>Rohkem informatsiooni allpool.<\/p>\n<p>***Pakendid on valmistatud k\u00f5vast papist ja ilma plastikuta.***<\/p>\n","protected":false},"featured_media":18635,"template":"","meta":[],"product_brand":[],"product_cat":[198,816],"product_tag":[],"class_list":{"0":"post-18535","1":"product","2":"type-product","3":"status-publish","4":"has-post-thumbnail","6":"product_cat-56mm-75-5mm-80-5mm-bosch-gho-12v-20-adler-bh-556-hoffmann-bh-556-wegoma-ap98-aeg-450-dewalt-dw676k-elu-mff40-mf8f80-mff81-et","7":"product_cat-hoovliterad-markide-jargi","9":"first","10":"instock","11":"taxable","12":"shipping-taxable","13":"purchasable","14":"product-type-variable"},"jetpack_sharing_enabled":true,"_links":{"self":[{"href":"https:\/\/www.helliston.eu\/et\/wp-json\/wp\/v2\/product\/18535","targetHints":{"allow":["GET"]}}],"collection":[{"href":"https:\/\/www.helliston.eu\/et\/wp-json\/wp\/v2\/product"}],"about":[{"href":"https:\/\/www.helliston.eu\/et\/wp-json\/wp\/v2\/types\/product"}],"wp:featuredmedia":[{"embeddable":true,"href":"https:\/\/www.helliston.eu\/et\/wp-json\/wp\/v2\/media\/18635"}],"wp:attachment":[{"href":"https:\/\/www.helliston.eu\/et\/wp-json\/wp\/v2\/media?parent=18535"}],"wp:term":[{"taxonomy":"product_brand","embeddable":true,"href":"https:\/\/www.helliston.eu\/et\/wp-json\/wp\/v2\/product_brand?post=18535"},{"taxonomy":"product_cat","embeddable":true,"href":"https:\/\/www.helliston.eu\/et\/wp-json\/wp\/v2\/product_cat?post=18535"},{"taxonomy":"product_tag","embeddable":true,"href":"https:\/\/www.helliston.eu\/et\/wp-json\/wp\/v2\/product_tag?post=18535"}],"curies":[{"name":"wp","href":"https:\/\/api.w.org\/{rel}","templated":true}]}}