{"id":25026,"date":"2024-05-03T14:35:02","date_gmt":"2024-05-04T15:39:53","guid":{"rendered":"https:\/\/helliston.eu\/product\/varutera-kaabitsale-anza-kovametall-volframkarbiid\/"},"modified":"2024-05-04T15:39:53","modified_gmt":"2024-05-04T15:39:53","slug":"varutera-kaabitsale-anza-kovametall-volframkarbiid","status":"publish","type":"product","link":"https:\/\/www.helliston.eu\/et\/toode\/varutera-kaabitsale-anza-kovametall-volframkarbiid\/","title":{"rendered":"K\u00f5vametallist terad Anza v\u00e4rvikaabitsale, volframkarbid"},"content":{"rendered":"","protected":false},"excerpt":{"rendered":"<p>K\u00f5vametallist varuterad kaabitsale Anza. Valmistatud kvaliteetsest mikroteralisest volframkarbiidist. Varuterad on v\u00e4ga teravad ja sobivad h\u00e4sti antifoulingu, v\u00e4rvi, rooste ja laki eemaldamiseks. Varuterad on v\u00e4ga teravad ja sobivad h\u00e4sti, v\u00e4rvi, rooste, laki ja antifoulingu eemaldamiseks. Siit leiad 50 mm, 25 mm (kolmnurk), pirnikujulisi, tilgakujulisi ja \u00fcmmargusi teri. 50 mm terad on p\u00f6\u00f6ratavad ja neid saab kasutada m\u00f5lemalt poolt.<\/p>\n<p><strong>Pane t\u00e4hele, et 50 mm terad:<\/strong><\/p>\n<ul>\n<li><strong>on pakendatud paarikaupa, st \u00fcks pakk sisaldab 2 varutera!<\/strong><\/li>\n<li><strong>on Aza kahek\u00e4elise v\u00e4rvikaabitsa ja haamri peaga v\u00e4rvikaabitsa jaoks.<\/strong><\/li>\n<\/ul>\n","protected":false},"featured_media":24856,"template":"","meta":[],"product_brand":[],"product_cat":[3649,196],"product_tag":[],"class_list":{"0":"post-25026","1":"product","2":"type-product","3":"status-publish","4":"has-post-thumbnail","6":"product_cat-varuterad-varvikaabitsale-anza","7":"product_cat-varvikaabitsa-terad","9":"first","10":"instock","11":"taxable","12":"shipping-taxable","13":"purchasable","14":"product-type-variable"},"jetpack_sharing_enabled":true,"_links":{"self":[{"href":"https:\/\/www.helliston.eu\/et\/wp-json\/wp\/v2\/product\/25026","targetHints":{"allow":["GET"]}}],"collection":[{"href":"https:\/\/www.helliston.eu\/et\/wp-json\/wp\/v2\/product"}],"about":[{"href":"https:\/\/www.helliston.eu\/et\/wp-json\/wp\/v2\/types\/product"}],"wp:featuredmedia":[{"embeddable":true,"href":"https:\/\/www.helliston.eu\/et\/wp-json\/wp\/v2\/media\/24856"}],"wp:attachment":[{"href":"https:\/\/www.helliston.eu\/et\/wp-json\/wp\/v2\/media?parent=25026"}],"wp:term":[{"taxonomy":"product_brand","embeddable":true,"href":"https:\/\/www.helliston.eu\/et\/wp-json\/wp\/v2\/product_brand?post=25026"},{"taxonomy":"product_cat","embeddable":true,"href":"https:\/\/www.helliston.eu\/et\/wp-json\/wp\/v2\/product_cat?post=25026"},{"taxonomy":"product_tag","embeddable":true,"href":"https:\/\/www.helliston.eu\/et\/wp-json\/wp\/v2\/product_tag?post=25026"}],"curies":[{"name":"wp","href":"https:\/\/api.w.org\/{rel}","templated":true}]}}