{"id":8103,"date":"2020-11-20T12:47:53","date_gmt":"2020-11-20T12:47:54","guid":{"rendered":"https:\/\/helliston.eu\/?post_type=product&#038;p=8103"},"modified":"2023-03-31T14:58:57","modified_gmt":"2023-03-31T14:58:57","slug":"hoovliterad-hoovlile-skil-1588-aa-82mm","status":"publish","type":"product","link":"https:\/\/www.helliston.eu\/et\/toode\/hoovliterad-hoovlile-skil-1588-aa-82mm\/","title":{"rendered":"H\u00f6\u00f6vliterad h\u00f6\u00f6vlile Skil 1588 AA, 82mm"},"content":{"rendered":"","protected":false},"excerpt":{"rendered":"<p>H\u00f6\u00f6vliterad h\u00f6\u00f6vlile Skil 1588 AA, 82 x 5,5 x 1,1mm. 5 paari = 10 h\u00f6\u00f6vlitera.<\/p>\n<ul>\n<li>HSS = pehmele puidule, siledam pinnaviimistlus ja teravamad kui TCT terad<\/li>\n<li>TCT = k\u00f5vale ja pehmele puule ning kestavad kuni 5 korda kauem kui tavalised HSS terad<\/li>\n<\/ul>\n<p>Rohkem informatsiooni allpool.<\/p>\n<p>***Pakendid on valmistatud k\u00f5vast papist ja ilma plastikuta.***<\/p>\n","protected":false},"featured_media":9952,"template":"","meta":[],"product_brand":[],"product_cat":[1771,816,883],"product_tag":[],"class_list":{"0":"post-8103","1":"product","2":"type-product","3":"status-publish","4":"has-post-thumbnail","6":"product_cat-hoovel-skil-1500-1506-1507-1510-1512-1525-1555-1558-1560-1565-1570-1590","7":"product_cat-hoovliterad-markide-jargi","8":"product_cat-hoovliterad-hoovlile-skil","10":"first","11":"instock","12":"taxable","13":"shipping-taxable","14":"product-type-variable"},"jetpack_sharing_enabled":true,"_links":{"self":[{"href":"https:\/\/www.helliston.eu\/et\/wp-json\/wp\/v2\/product\/8103","targetHints":{"allow":["GET"]}}],"collection":[{"href":"https:\/\/www.helliston.eu\/et\/wp-json\/wp\/v2\/product"}],"about":[{"href":"https:\/\/www.helliston.eu\/et\/wp-json\/wp\/v2\/types\/product"}],"wp:featuredmedia":[{"embeddable":true,"href":"https:\/\/www.helliston.eu\/et\/wp-json\/wp\/v2\/media\/9952"}],"wp:attachment":[{"href":"https:\/\/www.helliston.eu\/et\/wp-json\/wp\/v2\/media?parent=8103"}],"wp:term":[{"taxonomy":"product_brand","embeddable":true,"href":"https:\/\/www.helliston.eu\/et\/wp-json\/wp\/v2\/product_brand?post=8103"},{"taxonomy":"product_cat","embeddable":true,"href":"https:\/\/www.helliston.eu\/et\/wp-json\/wp\/v2\/product_cat?post=8103"},{"taxonomy":"product_tag","embeddable":true,"href":"https:\/\/www.helliston.eu\/et\/wp-json\/wp\/v2\/product_tag?post=8103"}],"curies":[{"name":"wp","href":"https:\/\/api.w.org\/{rel}","templated":true}]}}