{"id":8331,"date":"2021-01-02T14:38:02","date_gmt":"2021-01-02T14:38:03","guid":{"rendered":"https:\/\/helliston.eu\/?post_type=product&#038;p=8331"},"modified":"2022-01-26T20:04:25","modified_gmt":"2022-01-26T20:04:25","slug":"hss-wolfram-18-hoovliterad-260mm-kahe-suvendiga-hoovlitele-scheppach-hm0-hm1-hm2-hmt-2-tk","status":"publish","type":"product","link":"https:\/\/www.helliston.eu\/et\/toode\/hss-wolfram-18-hoovliterad-260mm-kahe-suvendiga-hoovlitele-scheppach-hm0-hm1-hm2-hmt-2-tk\/","title":{"rendered":"HSS Wolfram 18% H\u00f6\u00f6vliterad 260mm KAHE S\u00dcVENDIGA, h\u00f6\u00f6vlitele Scheppach HM0, HM1, HM2, HMT+, 2 tk"},"content":{"rendered":"","protected":false},"excerpt":{"rendered":"<p><strong>T1 HSS Wolfram 18% h\u00f6\u00f6vliterad KAHE S\u00dcVENDIGA 260x18x3mm h\u00f6\u00f6vlile Scheppach HM0, HM1, HM2, HMT+.<\/strong> 2 tera\/ pakis. Valmistatud esmaklassilisest T1 HSS W18% kiirl\u00f5iketerasest (Rockwelli k\u00f5vadus 63-65 HRC). V\u00f5rreldes tavap\u00e4rase HSS\u2019iga on T1 HSS W18% terad vastupidavamad \u2013 suurep\u00e4rane valik nii k\u00f5va- kui ka pehmepudu t\u00f6\u00f6tlemiseks! Terad on teritatavad. \u00a0Lisainfo allpool.<\/p>\n","protected":false},"featured_media":9202,"template":"","meta":[],"product_brand":[],"product_cat":[427,1736,1737,1757,1765,197,816,881],"product_tag":[],"class_list":{"0":"post-8331","1":"product","2":"type-product","3":"status-publish","4":"has-post-thumbnail","6":"product_cat-260mm-for-scheppach-hms260-metabo-elektra-beckum-hc260-hc260m-hc260c-hc260e-hc260es-hc260k-et","7":"product_cat-riht-paksushoovel-scheppach-hm0-260mm","8":"product_cat-riht-paksushoovel-scheppach-hm1-260mm","9":"product_cat-riht-paksushoovel-scheppach-hm2-260mm","10":"product_cat-riht-paksushoovel-scheppach-hmt-260-260mm","11":"product_cat-hoovliterad","12":"product_cat-hoovliterad-markide-jargi","13":"product_cat-hoovliterad-hoovlile-scheppach","15":"first","16":"instock","17":"taxable","18":"shipping-taxable","19":"purchasable","20":"product-type-simple"},"jetpack_sharing_enabled":true,"_links":{"self":[{"href":"https:\/\/www.helliston.eu\/et\/wp-json\/wp\/v2\/product\/8331","targetHints":{"allow":["GET"]}}],"collection":[{"href":"https:\/\/www.helliston.eu\/et\/wp-json\/wp\/v2\/product"}],"about":[{"href":"https:\/\/www.helliston.eu\/et\/wp-json\/wp\/v2\/types\/product"}],"wp:featuredmedia":[{"embeddable":true,"href":"https:\/\/www.helliston.eu\/et\/wp-json\/wp\/v2\/media\/9202"}],"wp:attachment":[{"href":"https:\/\/www.helliston.eu\/et\/wp-json\/wp\/v2\/media?parent=8331"}],"wp:term":[{"taxonomy":"product_brand","embeddable":true,"href":"https:\/\/www.helliston.eu\/et\/wp-json\/wp\/v2\/product_brand?post=8331"},{"taxonomy":"product_cat","embeddable":true,"href":"https:\/\/www.helliston.eu\/et\/wp-json\/wp\/v2\/product_cat?post=8331"},{"taxonomy":"product_tag","embeddable":true,"href":"https:\/\/www.helliston.eu\/et\/wp-json\/wp\/v2\/product_tag?post=8331"}],"curies":[{"name":"wp","href":"https:\/\/api.w.org\/{rel}","templated":true}]}}