{"id":1113,"date":"2019-03-07T20:48:27","date_gmt":"2019-03-07T20:48:27","guid":{"rendered":"https:\/\/helliston.eu\/product\/pyoroleikkurin-varaterat-60mm-olfa-fiskars-dremel-dafa-martelli-truecut-prum-leikkuriin-paperileikkuriin-rullaleikkuriin-rullaveitseen-10-kpl\/"},"modified":"2019-12-08T14:37:13","modified_gmt":"2019-12-08T14:37:13","slug":"pyoroleikkurin-varaterat-60mm-olfa-fiskars-dremel-dafa-martelli-truecut-prum-leikkuriin-paperileikkuriin-rullaleikkuriin-rullaveitseen-10-kpl","status":"publish","type":"product","link":"https:\/\/www.helliston.eu\/fi\/tuote\/pyoroleikkurin-varaterat-60mm-olfa-fiskars-dremel-dafa-martelli-truecut-prum-leikkuriin-paperileikkuriin-rullaleikkuriin-rullaveitseen-10-kpl\/","title":{"rendered":"Py\u00f6r\u00f6leikkurin varater\u00e4t 60mm, 10 kpl (Olfa, Fiskars, Dremel, Dafa, Martelli, TrueCut, Prum leikkuriin, paperileikkuriin, rullaleikkuriin)"},"content":{"rendered":"","protected":false},"excerpt":{"rendered":"<p><strong>Varater\u00e4t 60mm<\/strong> sopivat py\u00f6r\u00f6leikkuriin, paperileikkuriin, rullaleikkuriin, rullaveitseen (Olfa, Fiskars, Fafa, Martelli, TrueCut, Prym jne)<\/p>\n<p><strong>K\u00e4ytt\u00f6:<\/strong> Ter\u00e4t 60mm tilkkut\u00f6ihin, askartelut\u00f6ihin, leikkuut\u00f6ihin, paperille, nahalle, kankaalle. Tilkkuty\u00f6n leikkurin ter\u00e4t.<\/p>\n<p>Valmistettu kest\u00e4v\u00e4st\u00e4 japanin ter\u00e4ksest\u00e4 (SKS-7). <strong>10 kpl pakkauksessa.<\/strong> Lis\u00e4toetoja alempana.<\/p>\n","protected":false},"featured_media":2699,"template":"","meta":[],"product_brand":[],"product_cat":[270],"product_tag":[],"class_list":{"0":"post-1113","1":"product","2":"type-product","3":"status-publish","4":"has-post-thumbnail","6":"product_cat-varaterat-pyoroleikkuriin-28-45-60-mm-olfa-fiskars-dremel-dafa-martelli-truecut-prym-jne","8":"first","9":"outofstock","10":"taxable","11":"shipping-taxable","12":"purchasable","13":"product-type-simple"},"jetpack_sharing_enabled":true,"_links":{"self":[{"href":"https:\/\/www.helliston.eu\/fi\/wp-json\/wp\/v2\/product\/1113","targetHints":{"allow":["GET"]}}],"collection":[{"href":"https:\/\/www.helliston.eu\/fi\/wp-json\/wp\/v2\/product"}],"about":[{"href":"https:\/\/www.helliston.eu\/fi\/wp-json\/wp\/v2\/types\/product"}],"wp:featuredmedia":[{"embeddable":true,"href":"https:\/\/www.helliston.eu\/fi\/wp-json\/wp\/v2\/media\/2699"}],"wp:attachment":[{"href":"https:\/\/www.helliston.eu\/fi\/wp-json\/wp\/v2\/media?parent=1113"}],"wp:term":[{"taxonomy":"product_brand","embeddable":true,"href":"https:\/\/www.helliston.eu\/fi\/wp-json\/wp\/v2\/product_brand?post=1113"},{"taxonomy":"product_cat","embeddable":true,"href":"https:\/\/www.helliston.eu\/fi\/wp-json\/wp\/v2\/product_cat?post=1113"},{"taxonomy":"product_tag","embeddable":true,"href":"https:\/\/www.helliston.eu\/fi\/wp-json\/wp\/v2\/product_tag?post=1113"}],"curies":[{"name":"wp","href":"https:\/\/api.w.org\/{rel}","templated":true}]}}