{"id":1117,"date":"2019-03-07T22:24:31","date_gmt":"2019-03-07T22:24:31","guid":{"rendered":"https:\/\/helliston.eu\/product\/hm-kaantotera-30x12x1-5mm-10-kpl\/"},"modified":"2021-02-07T19:00:40","modified_gmt":"2021-02-07T19:00:40","slug":"hm-kaantotera-30x12x1-5mm-10-kpl","status":"publish","type":"product","link":"https:\/\/www.helliston.eu\/fi\/tuote\/hm-kaantotera-30x12x1-5mm-10-kpl\/","title":{"rendered":"HM K\u00e4\u00e4nt\u00f6ter\u00e4 30x12x1.5mm, 10 kpl"},"content":{"rendered":"","protected":false},"excerpt":{"rendered":"<p>K\u00e4\u00e4nt\u00f6palat 30 x 12 x 2,0 mm ovat valmistettu <strong>hienolaatuisesta kovametallista<\/strong> (93.6 HRA).<\/p>\n","protected":false},"featured_media":2819,"template":"","meta":[],"product_brand":[],"product_cat":[271],"product_tag":[],"class_list":{"0":"post-1117","1":"product","2":"type-product","3":"status-publish","4":"has-post-thumbnail","6":"product_cat-kaantoterat","8":"first","9":"outofstock","10":"taxable","11":"shipping-taxable","12":"purchasable","13":"product-type-simple"},"jetpack_sharing_enabled":true,"_links":{"self":[{"href":"https:\/\/www.helliston.eu\/fi\/wp-json\/wp\/v2\/product\/1117","targetHints":{"allow":["GET"]}}],"collection":[{"href":"https:\/\/www.helliston.eu\/fi\/wp-json\/wp\/v2\/product"}],"about":[{"href":"https:\/\/www.helliston.eu\/fi\/wp-json\/wp\/v2\/types\/product"}],"wp:featuredmedia":[{"embeddable":true,"href":"https:\/\/www.helliston.eu\/fi\/wp-json\/wp\/v2\/media\/2819"}],"wp:attachment":[{"href":"https:\/\/www.helliston.eu\/fi\/wp-json\/wp\/v2\/media?parent=1117"}],"wp:term":[{"taxonomy":"product_brand","embeddable":true,"href":"https:\/\/www.helliston.eu\/fi\/wp-json\/wp\/v2\/product_brand?post=1117"},{"taxonomy":"product_cat","embeddable":true,"href":"https:\/\/www.helliston.eu\/fi\/wp-json\/wp\/v2\/product_cat?post=1117"},{"taxonomy":"product_tag","embeddable":true,"href":"https:\/\/www.helliston.eu\/fi\/wp-json\/wp\/v2\/product_tag?post=1117"}],"curies":[{"name":"wp","href":"https:\/\/api.w.org\/{rel}","templated":true}]}}