{"id":1119,"date":"2019-03-07T21:24:02","date_gmt":"2019-03-07T21:24:02","guid":{"rendered":"https:\/\/helliston.eu\/product\/hm-kaantoterat-kutterin-terat-14x14x1-2mm-10-kpl\/"},"modified":"2019-05-30T15:36:55","modified_gmt":"2019-05-30T15:36:55","slug":"hm-kaantoterat-kutterin-terat-14x14x1-2mm-10-kpl","status":"publish","type":"product","link":"https:\/\/helliston.eu\/fi\/tuote\/hm-kaantoterat-kutterin-terat-14x14x1-2mm-10-kpl\/","title":{"rendered":"HM K\u00e4\u00e4nt\u00f6ter\u00e4t\/ kutterin ter\u00e4t 14x14x1.2mm, 10 kpl"},"content":{"rendered":"","protected":false},"excerpt":{"rendered":"<p>K\u00e4\u00e4nt\u00f6ter\u00e4t 14 x 14 x 1.5 mm ovat valmistettu <strong>hienolaatuisesta kovametallista<\/strong> (93.6 HRA).<\/p>\n","protected":false},"featured_media":2789,"template":"","meta":[],"product_brand":[],"product_cat":[271],"product_tag":[],"class_list":{"0":"post-1119","1":"product","2":"type-product","3":"status-publish","4":"has-post-thumbnail","6":"product_cat-kaantoterat","8":"first","9":"instock","10":"taxable","11":"shipping-taxable","12":"purchasable","13":"product-type-simple"},"jetpack_sharing_enabled":true,"_links":{"self":[{"href":"https:\/\/helliston.eu\/fi\/wp-json\/wp\/v2\/product\/1119","targetHints":{"allow":["GET"]}}],"collection":[{"href":"https:\/\/helliston.eu\/fi\/wp-json\/wp\/v2\/product"}],"about":[{"href":"https:\/\/helliston.eu\/fi\/wp-json\/wp\/v2\/types\/product"}],"wp:featuredmedia":[{"embeddable":true,"href":"https:\/\/helliston.eu\/fi\/wp-json\/wp\/v2\/media\/2789"}],"wp:attachment":[{"href":"https:\/\/helliston.eu\/fi\/wp-json\/wp\/v2\/media?parent=1119"}],"wp:term":[{"taxonomy":"product_brand","embeddable":true,"href":"https:\/\/helliston.eu\/fi\/wp-json\/wp\/v2\/product_brand?post=1119"},{"taxonomy":"product_cat","embeddable":true,"href":"https:\/\/helliston.eu\/fi\/wp-json\/wp\/v2\/product_cat?post=1119"},{"taxonomy":"product_tag","embeddable":true,"href":"https:\/\/helliston.eu\/fi\/wp-json\/wp\/v2\/product_tag?post=1119"}],"curies":[{"name":"wp","href":"https:\/\/api.w.org\/{rel}","templated":true}]}}