{"id":21273,"date":"2023-04-04T14:20:40","date_gmt":"2023-04-06T17:56:30","guid":{"rendered":"https:\/\/helliston.eu\/product\/varaterat-bahco-ergo-625-650-665-maalikaapimeen\/"},"modified":"2023-04-07T06:17:27","modified_gmt":"2023-04-07T06:17:27","slug":"maalikaapimen-vaihtotera-varatera-kovametallitera-maalikaavin-skrapan-bahco-ergo-625-650-665-sandvik-maalikaapimeen","status":"publish","type":"product","link":"https:\/\/www.helliston.eu\/fi\/tuote\/maalikaapimen-vaihtotera-varatera-kovametallitera-maalikaavin-skrapan-bahco-ergo-625-650-665-sandvik-maalikaapimeen\/","title":{"rendered":"Varater\u00e4t Bahco Ergo 625, 650, 665 -maalikaapimeen"},"content":{"rendered":"","protected":false},"excerpt":{"rendered":"<p>Maalikaapimen kovametalliter\u00e4t Bahco Ergo 625, 650, 665, Sandvik -maalikaapimeen: kolmion 25mm, 50mm, 65mm, pisaranmuotoinen (DROP), py\u00f6re\u00e4 (ROUND) ja p\u00e4\u00e4ryn\u00e4nmuotoinen (PEAR). Valmistettu korkealaatuisesta mikro-volframikarbidista. Varater\u00e4t pysyv\u00e4t ter\u00e4vin\u00e4 noin 50 kertaa pidemp\u00e4\u00e4n kuin perinteiset maalikaapimen ter\u00e4t. Soveltuu erinomaisesti antifoulingin, maalin poistoon ja maalipuutteiden poistoon erilaisista materiaaleista, kuten puusta, betonista ja metallista.<\/p>\n<p>***Oma tuotemerkkimme. Ter\u00e4t eiv\u00e4t ole halpoja vaihtoehtoja alkuper\u00e4isille terille. Ne on kehitetty tarpeidemme mukaan vanhojen puuikkunoiden ja -ovien restaurointikorjaamossamme. Voimme taata, ett\u00e4 ter\u00e4t ovat ter\u00e4vi\u00e4 ja kest\u00e4v\u00e4t pitk\u00e4\u00e4n.*** ***<\/p>\n","protected":false},"featured_media":24935,"template":"","meta":[],"product_brand":[],"product_cat":[3378,273],"product_tag":[],"class_list":{"0":"post-21273","1":"product","2":"type-product","3":"status-publish","4":"has-post-thumbnail","6":"product_cat-maalikaapimeen-bahco-ergo-650-665-625","7":"product_cat-maalikaapimen-terat","9":"first","10":"instock","11":"taxable","12":"shipping-taxable","13":"purchasable","14":"product-type-variable"},"jetpack_sharing_enabled":true,"_links":{"self":[{"href":"https:\/\/www.helliston.eu\/fi\/wp-json\/wp\/v2\/product\/21273","targetHints":{"allow":["GET"]}}],"collection":[{"href":"https:\/\/www.helliston.eu\/fi\/wp-json\/wp\/v2\/product"}],"about":[{"href":"https:\/\/www.helliston.eu\/fi\/wp-json\/wp\/v2\/types\/product"}],"wp:featuredmedia":[{"embeddable":true,"href":"https:\/\/www.helliston.eu\/fi\/wp-json\/wp\/v2\/media\/24935"}],"wp:attachment":[{"href":"https:\/\/www.helliston.eu\/fi\/wp-json\/wp\/v2\/media?parent=21273"}],"wp:term":[{"taxonomy":"product_brand","embeddable":true,"href":"https:\/\/www.helliston.eu\/fi\/wp-json\/wp\/v2\/product_brand?post=21273"},{"taxonomy":"product_cat","embeddable":true,"href":"https:\/\/www.helliston.eu\/fi\/wp-json\/wp\/v2\/product_cat?post=21273"},{"taxonomy":"product_tag","embeddable":true,"href":"https:\/\/www.helliston.eu\/fi\/wp-json\/wp\/v2\/product_tag?post=21273"}],"curies":[{"name":"wp","href":"https:\/\/api.w.org\/{rel}","templated":true}]}}