{"id":24033,"date":"2024-02-25T11:39:45","date_gmt":"2024-05-04T19:13:06","guid":{"rendered":"https:\/\/helliston.eu\/?post_type=product&#038;p=24033"},"modified":"2024-05-04T19:13:06","modified_gmt":"2024-05-04T19:13:06","slug":"t1-w18-hoylanterat-hoylalle-scheppach-plana-2-0c-hss-wolfram-volframi-18-200x20x25-mm","status":"publish","type":"product","link":"https:\/\/helliston.eu\/fi\/tuote\/t1-w18-hoylanterat-hoylalle-scheppach-plana-2-0c-hss-wolfram-volframi-18-200x20x25-mm\/","title":{"rendered":"T1 W18% h\u00f6yl\u00e4nter\u00e4t Scheppach Plana 2.0C -h\u00f6yl\u00e4\u00e4n, HSS Volframi 18%, 200x20x2,5 mm"},"content":{"rendered":"<p>Helliston HSS W18% h\u00f6yl\u00e4nter\u00e4t oikotasoh\u00f6yl\u00e4\u00e4n Scheppach Plana 2.0C. Ter\u00e4mme ovat poikkeuksellisen ter\u00e4vi\u00e4 (0,2RA) ja kest\u00e4v\u00e4t. 18% volframipitoisuus ja metallin kovuus 66 HRC Rockwellin mukaan takaavat pitk\u00e4n k\u00e4ytt\u00f6i\u00e4n ja erinomaisen leikkaustehokkuuden, jopa vaativissa projekteissa.<\/p>\n<ol>\n<li><strong>M\u00e4\u00e4r\u00e4 ja mitat:<\/strong>\n<ul>\n<li>1 pari h\u00f6yl\u00e4nteri\u00e4 200 x 20 x 2,5 mm Scheppach Plana 2.0C -oikotasoh\u00f6yl\u00e4\u00e4n.<\/li>\n<\/ul>\n<\/li>\n<li><strong>Ter\u00e4v\u00e4t ja kest\u00e4v\u00e4t ter\u00e4t:<\/strong>\n<ul>\n<li>H\u00f6yl\u00e4ter\u00e4mme ovat poikkeuksellisen ter\u00e4v\u00e4t (teroitus 0.2Ra).<\/li>\n<li>HSS Volframi 18% varmistaa pitk\u00e4n k\u00e4ytt\u00f6i\u00e4n ja erinomaisen leikkaustehokkuuden.<\/li>\n<li>Meid\u00e4n h\u00f6yl\u00e4nter\u00e4t oiko-tasoh\u00f6yl\u00e4\u00e4n Scheppach Plana 2.0C ovat karkaistu Rockwell-kovuuteen 66HRC, mik\u00e4 lis\u00e4\u00e4 niiden kest\u00e4vyytt\u00e4 entisest\u00e4\u00e4n..<\/li>\n<\/ul>\n<\/li>\n<li><strong>Erilaisia \u200b\u200bpuita:<\/strong>\n<ul>\n<li>Meiden h\u00f6yl\u00e4nter\u00e4t oikotasoh\u00f6yl\u00e4\u00e4n Scheppach Plana 2.0C sopivat erinomaisesti sek\u00e4 pehme\u00e4n ett\u00e4 kovan puun k\u00e4sittelyyn, tammiosta m\u00e4ntyyn.<\/li>\n<\/ul>\n<\/li>\n<li><strong>Asiakastuki:<\/strong>\n<ul>\n<li>Ole rohkeasti yhteydess\u00e4 s\u00e4hk\u00f6postitse, jos sinulla on kysytt\u00e4v\u00e4\u00e4; olemme valmiina auttamaan sinua.<\/li>\n<\/ul>\n<\/li>\n<\/ol>\n","protected":false},"excerpt":{"rendered":"<p>T1 HSS W18% h\u00f6yl\u00e4nter\u00e4t oikotasoh\u00f6yl\u00e4\u00e4n Scheppach Plana 2.0C, 200 x 20 x 2,5 mm. 2 h\u00f6yl\u00e4ter\u00e4\u00e4\/pakkaus. Valmistettu kest\u00e4v\u00e4st\u00e4 HSS-pikater\u00e4ksest\u00e4, jossa on 18% volframipitoisuus (Rockwell-kovuus: 66HRC). Ter\u00e4t on teroitettu 0,2RA:han ja niit\u00e4 voi teroittaa toistuvasti. Katso lis\u00e4tietoja j\u00e4ljemp\u00e4n\u00e4.<\/p>\n","protected":false},"featured_media":24594,"template":"","meta":[],"product_brand":[],"product_cat":[4160,820],"product_tag":[],"class_list":{"0":"post-24033","1":"product","2":"type-product","3":"status-publish","4":"has-post-thumbnail","6":"product_cat-plana-2-0-c-fi","7":"product_cat-hoylanterat-tuottemerkkien-mukaan","9":"first","10":"instock","11":"taxable","12":"shipping-taxable","13":"purchasable","14":"product-type-simple"},"jetpack_sharing_enabled":true,"_links":{"self":[{"href":"https:\/\/helliston.eu\/fi\/wp-json\/wp\/v2\/product\/24033","targetHints":{"allow":["GET"]}}],"collection":[{"href":"https:\/\/helliston.eu\/fi\/wp-json\/wp\/v2\/product"}],"about":[{"href":"https:\/\/helliston.eu\/fi\/wp-json\/wp\/v2\/types\/product"}],"wp:featuredmedia":[{"embeddable":true,"href":"https:\/\/helliston.eu\/fi\/wp-json\/wp\/v2\/media\/24594"}],"wp:attachment":[{"href":"https:\/\/helliston.eu\/fi\/wp-json\/wp\/v2\/media?parent=24033"}],"wp:term":[{"taxonomy":"product_brand","embeddable":true,"href":"https:\/\/helliston.eu\/fi\/wp-json\/wp\/v2\/product_brand?post=24033"},{"taxonomy":"product_cat","embeddable":true,"href":"https:\/\/helliston.eu\/fi\/wp-json\/wp\/v2\/product_cat?post=24033"},{"taxonomy":"product_tag","embeddable":true,"href":"https:\/\/helliston.eu\/fi\/wp-json\/wp\/v2\/product_tag?post=24033"}],"curies":[{"name":"wp","href":"https:\/\/api.w.org\/{rel}","templated":true}]}}