{"id":25002,"date":"2024-05-03T19:44:28","date_gmt":"2024-05-04T14:23:14","guid":{"rendered":"https:\/\/helliston.eu\/product\/maalikaapimeen-habo-maalikaavin-vara-vaihto-tera-kovametalli-volframkarbidi\/"},"modified":"2024-05-04T14:23:14","modified_gmt":"2024-05-04T14:23:14","slug":"maalikaapimeen-habo-maalikaavin-vara-vaihto-tera-kovametalli-volframkarbidi","status":"publish","type":"product","link":"https:\/\/www.helliston.eu\/fi\/tuote\/maalikaapimeen-habo-maalikaavin-vara-vaihto-tera-kovametalli-volframkarbidi\/","title":{"rendered":"Kovametalliter\u00e4 Habo -maalikaapimeen 25mm, 50mm, 65mm"},"content":{"rendered":"","protected":false},"excerpt":{"rendered":"<p>Kovametalli-varater\u00e4 maalikaapimeen Habo 25-mm, 50-mm, 65-mm. Valmistettu korkealaatuisesta mikro-volframikarbidista. Varater\u00e4t ovat eritt\u00e4in ter\u00e4vi\u00e4 ja ihanteellisia maalin, ruosteen ja lakkojen, antifoulingin poistamiseen. Kovametalli takaa pitk\u00e4n k\u00e4ytt\u00f6i\u00e4n, my\u00f6s vaativissa projekteissa.<\/p>\n","protected":false},"featured_media":24960,"template":"","meta":[],"product_brand":[],"product_cat":[3653,273],"product_tag":[],"class_list":{"0":"post-25002","1":"product","2":"type-product","3":"status-publish","4":"has-post-thumbnail","6":"product_cat-vaihtoterat-varatera-maalikaapimeen-maalikaavin-habo","7":"product_cat-maalikaapimen-terat","9":"first","10":"instock","11":"taxable","12":"shipping-taxable","13":"purchasable","14":"product-type-variable"},"jetpack_sharing_enabled":true,"_links":{"self":[{"href":"https:\/\/www.helliston.eu\/fi\/wp-json\/wp\/v2\/product\/25002","targetHints":{"allow":["GET"]}}],"collection":[{"href":"https:\/\/www.helliston.eu\/fi\/wp-json\/wp\/v2\/product"}],"about":[{"href":"https:\/\/www.helliston.eu\/fi\/wp-json\/wp\/v2\/types\/product"}],"wp:featuredmedia":[{"embeddable":true,"href":"https:\/\/www.helliston.eu\/fi\/wp-json\/wp\/v2\/media\/24960"}],"wp:attachment":[{"href":"https:\/\/www.helliston.eu\/fi\/wp-json\/wp\/v2\/media?parent=25002"}],"wp:term":[{"taxonomy":"product_brand","embeddable":true,"href":"https:\/\/www.helliston.eu\/fi\/wp-json\/wp\/v2\/product_brand?post=25002"},{"taxonomy":"product_cat","embeddable":true,"href":"https:\/\/www.helliston.eu\/fi\/wp-json\/wp\/v2\/product_cat?post=25002"},{"taxonomy":"product_tag","embeddable":true,"href":"https:\/\/www.helliston.eu\/fi\/wp-json\/wp\/v2\/product_tag?post=25002"}],"curies":[{"name":"wp","href":"https:\/\/api.w.org\/{rel}","templated":true}]}}