{"id":6271,"date":"2019-12-25T12:48:54","date_gmt":"2020-01-17T08:23:22","guid":{"rendered":"https:\/\/helliston.eu\/?post_type=product&#038;p=6271"},"modified":"2020-01-17T08:23:22","modified_gmt":"2020-01-17T08:23:22","slug":"hss-wolfram-18-hoylanterat-317x12x15mm-triton-tpt125-tasohoylaan-2-kpl","status":"publish","type":"product","link":"https:\/\/www.helliston.eu\/fi\/tuote\/hss-wolfram-18-hoylanterat-317x12x15mm-triton-tpt125-tasohoylaan-2-kpl\/","title":{"rendered":"HSS Wolfram 18% H\u00f6yl\u00e4nter\u00e4t 317x12x1,5mm Triton TPT125 tasoh\u00f6yl\u00e4\u00e4n (2 kpl)"},"content":{"rendered":"","protected":false},"excerpt":{"rendered":"","protected":false},"featured_media":7312,"template":"","meta":[],"product_brand":[],"product_cat":[429,272,1041,1797],"product_tag":[],"class_list":{"0":"post-6271","1":"product","2":"type-product","3":"status-publish","4":"has-post-thumbnail","6":"product_cat-317mm-triton-tpt125-hoylaan","7":"product_cat-hoylanterat","8":"product_cat-hoylan-terat-triton-hoylaan","9":"product_cat-oiko-tasohoyla-triton-tpt-125-317mm","11":"first","12":"instock","13":"taxable","14":"shipping-taxable","15":"purchasable","16":"product-type-simple"},"jetpack_sharing_enabled":true,"_links":{"self":[{"href":"https:\/\/www.helliston.eu\/fi\/wp-json\/wp\/v2\/product\/6271","targetHints":{"allow":["GET"]}}],"collection":[{"href":"https:\/\/www.helliston.eu\/fi\/wp-json\/wp\/v2\/product"}],"about":[{"href":"https:\/\/www.helliston.eu\/fi\/wp-json\/wp\/v2\/types\/product"}],"wp:featuredmedia":[{"embeddable":true,"href":"https:\/\/www.helliston.eu\/fi\/wp-json\/wp\/v2\/media\/7312"}],"wp:attachment":[{"href":"https:\/\/www.helliston.eu\/fi\/wp-json\/wp\/v2\/media?parent=6271"}],"wp:term":[{"taxonomy":"product_brand","embeddable":true,"href":"https:\/\/www.helliston.eu\/fi\/wp-json\/wp\/v2\/product_brand?post=6271"},{"taxonomy":"product_cat","embeddable":true,"href":"https:\/\/www.helliston.eu\/fi\/wp-json\/wp\/v2\/product_cat?post=6271"},{"taxonomy":"product_tag","embeddable":true,"href":"https:\/\/www.helliston.eu\/fi\/wp-json\/wp\/v2\/product_tag?post=6271"}],"curies":[{"name":"wp","href":"https:\/\/api.w.org\/{rel}","templated":true}]}}