{"id":6580,"date":"2020-01-16T17:45:03","date_gmt":"2020-01-16T17:45:03","guid":{"rendered":"https:\/\/helliston.eu\/product\/hm-tct-planer-blades-260x18x3mm-with-2-slots-for-scheppach-hm0-hm1-hm2-hmt-hms260-hmc-260-hms2600-hmc-2600-2-pc\/"},"modified":"2020-03-19T19:45:20","modified_gmt":"2020-03-19T19:45:20","slug":"hm-tct-hoylanterat-260x18x3mm-kahdella-kiinnitys-kololla-scheppach-hm0-hm1-hm2-hmt-hms260-hmc-260-hms2600-hmc-2600-hoyliin-2-kpl","status":"publish","type":"product","link":"https:\/\/www.helliston.eu\/fi\/tuote\/hm-tct-hoylanterat-260x18x3mm-kahdella-kiinnitys-kololla-scheppach-hm0-hm1-hm2-hmt-hms260-hmc-260-hms2600-hmc-2600-hoyliin-2-kpl\/","title":{"rendered":"HM\/TCT H\u00f6yl\u00e4nter\u00e4t 260x18x3mm KAHDELLA KIINNITYS KOLOLLA Scheppach HM0, HM1, HM2, HMT+, HMS260, HMC 260, HMS2600, HMC 2600-h\u00f6yliin (2 kpl)"},"content":{"rendered":"","protected":false},"excerpt":{"rendered":"","protected":false},"featured_media":5997,"template":"","meta":[],"product_brand":[],"product_cat":[426,272],"product_tag":[],"class_list":{"0":"post-6580","1":"product","2":"type-product","3":"status-publish","4":"has-post-thumbnail","6":"product_cat-260mm-for-scheppach-hms260-metabo-elektra-beckum-hc260-hc260m-hc260c-hc260e-hc260es-hc260k-fi","7":"product_cat-hoylanterat","9":"first","10":"outofstock","11":"taxable","12":"shipping-taxable","13":"product-type-simple"},"jetpack_sharing_enabled":true,"_links":{"self":[{"href":"https:\/\/www.helliston.eu\/fi\/wp-json\/wp\/v2\/product\/6580","targetHints":{"allow":["GET"]}}],"collection":[{"href":"https:\/\/www.helliston.eu\/fi\/wp-json\/wp\/v2\/product"}],"about":[{"href":"https:\/\/www.helliston.eu\/fi\/wp-json\/wp\/v2\/types\/product"}],"wp:featuredmedia":[{"embeddable":true,"href":"https:\/\/www.helliston.eu\/fi\/wp-json\/wp\/v2\/media\/5997"}],"wp:attachment":[{"href":"https:\/\/www.helliston.eu\/fi\/wp-json\/wp\/v2\/media?parent=6580"}],"wp:term":[{"taxonomy":"product_brand","embeddable":true,"href":"https:\/\/www.helliston.eu\/fi\/wp-json\/wp\/v2\/product_brand?post=6580"},{"taxonomy":"product_cat","embeddable":true,"href":"https:\/\/www.helliston.eu\/fi\/wp-json\/wp\/v2\/product_cat?post=6580"},{"taxonomy":"product_tag","embeddable":true,"href":"https:\/\/www.helliston.eu\/fi\/wp-json\/wp\/v2\/product_tag?post=6580"}],"curies":[{"name":"wp","href":"https:\/\/api.w.org\/{rel}","templated":true}]}}