{"id":6807,"date":"2020-01-05T19:55:21","date_gmt":"2020-01-05T19:55:21","guid":{"rendered":"https:\/\/helliston.eu\/product\/hm-carbide-scraper-insert-blade-for-sandvik-scraper-620-2525-25x25x2mm-4-edges-1-pc\/"},"modified":"2024-06-29T21:24:39","modified_gmt":"2024-06-29T21:24:39","slug":"kaavintera-kaapimeen-sandvik-620-25-620-2520-620-2525-620-2530","status":"publish","type":"product","link":"https:\/\/www.helliston.eu\/fi\/tuote\/kaavintera-kaapimeen-sandvik-620-25-620-2520-620-2525-620-2530\/","title":{"rendered":"Kaavinter\u00e4 kaapimeen Sandvik 620-25 (620-2520, 620-2525, 620-2530)"},"content":{"rendered":"","protected":false},"excerpt":{"rendered":"<p>Kovametalli-kaavinter\u00e4 kaapimeen Sandvik 620-25 (620-2520, 620-2525, 620-2530) tai samalaisille malleille kuin Biax tai Rennsteig. N\u00e4it\u00e4 kaavinteri\u00e4 on saatavana seuraavissa mitoissa: 20x25x2mm, 25x25x2mm ja 30x25x2mm. Varater\u00e4t on valmistettu korkealaatuisesta volframikarbidista ja kovetettu Rockwellin asteikon mukaan 93+ HRA. Terill\u00e4 on nelj\u00e4 leikkuus\u00e4rm\u00e4\u00e4, joiden kulma on 3\u00b0. Ennen ostamista tarkista piirustus ja kiinnit\u00e4 huomiota kulmiin!<\/p>\n<p>Lis\u00e4tietoja l\u00f6ytyy alempana.<\/p>\n<p><span data-text-color=\"primary\"><strong>M\u00e4\u00e4r\u00e4alennus koskee koko tilausta, ei pelk\u00e4st\u00e4\u00e4n yhden koon ter\u00e4\u00e4:<\/strong><\/span><\/p>\n","protected":false},"featured_media":25127,"template":"","meta":[],"product_brand":[],"product_cat":[2266],"product_tag":[],"class_list":{"0":"post-6807","1":"product","2":"type-product","3":"status-publish","4":"has-post-thumbnail","6":"product_cat-tasokaavaimen-varaterat-sandvik-tasokaavain-620-2020-2025-2030-rennsteig-460-465-forum-hazet","8":"first","9":"instock","10":"taxable","11":"shipping-taxable","12":"purchasable","13":"product-type-variable"},"jetpack_sharing_enabled":true,"_links":{"self":[{"href":"https:\/\/www.helliston.eu\/fi\/wp-json\/wp\/v2\/product\/6807","targetHints":{"allow":["GET"]}}],"collection":[{"href":"https:\/\/www.helliston.eu\/fi\/wp-json\/wp\/v2\/product"}],"about":[{"href":"https:\/\/www.helliston.eu\/fi\/wp-json\/wp\/v2\/types\/product"}],"wp:featuredmedia":[{"embeddable":true,"href":"https:\/\/www.helliston.eu\/fi\/wp-json\/wp\/v2\/media\/25127"}],"wp:attachment":[{"href":"https:\/\/www.helliston.eu\/fi\/wp-json\/wp\/v2\/media?parent=6807"}],"wp:term":[{"taxonomy":"product_brand","embeddable":true,"href":"https:\/\/www.helliston.eu\/fi\/wp-json\/wp\/v2\/product_brand?post=6807"},{"taxonomy":"product_cat","embeddable":true,"href":"https:\/\/www.helliston.eu\/fi\/wp-json\/wp\/v2\/product_cat?post=6807"},{"taxonomy":"product_tag","embeddable":true,"href":"https:\/\/www.helliston.eu\/fi\/wp-json\/wp\/v2\/product_tag?post=6807"}],"curies":[{"name":"wp","href":"https:\/\/api.w.org\/{rel}","templated":true}]}}