{"id":4819,"date":"2019-03-03T18:21:31","date_gmt":"2019-03-03T18:21:31","guid":{"rendered":"https:\/\/helliston.eu\/payment-methods\/"},"modified":"2020-07-01T11:56:10","modified_gmt":"2020-07-01T11:56:10","slug":"modes-de-paiement","status":"publish","type":"page","link":"https:\/\/www.helliston.eu\/fr\/modes-de-paiement\/","title":{"rendered":"Modes de paiement"},"content":{"rendered":"\n\t<section class=\"section\" id=\"section_1946797925\">\n\t\t<div class=\"section-bg fill\" >\n\t\t\t\t\t\t\t\t\t\n\t\t\t\n\n\t\t<\/div>\n\n\t\t\n\n\t\t<div class=\"section-content relative\">\n\t\t\t\n<div class=\"row row-collapse align-center\"  id=\"row-1142016945\">\n\n\n\t<div id=\"col-943832035\" class=\"col medium-7 small-12 large-7\"  >\n\t\t\t\t<div class=\"col-inner text-center\"  >\n\t\t\t\n\t\t\t\n\n<div class=\"ux-logo has-hover align-middle ux_logo inline-block\" style=\"max-width: 100%!important; width: 158.048780488px!important\"><div class=\"ux-logo-link block image-\" title=\"\" href=\"\" style=\"padding: 15px;\"><img decoding=\"async\" src=\"https:\/\/www.helliston.eu\/wp-content\/uploads\/2020\/01\/Sepa-Logo.jpg\" title=\"\" alt=\"\" class=\"ux-logo-image block\" style=\"height:35px;\" \/><\/div><\/div>\n\n<div class=\"ux-logo has-hover align-middle ux_logo inline-block\" style=\"max-width: 100%!important; width: 138.24742268px!important\"><div class=\"ux-logo-link block image-\" title=\"\" href=\"\" style=\"padding: 15px;\"><img decoding=\"async\" src=\"https:\/\/www.helliston.eu\/wp-content\/uploads\/2020\/01\/Visa-Logo.jpg\" title=\"\" alt=\"\" class=\"ux-logo-image block\" style=\"height:35px;\" \/><\/div><\/div>\n\n<div class=\"ux-logo has-hover align-middle ux_logo inline-block\" style=\"max-width: 100%!important; width: 94.1025641026px!important\"><div class=\"ux-logo-link block image-\" title=\"\" href=\"\" style=\"padding: 15px;\"><img decoding=\"async\" src=\"https:\/\/www.helliston.eu\/wp-content\/uploads\/2020\/01\/Mastercard-logo.jpg\" title=\"\" alt=\"\" class=\"ux-logo-image block\" style=\"height:50px;\" \/><\/div><\/div>\n\n\n\t\t<\/div>\n\t\t\t\t\t<\/div>\n\n\t\n\n<\/div>\n<div class=\"row row-collapse align-center\"  id=\"row-817200915\">\n\n\n\t<div id=\"col-1511571416\" class=\"col medium-7 small-12 large-7\"  >\n\t\t\t\t<div class=\"col-inner text-center\"  >\n\t\t\t\n\t\t\t\n\n<div class=\"ux-logo has-hover align-middle ux_logo inline-block\" style=\"max-width: 100%!important; width: 186.71641791px!important\"><div class=\"ux-logo-link block image-\" title=\"\" href=\"\" style=\"padding: 15px;\"><img decoding=\"async\" src=\"https:\/\/www.helliston.eu\/wp-content\/uploads\/2020\/01\/Klarna-Logo.jpg\" title=\"\" alt=\"\" class=\"ux-logo-image block\" style=\"height:35px;\" \/><\/div><\/div>\n\n<div class=\"ux-logo has-hover align-middle ux_logo inline-block\" style=\"max-width: 100%!important; width: 161.25px!important\"><div class=\"ux-logo-link block image-\" title=\"\" href=\"\" style=\"padding: 15px;\"><img decoding=\"async\" src=\"https:\/\/www.helliston.eu\/wp-content\/uploads\/2020\/01\/Paypal-logo.jpg\" title=\"\" alt=\"\" class=\"ux-logo-image block\" style=\"height:35px;\" \/><\/div><\/div>\n\n<div class=\"ux-logo has-hover align-middle ux_logo inline-block\" style=\"max-width: 100%!important; width: 196.666666667px!important\"><div class=\"ux-logo-link block image-\" title=\"\" href=\"\" style=\"padding: 15px;\"><img decoding=\"async\" src=\"https:\/\/www.helliston.eu\/wp-content\/uploads\/2020\/01\/Paysera-Logo.jpg\" title=\"\" alt=\"\" class=\"ux-logo-image block\" style=\"height:35px;\" \/><\/div><\/div>\n\n<div class=\"ux-logo has-hover align-middle ux_logo inline-block\" style=\"max-width: 100%!important; width: 140.526315789px!important\"><div class=\"ux-logo-link block image-\" title=\"\" href=\"\" style=\"padding: 15px;\"><img decoding=\"async\" src=\"https:\/\/www.helliston.eu\/wp-content\/uploads\/2020\/02\/SofortUeberweisung.jpg\" title=\"\" alt=\"\" class=\"ux-logo-image block\" style=\"height:35px;\" \/><\/div><\/div>\n\n<div class=\"ux-logo has-hover align-middle ux_logo inline-block\" style=\"max-width: 100%!important; width: 127.122302158px!important\"><div class=\"ux-logo-link block image-\" title=\"\" href=\"\" style=\"padding: 15px;\"><img decoding=\"async\" src=\"https:\/\/www.helliston.eu\/wp-content\/uploads\/2020\/02\/Giropay.jpg\" title=\"\" alt=\"\" class=\"ux-logo-image block\" style=\"height:45px;\" \/><\/div><\/div>\n\n<div class=\"ux-logo has-hover align-middle ux_logo inline-block\" style=\"max-width: 100%!important; width: 99.2307692308px!important\"><div class=\"ux-logo-link block image-\" title=\"\" href=\"\" style=\"padding: 15px;\"><img decoding=\"async\" src=\"https:\/\/www.helliston.eu\/wp-content\/uploads\/2020\/02\/EPS-Logo.jpg\" title=\"\" alt=\"\" class=\"ux-logo-image block\" style=\"height:45px;\" \/><\/div><\/div>\n\n<div class=\"ux-logo has-hover align-middle ux_logo inline-block\" style=\"max-width: 100%!important; width: 113.333333333px!important\"><div class=\"ux-logo-link block image-\" title=\"\" href=\"\" style=\"padding: 15px;\"><img decoding=\"async\" src=\"https:\/\/www.helliston.eu\/wp-content\/uploads\/2020\/02\/Stripe-Logo.jpg\" title=\"\" alt=\"\" class=\"ux-logo-image block\" style=\"height:35px;\" \/><\/div><\/div>\n\n\n\t\t<\/div>\n\t\t\t\t\t<\/div>\n\n\t\n\n<\/div>\n\t\t<\/div>\n\n\t\t\n<style>\n#section_1946797925 {\n  padding-top: 30px;\n  padding-bottom: 30px;\n}\n<\/style>\n\t<\/section>\n\t\n\n\t<section class=\"section\" id=\"section_883540606\">\n\t\t<div class=\"section-bg fill\" >\n\t\t\t\t\t\t\t\t\t\n\t\t\t\n\n\t\t<\/div>\n\n\t\t\n\n\t\t<div class=\"section-content relative\">\n\t\t\t\n<div class=\"row row-collapse row-full-width align-equal align-center\"  id=\"row-80992806\">\n\n\t<div id=\"col-76509659\" class=\"col medium-2 small-12 large-2\"  >\n\t\t\t\t<div class=\"col-inner\"  >\n\t\t\t\n\t\t\t\n<div class=\"container section-title-container\" ><h3 class=\"section-title section-title-center\"><b aria-hidden=\"true\"><\/b><span class=\"section-title-main\" >Conditions g\u00e9n\u00e9rales<\/span><b aria-hidden=\"true\"><\/b><\/h3><\/div>\n\t\t<\/div>\n\t\t\t\t\t<\/div>\n\n\t\n\n\t<div id=\"col-255482306\" class=\"col medium-8 small-10 large-8\"  >\n\t\t\t\t<div class=\"col-inner\"  >\n\t\t\t\n\t\t\t\n<ul>\n<li>En g\u00e9n\u00e9ral, pour de nouveaux clients, <strong>le r\u00e8glement d\u2019avance <\/strong>est consid\u00e9r\u00e9 comme la modalit\u00e9 de paiement principale.<\/li>\n<li>Votre commande sera ex\u00e9cut\u00e9e dans un d\u00e9lai de 24\u00a0heures (du lundi au vendredi) \u00e0 compter de l\u2019encaissement du paiement sur notre compte bancaire.<\/li>\n<\/ul>\n\t\t<\/div>\n\t\t\t\t\t<\/div>\n\n\t\n<\/div>\n\t\t<\/div>\n\n\t\t\n<style>\n#section_883540606 {\n  padding-top: 30px;\n  padding-bottom: 30px;\n}\n<\/style>\n\t<\/section>\n\t\n\n\t<section class=\"section\" id=\"section_1296989179\">\n\t\t<div class=\"section-bg fill\" >\n\t\t\t\t\t\t\t\t\t\n\t\t\t\n\n\t\t<\/div>\n\n\t\t\n\n\t\t<div class=\"section-content relative\">\n\t\t\t\n<div class=\"row row-collapse row-full-width align-equal align-center\"  id=\"row-1367062945\">\n\n\t<div id=\"col-1352468221\" class=\"col medium-2 small-12 large-2\"  >\n\t\t\t\t<div class=\"col-inner\"  >\n\t\t\t\n\t\t\t\n<div class=\"container section-title-container\" ><h3 class=\"section-title section-title-center\"><b aria-hidden=\"true\"><\/b><span class=\"section-title-main\" >Modes de paiement<\/span><b aria-hidden=\"true\"><\/b><\/h3><\/div>\n\t\t<\/div>\n\t\t\t\t\t<\/div>\n\n\t\n\n\t<div id=\"col-25336195\" class=\"col medium-8 small-10 large-8\"  >\n\t\t\t\t<div class=\"col-inner\"  >\n\t\t\t\n\t\t\t\n<ul>\n<li>Paiement d\u2019avance par virement (SEPA)<\/li>\n<li>Paiement d\u2019avance par l\u2019interm\u00e9diaire du syst\u00e8me Paysera (supporte divers modes de paiement locaux dans toute l\u2019Europe)<\/li>\n<li>Paiement d\u2019avance par Paypal<\/li>\n<li>Paiement d\u2019avance par carte de cr\u00e9dit ou de d\u00e9bit VISA\/MASTER (par Paysera ou par Paypal)<\/li>\n<li>En esp\u00e8ces sur place, c.-\u00e0-d. dans notre bureau (pri\u00e8re de prendre un rendez-vous \u00e0 l\u2019avance car le bureau n\u2019a pas d\u2019heures d\u2019ouverture fixes)<\/li>\n<li>Sur facture (possibilit\u00e9 offerte aux clients fid\u00e9lis\u00e9s)<\/li>\n<\/ul>\n\t\t<\/div>\n\t\t\t\t\t<\/div>\n\n\t\n<\/div>\n\t<div id=\"gap-1883864585\" class=\"gap-element clearfix\" style=\"display:block; height:auto;\">\n\t\t\n<style>\n#gap-1883864585 {\n  padding-top: 30px;\n}\n<\/style>\n\t<\/div>\n\t\n<div class=\"row row-collapse row-full-width align-equal align-center\"  id=\"row-2058060103\">\n\n\t<div id=\"col-1381992339\" class=\"col medium-2 small-12 large-2\"  >\n\t\t\t\t<div class=\"col-inner text-center\"  >\n\t\t\t\n\t\t\t\n<div class=\"container section-title-container\" ><h3 class=\"section-title section-title-center\"><b aria-hidden=\"true\"><\/b><span class=\"section-title-main\" >sepa\/ Bacs<\/span><b aria-hidden=\"true\"><\/b><\/h3><\/div>\n<div class=\"ux-logo has-hover align-middle ux_logo inline-block\" style=\"max-width: 100%!important; width: 157.948717949px!important\"><div class=\"ux-logo-link block image-\" title=\"\" href=\"\" style=\"padding: 15px;\"><img decoding=\"async\" src=\"https:\/\/www.helliston.eu\/wp-content\/uploads\/2019\/03\/SepaLogo2-1.png\" title=\"\" alt=\"\" class=\"ux-logo-image block\" style=\"height:35px;\" \/><\/div><\/div>\n\t\t<\/div>\n\t\t\t\t\t<\/div>\n\n\t\n\n\t<div id=\"col-192322116\" class=\"col medium-8 small-10 large-8\"  >\n\t\t\t\t<div class=\"col-inner\"  >\n\t\t\t\n\t\t\t\n<ul>\n<li>Si, \u00e0 la caisse, vous avez choisi le virement (SEPA) comme mode de paiement, cliquez sur la case \u00ab\u00a0Passer la commande\u00a0\u00bb<\/li>\n<li>Apr\u00e8s la passation de la commande, vous recevrez automatiquement une facture \u00e0 r\u00e9gler d\u2019avance sur votre adresse e\u2011mail et une quittance attestant l\u2019achat avec le num\u00e9ro d\u2019un compte en banque, sur lequel nous vous prions de virer le montant correspondant dans un d\u00e9lai de 3 jours.<\/li>\n<li>Comme message, nous vous prions d\u2019indiquer votre nom et le num\u00e9ro de la commande, ce dernier pouvant \u00eatre trouv\u00e9 dans l\u2019e-mail et sur la facture \u00e0 r\u00e9gler d\u2019avance envoy\u00e9s.<\/li>\n<\/ul>\n\t\t<\/div>\n\t\t\t\t\t<\/div>\n\n\t\n<\/div>\n\t<div id=\"gap-201906898\" class=\"gap-element clearfix\" style=\"display:block; height:auto;\">\n\t\t\n<style>\n#gap-201906898 {\n  padding-top: 30px;\n}\n<\/style>\n\t<\/div>\n\t\n<div class=\"row row-collapse row-full-width align-equal align-center\"  id=\"row-994525311\">\n\n\t<div id=\"col-504518472\" class=\"col medium-2 small-12 large-2\"  >\n\t\t\t\t<div class=\"col-inner text-center\"  >\n\t\t\t\n\t\t\t\n<div class=\"container section-title-container\" ><h3 class=\"section-title section-title-center\"><b aria-hidden=\"true\"><\/b><span class=\"section-title-main\" >paysera<\/span><b aria-hidden=\"true\"><\/b><\/h3><\/div>\n<div class=\"ux-logo has-hover align-middle ux_logo inline-block\" style=\"max-width: 100%!important; width: 195.616776316px!important\"><div class=\"ux-logo-link block image-\" title=\"\" href=\"\" style=\"padding: 15px;\"><img decoding=\"async\" src=\"https:\/\/www.helliston.eu\/wp-content\/uploads\/2019\/03\/Paysera_logotype_internet.png\" title=\"\" alt=\"\" class=\"ux-logo-image block\" style=\"height:35px;\" \/><\/div><\/div>\n\t\t<\/div>\n\t\t\t\t\t<\/div>\n\n\t\n\n\t<div id=\"col-641564394\" class=\"col medium-8 small-10 large-8\"  >\n\t\t\t\t<div class=\"col-inner\"  >\n\t\t\t\n\t\t\t\n<ul>\n<li>Paysera supporte divers syst\u00e8mes de r\u00e8glement de banques europ\u00e9ennes et est bas\u00e9 sur le virement SEPA. Avec Paysera, vous pouvez utiliser les modes de paiement typiques de votre pays.<\/li>\n<li>Si, \u00e0 la caisse, vous avez choisi le r\u00e8glement par Paysera, cliquez sur la case \u00ab\u00a0\u00bb.<\/li>\n<li>Notre magasin en ligne vous dirigera directement sur le site internet de Paysera pour que vous puissiez effectuer votre paiement.<\/li>\n<li>En vue de la r\u00e9alisation du paiement, suivez les \u00e9tapes pr\u00e9vues par Paysera.<\/li>\n<li>Apr\u00e8s le paiement, vous serez automatiquement redirig\u00e9 sur notre site internet.<\/li>\n<\/ul>\n\t\t<\/div>\n\t\t\t\t\t<\/div>\n\n\t\n<\/div>\n\t<div id=\"gap-908336711\" class=\"gap-element clearfix\" style=\"display:block; height:auto;\">\n\t\t\n<style>\n#gap-908336711 {\n  padding-top: 30px;\n}\n<\/style>\n\t<\/div>\n\t\n<div class=\"row row-collapse row-full-width align-equal align-center\"  id=\"row-457180326\">\n\n\t<div id=\"col-410959785\" class=\"col medium-2 small-12 large-2\"  >\n\t\t\t\t<div class=\"col-inner text-center\"  >\n\t\t\t\n\t\t\t\n<div class=\"container section-title-container\" ><h3 class=\"section-title section-title-center\"><b aria-hidden=\"true\"><\/b><span class=\"section-title-main\" >paypal<\/span><b aria-hidden=\"true\"><\/b><\/h3><\/div>\n<div class=\"ux-logo has-hover align-middle ux_logo inline-block\" style=\"max-width: 100%!important; width: 130px!important\"><div class=\"ux-logo-link block image-\" title=\"\" href=\"\" style=\"padding: 15px;\"><img decoding=\"async\" src=\"https:\/\/www.helliston.eu\/wp-content\/uploads\/2019\/03\/Paypal-logo-1.png\" title=\"\" alt=\"\" class=\"ux-logo-image block\" style=\"height:50px;\" \/><\/div><\/div>\n\t\t<\/div>\n\t\t\t\t\t<\/div>\n\n\t\n\n\t<div id=\"col-2121201039\" class=\"col medium-8 small-10 large-8\"  >\n\t\t\t\t<div class=\"col-inner\"  >\n\t\t\t\n\t\t\t\n<ul>\n<li>Si, \u00e0 la caisse, vous avez choisi le r\u00e8glement par Paypal, cliquez sur la case \u00ab \u00bb.<\/li>\n<li>Notre magasin en ligne vous dirigera directement sur le site internet de Paypal pour que vous puissiez effectuer votre paiement.<\/li>\n<li>En vue de la r\u00e9alisation du paiement, suivez les \u00e9tapes pr\u00e9vues par Paypal.<\/li>\n<li>Apr\u00e8s le paiement, vous serez automatiquement redirig\u00e9 sur notre site internet.<\/li>\n<\/ul>\n\t\t<\/div>\n\t\t\t\t\t<\/div>\n\n\t\n<\/div>\n\t<div id=\"gap-1097414962\" class=\"gap-element clearfix\" style=\"display:block; height:auto;\">\n\t\t\n<style>\n#gap-1097414962 {\n  padding-top: 30px;\n}\n<\/style>\n\t<\/div>\n\t\n<div class=\"row row-collapse row-full-width align-equal align-center\"  id=\"row-1842927871\">\n\n\t<div id=\"col-1519357208\" class=\"col medium-2 small-12 large-2\"  >\n\t\t\t\t<div class=\"col-inner text-center\"  >\n\t\t\t\n\t\t\t\n<div class=\"container section-title-container\" ><h3 class=\"section-title section-title-center\"><b aria-hidden=\"true\"><\/b><span class=\"section-title-main\" >VISA MASTER<\/span><b aria-hidden=\"true\"><\/b><\/h3><\/div>\n<div class=\"ux-logo has-hover align-middle ux_logo inline-block\" style=\"max-width: 100%!important; width: 149.830985915px!important\"><div class=\"ux-logo-link block image-\" title=\"\" href=\"\" style=\"padding: 15px;\"><img decoding=\"async\" src=\"https:\/\/www.helliston.eu\/wp-content\/uploads\/2019\/03\/visa-master-logo-png-.png\" title=\"\" alt=\"\" class=\"ux-logo-image block\" style=\"height:30px;\" \/><\/div><\/div>\n\t\t<\/div>\n\t\t\t\t\t<\/div>\n\n\t\n\n\t<div id=\"col-987936212\" class=\"col medium-8 small-10 large-8\"  >\n\t\t\t\t<div class=\"col-inner\"  >\n\t\t\t\n\t\t\t\n<ul>\n<li>En cas de r\u00e8glement par carte de cr\u00e9dit ou de d\u00e9bit VISA\/MASTER, choisissez si vous voulez payer par Paysera ou Paypal.<\/li>\n<li>Si, \u00e0 la caisse, vous avez choisi le r\u00e8glement par Paysera\/ Paypal, cliquez sur la case \u00ab \u00bb.<\/li>\n<li>Notre magasin en ligne vous dirigera directement sur le site internet de Paysera\/ Paypal pour que vous puissiez effectuer votre paiement.<\/li>\n<li>En vue de la r\u00e9alisation du paiement, suivez les \u00e9tapes pr\u00e9vues par Paysera\/ Paypal.<\/li>\n<li>Apr\u00e8s le paiement, vous serez automatiquement redirig\u00e9 sur notre site internet.<\/li>\n<\/ul>\n\t\t<\/div>\n\t\t\t\t\t<\/div>\n\n\t\n<\/div>\n\t<div id=\"gap-422879181\" class=\"gap-element clearfix\" style=\"display:block; height:auto;\">\n\t\t\n<style>\n#gap-422879181 {\n  padding-top: 30px;\n}\n<\/style>\n\t<\/div>\n\t\n\t\t<\/div>\n\n\t\t\n<style>\n#section_1296989179 {\n  padding-top: 30px;\n  padding-bottom: 30px;\n}\n<\/style>\n\t<\/section>\n\t\n","protected":false},"excerpt":{"rendered":"","protected":false},"author":1,"featured_media":0,"parent":0,"menu_order":0,"comment_status":"closed","ping_status":"closed","template":"page-blank.php","meta":{"footnotes":""},"class_list":["post-4819","page","type-page","status-publish","hentry"],"jetpack_sharing_enabled":true,"_links":{"self":[{"href":"https:\/\/www.helliston.eu\/fr\/wp-json\/wp\/v2\/pages\/4819","targetHints":{"allow":["GET"]}}],"collection":[{"href":"https:\/\/www.helliston.eu\/fr\/wp-json\/wp\/v2\/pages"}],"about":[{"href":"https:\/\/www.helliston.eu\/fr\/wp-json\/wp\/v2\/types\/page"}],"author":[{"embeddable":true,"href":"https:\/\/www.helliston.eu\/fr\/wp-json\/wp\/v2\/users\/1"}],"replies":[{"embeddable":true,"href":"https:\/\/www.helliston.eu\/fr\/wp-json\/wp\/v2\/comments?post=4819"}],"version-history":[{"count":5,"href":"https:\/\/www.helliston.eu\/fr\/wp-json\/wp\/v2\/pages\/4819\/revisions"}],"predecessor-version":[{"id":7133,"href":"https:\/\/www.helliston.eu\/fr\/wp-json\/wp\/v2\/pages\/4819\/revisions\/7133"}],"wp:attachment":[{"href":"https:\/\/www.helliston.eu\/fr\/wp-json\/wp\/v2\/media?parent=4819"}],"curies":[{"name":"wp","href":"https:\/\/api.w.org\/{rel}","templated":true}]}}