{"id":14308,"date":"2023-03-15T22:09:34","date_gmt":"2023-03-15T22:09:34","guid":{"rendered":"https:\/\/helliston.eu\/?post_type=product&#038;p=14308"},"modified":"2023-03-17T21:26:15","modified_gmt":"2023-03-17T21:26:15","slug":"fers-de-rabot-degau-pour-fartools-pth-254b-1500w-nouveau-modele-hss-258x22x18mm","status":"publish","type":"product","link":"https:\/\/www.helliston.eu\/fr\/produit\/fers-de-rabot-degau-pour-fartools-pth-254b-1500w-nouveau-modele-hss-258x22x18mm\/","title":{"rendered":"Fers de rabot pour Fartools PTH 254B 1500W NOUVEAU MOD\u00c8LE, HSS, 258x22x1,8mm"},"content":{"rendered":"","protected":false},"excerpt":{"rendered":"<p>Fers de rabot pour le raboteuse-d\u00e9gauchisseuse FARTOOLS PTH 254B 1500W NOUVEAU MOD\u00c8LE, 258 x 22 x1,8mm. 2 lames\/ paquet. Fabriqu\u00e9 \u00e0 partir d\u2019acier rapide HSS de haute qualit\u00e9, duret\u00e9 Rockwell: 63-64HRC. R\u00e9aff\u00fbtables. Pour plus d\u2019information, voyez plus bas.<\/p>\n","protected":false},"featured_media":9188,"template":"","meta":[],"product_brand":[],"product_cat":[2470,817,2478],"product_tag":[4325],"class_list":{"0":"post-14308","1":"product","2":"type-product","3":"status-publish","4":"has-post-thumbnail","6":"product_cat-lames-fers-de-degauchisseuse-et-rabot-pour-fartools","7":"product_cat-fers-de-rabot-par-marques","8":"product_cat-pour-raboteuse-degauchisseuse-fartools-pth254","9":"product_tag-258x22-fr","11":"first","12":"instock","13":"taxable","14":"shipping-taxable","15":"purchasable","16":"product-type-simple"},"jetpack_sharing_enabled":true,"_links":{"self":[{"href":"https:\/\/www.helliston.eu\/fr\/wp-json\/wp\/v2\/product\/14308","targetHints":{"allow":["GET"]}}],"collection":[{"href":"https:\/\/www.helliston.eu\/fr\/wp-json\/wp\/v2\/product"}],"about":[{"href":"https:\/\/www.helliston.eu\/fr\/wp-json\/wp\/v2\/types\/product"}],"wp:featuredmedia":[{"embeddable":true,"href":"https:\/\/www.helliston.eu\/fr\/wp-json\/wp\/v2\/media\/9188"}],"wp:attachment":[{"href":"https:\/\/www.helliston.eu\/fr\/wp-json\/wp\/v2\/media?parent=14308"}],"wp:term":[{"taxonomy":"product_brand","embeddable":true,"href":"https:\/\/www.helliston.eu\/fr\/wp-json\/wp\/v2\/product_brand?post=14308"},{"taxonomy":"product_cat","embeddable":true,"href":"https:\/\/www.helliston.eu\/fr\/wp-json\/wp\/v2\/product_cat?post=14308"},{"taxonomy":"product_tag","embeddable":true,"href":"https:\/\/www.helliston.eu\/fr\/wp-json\/wp\/v2\/product_tag?post=14308"}],"curies":[{"name":"wp","href":"https:\/\/api.w.org\/{rel}","templated":true}]}}