{"id":24158,"date":"2024-02-25T13:42:19","date_gmt":"2024-05-04T19:34:44","guid":{"rendered":"https:\/\/helliston.eu\/?post_type=product&#038;p=24158"},"modified":"2024-05-04T19:34:44","modified_gmt":"2024-05-04T19:34:44","slug":"t1-w18-fers-lames-de-rabot-pour-degauchisseuse-raboteuse-bernardo-adm-260-hss-tungstene-wolfram-18-250x30x3-mm","status":"publish","type":"product","link":"https:\/\/www.helliston.eu\/fr\/produit\/t1-w18-fers-lames-de-rabot-pour-degauchisseuse-raboteuse-bernardo-adm-260-hss-tungstene-wolfram-18-250x30x3-mm\/","title":{"rendered":"T1 W18% Fers de rabot pour Bernardo ADM 260, HSS Tungst\u00e8ne 18%, 250x30x3 mm"},"content":{"rendered":"<p>Helliston HSS W18% fers de rabot pour raboteuse-d\u00e9gauchisseuse Bernardo ADM 260. Nos lames de rabot pr\u00e9sentent un bord exceptionnellement tranchant (0,2RA) et une durabilit\u00e9 robuste. Une teneur en tungst\u00e8ne de 18% et une duret\u00e9 du m\u00e9tal de 66 HRC selon Rockwell assurent une dur\u00e9e de vie durable et d&rsquo;excellentes performances de coupe, m\u00eame dans des projets exigeants.<\/p>\n<ol>\n<li><strong>Quantit\u00e9 et dimensions :<\/strong>\n<ul>\n<li>1 jeu de 3 fers de rabot 250 x 30 x 3 mm pour raboteuse-d\u00e9gauchisseuse Bernardo ADM 260<\/li>\n<\/ul>\n<\/li>\n<li><strong>Lames tranchantes et durables :<\/strong>\n<ul>\n<li>Nos lames de raboteuse pr\u00e9sentent un tranchant exceptionnellement aiguis\u00e9, rectifi\u00e9 pour une finition de surface de 0,2Ra.<\/li>\n<li>L&rsquo;acier rapide au tungst\u00e8ne 18% assure une longue dur\u00e9e de vie et des performances de coupe sup\u00e9rieures.<\/li>\n<li>Nos fers de rabot pour la d\u00e9gau-rabot Bernardo ADM 260 sont tremp\u00e9es \u00e0 une duret\u00e9 Rockwell de 66 HRC, am\u00e9liorant ainsi leur durabilit\u00e9.<\/li>\n<\/ul>\n<\/li>\n<li><strong>Divers types de bois :<\/strong>\n<ul>\n<li>Nos fers de rabot pour raboteuse et d\u00e9gauchisseuse Bernardo ADM 260 sont id\u00e9ales pour travailler les bois tendres et durs, du ch\u00eane au pin.<\/li>\n<\/ul>\n<\/li>\n<li><strong>Service client :<\/strong>\n<ul>\n<li>N&rsquo;h\u00e9sitez pas \u00e0 nous contacter par e-mail pour toute question ; nous sommes pr\u00eats \u00e0 vous aider.<\/li>\n<\/ul>\n<\/li>\n<\/ol>\n","protected":false},"excerpt":{"rendered":"<p>T1 HSS W18% fers de rabot pour d\u00e9gauchisseuse-raboteuse Bernardo ADM 260, 250 x 30 x 3 mm. 3 fers de rabot\/paquet. Fabriqu\u00e9 en acier rapide HSS durable avec une teneur en tungst\u00e8ne de 18% (duret\u00e9 Rockwell : 66HRC). Les lames sont aff\u00fbt\u00e9es \u00e0 0,2RA et peuvent \u00eatre r\u00e9aff\u00fbt\u00e9es. Voir ci-dessous pour plus de d\u00e9tails.<\/p>\n","protected":false},"featured_media":24553,"template":"","meta":[],"product_brand":[],"product_cat":[1204,1130,817],"product_tag":[],"class_list":{"0":"post-24158","1":"product","2":"type-product","3":"status-publish","4":"has-post-thumbnail","6":"product_cat-pour-raboteuse-degauchisseuse-bernardo-adm-260","7":"product_cat-lames-fers-de-degauchisseuse-et-rabot-pour-bernardo","8":"product_cat-fers-de-rabot-par-marques","10":"first","11":"outofstock","12":"taxable","13":"shipping-taxable","14":"purchasable","15":"product-type-simple"},"jetpack_sharing_enabled":true,"_links":{"self":[{"href":"https:\/\/www.helliston.eu\/fr\/wp-json\/wp\/v2\/product\/24158","targetHints":{"allow":["GET"]}}],"collection":[{"href":"https:\/\/www.helliston.eu\/fr\/wp-json\/wp\/v2\/product"}],"about":[{"href":"https:\/\/www.helliston.eu\/fr\/wp-json\/wp\/v2\/types\/product"}],"wp:featuredmedia":[{"embeddable":true,"href":"https:\/\/www.helliston.eu\/fr\/wp-json\/wp\/v2\/media\/24553"}],"wp:attachment":[{"href":"https:\/\/www.helliston.eu\/fr\/wp-json\/wp\/v2\/media?parent=24158"}],"wp:term":[{"taxonomy":"product_brand","embeddable":true,"href":"https:\/\/www.helliston.eu\/fr\/wp-json\/wp\/v2\/product_brand?post=24158"},{"taxonomy":"product_cat","embeddable":true,"href":"https:\/\/www.helliston.eu\/fr\/wp-json\/wp\/v2\/product_cat?post=24158"},{"taxonomy":"product_tag","embeddable":true,"href":"https:\/\/www.helliston.eu\/fr\/wp-json\/wp\/v2\/product_tag?post=24158"}],"curies":[{"name":"wp","href":"https:\/\/api.w.org\/{rel}","templated":true}]}}