{"id":25667,"date":"2024-07-08T16:52:43","date_gmt":"2024-07-08T17:19:00","guid":{"rendered":"https:\/\/helliston.eu\/?post_type=product&#038;p=25667"},"modified":"2024-07-08T17:27:55","modified_gmt":"2024-07-08T17:27:55","slug":"lame-en-carbure-pour-metabo-lf724s-lf714s-lf850s-fraiseuse-a-bois","status":"publish","type":"product","link":"https:\/\/www.helliston.eu\/fr\/produit\/lame-en-carbure-pour-metabo-lf724s-lf714s-lf850s-fraiseuse-a-bois\/","title":{"rendered":"10 Lames en carbure pour Metabo LF724S, LF714S, LF850S fraiseuse a bois"},"content":{"rendered":"<p>Lames de rechange en carbure 14x14x2,0 mm pour fraiseuse \u00e0 bois Metabo LF724S, LF714S, LF850S. 10 pi\u00e8ces\/paquet. Fabriqu\u00e9es en carbure de tungst\u00e8ne tr\u00e8s fin avec une duret\u00e9 Rockwell de 93,6 HRA. Ces plaquettes pour Metabo LF-724-S\/LF-714-S, LF-850-S sont extr\u00eamement durables et performantes. Les quatre bords tranchants, aff\u00fbt\u00e9s \u00e0 Ra0.2, garantissent une nettet\u00e9 optimale et une finition parfaite \u00e0 chaque utilisation.<\/p>\n","protected":false},"excerpt":{"rendered":"<p>Lames de rechange en carbure 14x14x2,0 mm pour fraiseuse \u00e0 bois Metabo LF724S, LF714S, LF850S. 10 pi\u00e8ces\/paquet. Fabriqu\u00e9es en carbure de tungst\u00e8ne tr\u00e8s fin avec une duret\u00e9 Rockwell de 93,6 HRA. Ces plaquettes pour Metabo LF-724-S\/LF-714-S, LF-850-S sont extr\u00eamement durables et performantes. Les quatre bords tranchants, aff\u00fbt\u00e9s \u00e0 Ra0.2, garantissent une nettet\u00e9 optimale et une [&#8230;]\n","protected":false},"featured_media":25547,"template":"","meta":[],"product_brand":[],"product_cat":[361],"product_tag":[],"class_list":{"0":"post-25667","1":"product","2":"type-product","3":"status-publish","4":"has-post-thumbnail","6":"product_cat-lames-de-rechange-pour-grattoir-racleur-pour-scrapers-sandvik-bahco-ergo-625-650-50mm-25mm-65mm-pear-round-drop-rond-poire-goutte-allway-storch-techno","8":"first","9":"instock","10":"taxable","11":"shipping-taxable","12":"purchasable","13":"product-type-simple"},"jetpack_sharing_enabled":true,"_links":{"self":[{"href":"https:\/\/www.helliston.eu\/fr\/wp-json\/wp\/v2\/product\/25667","targetHints":{"allow":["GET"]}}],"collection":[{"href":"https:\/\/www.helliston.eu\/fr\/wp-json\/wp\/v2\/product"}],"about":[{"href":"https:\/\/www.helliston.eu\/fr\/wp-json\/wp\/v2\/types\/product"}],"wp:featuredmedia":[{"embeddable":true,"href":"https:\/\/www.helliston.eu\/fr\/wp-json\/wp\/v2\/media\/25547"}],"wp:attachment":[{"href":"https:\/\/www.helliston.eu\/fr\/wp-json\/wp\/v2\/media?parent=25667"}],"wp:term":[{"taxonomy":"product_brand","embeddable":true,"href":"https:\/\/www.helliston.eu\/fr\/wp-json\/wp\/v2\/product_brand?post=25667"},{"taxonomy":"product_cat","embeddable":true,"href":"https:\/\/www.helliston.eu\/fr\/wp-json\/wp\/v2\/product_cat?post=25667"},{"taxonomy":"product_tag","embeddable":true,"href":"https:\/\/www.helliston.eu\/fr\/wp-json\/wp\/v2\/product_tag?post=25667"}],"curies":[{"name":"wp","href":"https:\/\/api.w.org\/{rel}","templated":true}]}}