{"id":3301,"date":"2019-03-05T21:15:26","date_gmt":"2019-03-05T21:15:26","guid":{"rendered":"https:\/\/helliston.eu\/product\/pear-shaped-carbide-blade-for-paint-scraper-for-bacho-ergo-625-sandvik-1-pc\/"},"modified":"2023-03-13T19:41:23","modified_gmt":"2023-03-13T19:41:23","slug":"lame-de-rechange-en-forme-de-poire-pour-grattoir-racleur-carbure-de-tungstene-pour-ergo-625-sandvik-1-pc","status":"publish","type":"product","link":"https:\/\/www.helliston.eu\/fr\/produit\/lame-de-rechange-en-forme-de-poire-pour-grattoir-racleur-carbure-de-tungstene-pour-ergo-625-sandvik-1-pc\/","title":{"rendered":"Lame en forme de poire (pear) pour Bahco Ergo 625, Sandvik grattoir \u00e0 peinture, carbure de tungst\u00e8ne"},"content":{"rendered":"","protected":false},"excerpt":{"rendered":"<p>Lames de rechange en forme de poire (PEAR) pour Bahco Ergo 625 grattoir \u00e0 peinture, Sandvik. Fabriqu\u00e9 \u00e0 partir de carbure de tungst\u00e8ne micro-grain de haute qualit\u00e9 (duret\u00e9 Rockwell 92+HRA). Id\u00e9al pour antifouling et enlever la peinture, la rouille, l&rsquo;indice, la laque de divers mat\u00e9riaux comme le bois, le m\u00e9tal, le b\u00e9ton. Les lames de racleure \u00e0 peinture restent aff\u00fbt\u00e9es 50 fois plus longtemps que les lames en acier conventionnelles. Des informations suppl\u00e9mentaires peuvent \u00eatre trouv\u00e9es ci-dessous.<\/p>\n","protected":false},"featured_media":24928,"template":"","meta":[],"product_brand":[],"product_cat":[3375,361],"product_tag":[],"class_list":{"0":"post-3301","1":"product","2":"type-product","3":"status-publish","4":"has-post-thumbnail","6":"product_cat-pour-grattoir-bahco-ergo-650-665-625","7":"product_cat-lames-de-rechange-pour-grattoir-racleur-pour-scrapers-sandvik-bahco-ergo-625-650-50mm-25mm-65mm-pear-round-drop-rond-poire-goutte-allway-storch-techno","9":"first","10":"instock","11":"taxable","12":"shipping-taxable","13":"purchasable","14":"product-type-simple"},"jetpack_sharing_enabled":true,"_links":{"self":[{"href":"https:\/\/www.helliston.eu\/fr\/wp-json\/wp\/v2\/product\/3301","targetHints":{"allow":["GET"]}}],"collection":[{"href":"https:\/\/www.helliston.eu\/fr\/wp-json\/wp\/v2\/product"}],"about":[{"href":"https:\/\/www.helliston.eu\/fr\/wp-json\/wp\/v2\/types\/product"}],"wp:featuredmedia":[{"embeddable":true,"href":"https:\/\/www.helliston.eu\/fr\/wp-json\/wp\/v2\/media\/24928"}],"wp:attachment":[{"href":"https:\/\/www.helliston.eu\/fr\/wp-json\/wp\/v2\/media?parent=3301"}],"wp:term":[{"taxonomy":"product_brand","embeddable":true,"href":"https:\/\/www.helliston.eu\/fr\/wp-json\/wp\/v2\/product_brand?post=3301"},{"taxonomy":"product_cat","embeddable":true,"href":"https:\/\/www.helliston.eu\/fr\/wp-json\/wp\/v2\/product_cat?post=3301"},{"taxonomy":"product_tag","embeddable":true,"href":"https:\/\/www.helliston.eu\/fr\/wp-json\/wp\/v2\/product_tag?post=3301"}],"curies":[{"name":"wp","href":"https:\/\/api.w.org\/{rel}","templated":true}]}}