{"id":3334,"date":"2019-03-07T22:39:30","date_gmt":"2019-03-07T22:39:30","guid":{"rendered":"https:\/\/helliston.eu\/product\/hss-fers-lames-de-rabot-raboteuse-degauchisseuse-210x35x3mm-2-pc\/"},"modified":"2021-02-21T20:21:01","modified_gmt":"2021-02-21T20:21:01","slug":"hss-fers-lames-de-rabot-raboteuse-degauchisseuse-210x35x3mm-2-pc","status":"publish","type":"product","link":"https:\/\/www.helliston.eu\/fr\/produit\/hss-fers-lames-de-rabot-raboteuse-degauchisseuse-210x35x3mm-2-pc\/","title":{"rendered":"HSS Wolfram 18% Lames\/ Fers de d\u00e9gauchisseuse\/ raboteuse 210x35x3mm, 2 pi\u00e8ces"},"content":{"rendered":"","protected":false},"excerpt":{"rendered":"<p><strong>T1 HSS Wolfram 18% Lames\/ Fers de rabot 210x35x3mm pour<\/strong> <strong>raboteuse-d\u00e9gauchisseuse<\/strong><strong>.<\/strong> 2 fers\/ paquet. Faits en T1 HSS W18% acier rapide de premi\u00e8re qualit\u00e9 (duret\u00e9 Rockwell 63-65HRC). Par rapport \u00e0 l\u2019acier ordinaire HSS, les fers T1 HSS W18 % sont plus durables \u2013 un choix excellent permettant de travailler tant le bois dur que le bois tendre! Ces fers sont r\u00e9affutables. Des informations suppl\u00e9mentaires peuvent \u00eatre trouv\u00e9es ci-dessous.<\/p>\n","protected":false},"featured_media":4707,"template":"","meta":[],"product_brand":[],"product_cat":[358,245,235],"product_tag":[],"class_list":{"0":"post-3334","1":"product","2":"type-product","3":"status-publish","4":"has-post-thumbnail","6":"product_cat-planer-blades-fr","7":"product_cat-210x35x3mm-fr","8":"product_cat-x35x3mm-planer-blades-fr","10":"first","11":"instock","12":"taxable","13":"shipping-taxable","14":"purchasable","15":"product-type-simple"},"jetpack_sharing_enabled":true,"_links":{"self":[{"href":"https:\/\/www.helliston.eu\/fr\/wp-json\/wp\/v2\/product\/3334","targetHints":{"allow":["GET"]}}],"collection":[{"href":"https:\/\/www.helliston.eu\/fr\/wp-json\/wp\/v2\/product"}],"about":[{"href":"https:\/\/www.helliston.eu\/fr\/wp-json\/wp\/v2\/types\/product"}],"wp:featuredmedia":[{"embeddable":true,"href":"https:\/\/www.helliston.eu\/fr\/wp-json\/wp\/v2\/media\/4707"}],"wp:attachment":[{"href":"https:\/\/www.helliston.eu\/fr\/wp-json\/wp\/v2\/media?parent=3334"}],"wp:term":[{"taxonomy":"product_brand","embeddable":true,"href":"https:\/\/www.helliston.eu\/fr\/wp-json\/wp\/v2\/product_brand?post=3334"},{"taxonomy":"product_cat","embeddable":true,"href":"https:\/\/www.helliston.eu\/fr\/wp-json\/wp\/v2\/product_cat?post=3334"},{"taxonomy":"product_tag","embeddable":true,"href":"https:\/\/www.helliston.eu\/fr\/wp-json\/wp\/v2\/product_tag?post=3334"}],"curies":[{"name":"wp","href":"https:\/\/api.w.org\/{rel}","templated":true}]}}