{"id":3348,"date":"2019-03-07T20:47:31","date_gmt":"2019-03-07T20:47:31","guid":{"rendered":"https:\/\/helliston.eu\/product\/lames-de-rechange-rotatives-45mm-pour-couteau-cutter-rotatif-couteaux-rotatifs-pour-olfa-fiskars-dremel-dafa-martelli-truecut-prym-etc\/"},"modified":"2019-12-08T14:38:27","modified_gmt":"2019-12-08T14:38:27","slug":"lames-de-rechange-rotatives-45mm-pour-couteau-cutter-rotatif-couteaux-rotatifs-pour-olfa-fiskars-dremel-dafa-martelli-truecut-prym-etc","status":"publish","type":"product","link":"https:\/\/www.helliston.eu\/fr\/produit\/lames-de-rechange-rotatives-45mm-pour-couteau-cutter-rotatif-couteaux-rotatifs-pour-olfa-fiskars-dremel-dafa-martelli-truecut-prym-etc\/","title":{"rendered":"Lames de rechange 45mm pour couteau\/ cutter rotatif, 10 pc (pour Olfa, Fiskars, Dremel, Dafa, Martelli, TrueCut, Prym etc.)"},"content":{"rendered":"","protected":false},"excerpt":{"rendered":"<p><strong>Les lames de rechange de 45 mm <\/strong><strong>conviennent \u00e0 la plupart des cutters rotatifs <\/strong>(par exemple Olfa, Fiskars, Dremel, Dafa, Martelli, TrueCut, Prym etc.). Il s\u2019agit des <strong>dimensions standards<\/strong>. Faites en <strong>acier japonais r\u00e9sistant (SKS\u20117). 10 lames en paquet. <\/strong>Des informations suppl\u00e9mentaires peuvent \u00eatre trouv\u00e9es ci-dessous.<\/p>\n","protected":false},"featured_media":2682,"template":"","meta":[],"product_brand":[],"product_cat":[372],"product_tag":[],"class_list":{"0":"post-3348","1":"product","2":"type-product","3":"status-publish","4":"has-post-thumbnail","6":"product_cat-lames-pour-cutter-rotatif","8":"first","9":"instock","10":"taxable","11":"shipping-taxable","12":"purchasable","13":"product-type-simple"},"jetpack_sharing_enabled":true,"_links":{"self":[{"href":"https:\/\/www.helliston.eu\/fr\/wp-json\/wp\/v2\/product\/3348","targetHints":{"allow":["GET"]}}],"collection":[{"href":"https:\/\/www.helliston.eu\/fr\/wp-json\/wp\/v2\/product"}],"about":[{"href":"https:\/\/www.helliston.eu\/fr\/wp-json\/wp\/v2\/types\/product"}],"wp:featuredmedia":[{"embeddable":true,"href":"https:\/\/www.helliston.eu\/fr\/wp-json\/wp\/v2\/media\/2682"}],"wp:attachment":[{"href":"https:\/\/www.helliston.eu\/fr\/wp-json\/wp\/v2\/media?parent=3348"}],"wp:term":[{"taxonomy":"product_brand","embeddable":true,"href":"https:\/\/www.helliston.eu\/fr\/wp-json\/wp\/v2\/product_brand?post=3348"},{"taxonomy":"product_cat","embeddable":true,"href":"https:\/\/www.helliston.eu\/fr\/wp-json\/wp\/v2\/product_cat?post=3348"},{"taxonomy":"product_tag","embeddable":true,"href":"https:\/\/www.helliston.eu\/fr\/wp-json\/wp\/v2\/product_tag?post=3348"}],"curies":[{"name":"wp","href":"https:\/\/api.w.org\/{rel}","templated":true}]}}