{"id":8002,"date":"2020-11-15T18:09:32","date_gmt":"2020-11-18T21:43:03","guid":{"rendered":"https:\/\/helliston.eu\/?post_type=product&#038;p=8002"},"modified":"2021-02-28T10:13:17","modified_gmt":"2021-02-28T10:13:17","slug":"hm-tct-fers-de-degauchisseuse-260mm-pour-metabo-hc-260c-hc-260m-hc-260k-2-pieces","status":"publish","type":"product","link":"https:\/\/www.helliston.eu\/fr\/produit\/hm-tct-fers-de-degauchisseuse-260mm-pour-metabo-hc-260c-hc-260m-hc-260k-2-pieces\/","title":{"rendered":"HM\/TCT Lames\/ Fers de rabot 260mm pour Metabo HC 260C, HC 260M, HC 260K, SANS FENTES, 2 pi\u00e8ces"},"content":{"rendered":"","protected":false},"excerpt":{"rendered":"<p><strong>HM\/TCT Lames\/ Fers de rabot 260x20x3mm SANS FENTES pour le<\/strong> <strong>raboteuse-d\u00e9gauchisseuse<\/strong> <strong>Metabo HC260C, HC260M, HC260K<\/strong>. 2 fers\/ paquet. Faits en carbure de tungst\u00e8ne durable (duret\u00e9 Rockwell 90+HRA). Ces fers constituent la meilleure solution pour chaque type de bois et de mat\u00e9riau en bois. Par rapport \u00e0 l\u2019acier HSS, les fers HM\/TCT restent aiguis\u00e9s cinq fois plus longtemps. Les fers sont r\u00e9affutables<strong>. <\/strong>Des informations suppl\u00e9mentaires peuvent \u00eatre trouv\u00e9es ci-dessous.<\/p>\n","protected":false},"featured_media":7536,"template":"","meta":[],"product_brand":[],"product_cat":[1174,1333],"product_tag":[],"class_list":{"0":"post-8002","1":"product","2":"type-product","3":"status-publish","4":"has-post-thumbnail","6":"product_cat-lames-fers-de-degauchisseuse-et-rabot-pour-metabo","7":"product_cat-pour-raboteuse-degauchisseuse-metabo-hc260c-hc260m-hc260k-260-mm","9":"first","10":"instock","11":"taxable","12":"shipping-taxable","13":"purchasable","14":"product-type-simple"},"jetpack_sharing_enabled":true,"_links":{"self":[{"href":"https:\/\/www.helliston.eu\/fr\/wp-json\/wp\/v2\/product\/8002","targetHints":{"allow":["GET"]}}],"collection":[{"href":"https:\/\/www.helliston.eu\/fr\/wp-json\/wp\/v2\/product"}],"about":[{"href":"https:\/\/www.helliston.eu\/fr\/wp-json\/wp\/v2\/types\/product"}],"wp:featuredmedia":[{"embeddable":true,"href":"https:\/\/www.helliston.eu\/fr\/wp-json\/wp\/v2\/media\/7536"}],"wp:attachment":[{"href":"https:\/\/www.helliston.eu\/fr\/wp-json\/wp\/v2\/media?parent=8002"}],"wp:term":[{"taxonomy":"product_brand","embeddable":true,"href":"https:\/\/www.helliston.eu\/fr\/wp-json\/wp\/v2\/product_brand?post=8002"},{"taxonomy":"product_cat","embeddable":true,"href":"https:\/\/www.helliston.eu\/fr\/wp-json\/wp\/v2\/product_cat?post=8002"},{"taxonomy":"product_tag","embeddable":true,"href":"https:\/\/www.helliston.eu\/fr\/wp-json\/wp\/v2\/product_tag?post=8002"}],"curies":[{"name":"wp","href":"https:\/\/api.w.org\/{rel}","templated":true}]}}