{"id":8043,"date":"2020-11-19T16:02:31","date_gmt":"2020-11-19T16:02:31","guid":{"rendered":"https:\/\/helliston.eu\/?post_type=product&#038;p=8043"},"modified":"2021-02-27T14:07:32","modified_gmt":"2021-02-27T14:07:32","slug":"hss-lames-fers-de-rabot-82-mm-pour-fxa-900w-fxa-dj8220-10-pieces","status":"publish","type":"product","link":"https:\/\/www.helliston.eu\/fr\/produit\/hss-lames-fers-de-rabot-82-mm-pour-fxa-900w-fxa-dj8220-10-pieces\/","title":{"rendered":"HSS Lames\/ Fers de rabot 82\u00a0mm pour FXA 900W, FXA DJ8220, 10 pi\u00e8ces"},"content":{"rendered":"","protected":false},"excerpt":{"rendered":"<p><strong>HSS Lames\/ Fers de rabot 82\u00a0mm pour le rabot<\/strong> <strong>FXA 900W,\u00a0<\/strong><strong> DJ8220<\/strong>. 10 fers\/ paquet. Faits en HSS acier rapide durable. Des informations suppl\u00e9mentaires peuvent \u00eatre trouv\u00e9es ci-dessous.<\/p>\n","protected":false},"featured_media":9811,"template":"","meta":[],"product_brand":[],"product_cat":[15],"product_tag":[],"class_list":{"0":"post-8043","1":"product","2":"type-product","3":"status-publish","4":"has-post-thumbnail","6":"product_cat-paint-scraper-blades-for-scrapers-sandvik-bahco-50mm-25mm-65mm-pear-round-drop-allway-storch-techno","8":"first","9":"instock","10":"taxable","11":"shipping-taxable","12":"purchasable","13":"product-type-simple"},"jetpack_sharing_enabled":true,"_links":{"self":[{"href":"https:\/\/www.helliston.eu\/fr\/wp-json\/wp\/v2\/product\/8043","targetHints":{"allow":["GET"]}}],"collection":[{"href":"https:\/\/www.helliston.eu\/fr\/wp-json\/wp\/v2\/product"}],"about":[{"href":"https:\/\/www.helliston.eu\/fr\/wp-json\/wp\/v2\/types\/product"}],"wp:featuredmedia":[{"embeddable":true,"href":"https:\/\/www.helliston.eu\/fr\/wp-json\/wp\/v2\/media\/9811"}],"wp:attachment":[{"href":"https:\/\/www.helliston.eu\/fr\/wp-json\/wp\/v2\/media?parent=8043"}],"wp:term":[{"taxonomy":"product_brand","embeddable":true,"href":"https:\/\/www.helliston.eu\/fr\/wp-json\/wp\/v2\/product_brand?post=8043"},{"taxonomy":"product_cat","embeddable":true,"href":"https:\/\/www.helliston.eu\/fr\/wp-json\/wp\/v2\/product_cat?post=8043"},{"taxonomy":"product_tag","embeddable":true,"href":"https:\/\/www.helliston.eu\/fr\/wp-json\/wp\/v2\/product_tag?post=8043"}],"curies":[{"name":"wp","href":"https:\/\/api.w.org\/{rel}","templated":true}]}}