{"id":8287,"date":"2021-01-02T12:52:07","date_gmt":"2021-01-02T12:52:09","guid":{"rendered":"https:\/\/helliston.eu\/?post_type=product&#038;p=8287"},"modified":"2023-03-30T13:44:40","modified_gmt":"2023-03-30T13:44:40","slug":"fers-lames-de-rabot-degau-pour-dewalt-de7333-xj-hss-260x21x3mm","status":"publish","type":"product","link":"https:\/\/www.helliston.eu\/fr\/produit\/fers-lames-de-rabot-degau-pour-dewalt-de7333-xj-hss-260x21x3mm\/","title":{"rendered":"Fers de rabot pour Dewalt DE7333-XJ, HSS, 260x21x3mm"},"content":{"rendered":"","protected":false},"excerpt":{"rendered":"<div class=\"product-short-description\">\n<p>HSS Fers de rabot pour le raboteuse-d\u00e9gauchisseuse Dewalt DE7333-XJ, 260 x 21 x 3 mm. 2 lames\/ paquet. Fabriqu\u00e9 \u00e0 partir d\u2019acier rapide HSS de haute qualit\u00e9 (duret\u00e9 Rockwell 63+HRC). Les lames sont r\u00e9aff\u00fbtables. Pour plus d\u2019information, voyez plus bas.<\/p>\n<\/div>\n","protected":false},"featured_media":12970,"template":"","meta":[],"product_brand":[],"product_cat":[2384,1142,817,358,424],"product_tag":[],"class_list":{"0":"post-8287","1":"product","2":"type-product","3":"status-publish","4":"has-post-thumbnail","6":"product_cat-pour-raboteuse-degauchisseuse-dewalt-de7333-xj-lames-fers-de-degauchisseuse-et-rabot-pour-dewalt","7":"product_cat-lames-fers-de-degauchisseuse-et-rabot-pour-dewalt","8":"product_cat-fers-de-rabot-par-marques","9":"product_cat-planer-blades-fr","10":"product_cat-260mm-for-scheppach-hms260-metabo-elektra-beckum-hc260-hc260m-hc260c-hc260e-hc260es-hc260k-fr","12":"first","13":"instock","14":"taxable","15":"shipping-taxable","16":"purchasable","17":"product-type-simple"},"jetpack_sharing_enabled":true,"_links":{"self":[{"href":"https:\/\/www.helliston.eu\/fr\/wp-json\/wp\/v2\/product\/8287","targetHints":{"allow":["GET"]}}],"collection":[{"href":"https:\/\/www.helliston.eu\/fr\/wp-json\/wp\/v2\/product"}],"about":[{"href":"https:\/\/www.helliston.eu\/fr\/wp-json\/wp\/v2\/types\/product"}],"wp:featuredmedia":[{"embeddable":true,"href":"https:\/\/www.helliston.eu\/fr\/wp-json\/wp\/v2\/media\/12970"}],"wp:attachment":[{"href":"https:\/\/www.helliston.eu\/fr\/wp-json\/wp\/v2\/media?parent=8287"}],"wp:term":[{"taxonomy":"product_brand","embeddable":true,"href":"https:\/\/www.helliston.eu\/fr\/wp-json\/wp\/v2\/product_brand?post=8287"},{"taxonomy":"product_cat","embeddable":true,"href":"https:\/\/www.helliston.eu\/fr\/wp-json\/wp\/v2\/product_cat?post=8287"},{"taxonomy":"product_tag","embeddable":true,"href":"https:\/\/www.helliston.eu\/fr\/wp-json\/wp\/v2\/product_tag?post=8287"}],"curies":[{"name":"wp","href":"https:\/\/api.w.org\/{rel}","templated":true}]}}