{"id":3407,"date":"2019-03-03T18:23:20","date_gmt":"2019-03-03T18:23:20","guid":{"rendered":"https:\/\/helliston.eu\/impressum\/"},"modified":"2020-07-01T11:33:59","modified_gmt":"2020-07-01T11:33:59","slug":"impressum","status":"publish","type":"page","link":"https:\/\/www.helliston.eu\/sv\/impressum\/","title":{"rendered":"Impressum"},"content":{"rendered":"\n\t<section class=\"section\" id=\"section_1116495612\">\n\t\t<div class=\"section-bg fill\" >\n\t\t\t\t\t\t\t\t\t\n\t\t\t\n\n\t\t<\/div>\n\n\t\t\n\n\t\t<div class=\"section-content relative\">\n\t\t\t\r\n\r\n<div class=\"row align-center\"  id=\"row-1571699662\">\r\n\r\n\n\t<div id=\"col-1562539487\" class=\"col medium-12 small-12 large-10\"  >\n\t\t\t\t<div class=\"col-inner text-left\"  >\n\t\t\t\n\t\t\t\r\n\r\n<div class=\"is-divider divider clearfix\" style=\"margin-top:3em;margin-bottom:3em;max-width:100%;background-color:rgb(9, 14, 29);\"><\/div>\r\n\r\n<div class=\"row row-collapse\"  id=\"row-578084381\">\r\n\r\n\n\t<div id=\"col-290487168\" class=\"col medium-12 small-12 large-4\"  >\n\t\t\t\t<div class=\"col-inner\"  >\n\t\t\t\n\t\t\t\r\n\r\n\n\t\t<div class=\"icon-box featured-box icon-box-left text-left\"  style=\"margin:0px 0px 30px 0px;\">\n\t\t\t\t<div class=\"icon-box-text last-reset\">\n\t\t\t\t\t\t\t\t\t\r\n<h3>Information<\/h3>\r\n\t\t<\/div>\n\t<\/div>\n\t\n\t\r\n\r\n\t\t<\/div>\n\t\t\t\t\t<\/div>\n\n\t\r\n\n\t<div id=\"col-1532506005\" class=\"col medium-12 small-12 large-8\"  >\n\t\t\t\t<div class=\"col-inner text-left\"  >\n\t\t\t\n\t\t\t\r\n\r\n<div class=\"accordion\">\r\n\r\n\t<div id=\"accordion-161888961\" class=\"accordion-item\">\n\t\t<a id=\"accordion-161888961-label\" class=\"accordion-title plain\" href=\"#accordion-item-kontakt\" aria-expanded=\"false\" aria-controls=\"accordion-161888961-content\">\n\t\t\t<button class=\"toggle\" aria-label=\"Toggle\"><i class=\"icon-angle-down\" aria-hidden=\"true\"><\/i><\/button>\n\t\t\t<span>Kontakt<\/span>\n\t\t<\/a>\n\t\t<div id=\"accordion-161888961-content\" class=\"accordion-inner\" aria-labelledby=\"accordion-161888961-label\">\n\t\t\t\r\n\r\n<strong>\u00c5terf\u00f6rs\u00e4ljare: <\/strong>S.Haltsonen<strong>\r\nTel.:<\/strong> +372 53457161<strong>\r\nE-Post: <\/strong>info@helliston.eu<strong>\r\n<\/strong>\r\n\r\n\t\t<\/div>\n\t<\/div>\n\t\r\n\t<div id=\"accordion-2441535540\" class=\"accordion-item\">\n\t\t<a id=\"accordion-2441535540-label\" class=\"accordion-title plain\" aria-expanded=\"false\" aria-controls=\"accordion-2441535540-content\">\n\t\t\t<button class=\"toggle\" aria-label=\"Toggle\"><i class=\"icon-angle-down\" aria-hidden=\"true\"><\/i><\/button>\n\t\t\t<span>Juridisk &amp; postadresse:<\/span>\n\t\t<\/a>\n\t\t<div id=\"accordion-2441535540-content\" class=\"accordion-inner\" aria-labelledby=\"accordion-2441535540-label\">\n\t\t\t\r\n\r\nHelliston Nord O\u00fc\r\nPeetri 1B\r\n80029 P\u00e4rnu\r\nEstland\r\n\r\n\t\t<\/div>\n\t<\/div>\n\t\r\n\t<div id=\"accordion-2870392425\" class=\"accordion-item\">\n\t\t<a id=\"accordion-2870392425-label\" class=\"accordion-title plain\" href=\"#accordion-item-bes\u00f6ksadress\" aria-expanded=\"false\" aria-controls=\"accordion-2870392425-content\">\n\t\t\t<button class=\"toggle\" aria-label=\"Toggle\"><i class=\"icon-angle-down\" aria-hidden=\"true\"><\/i><\/button>\n\t\t\t<span>Bes\u00f6ksadress<\/span>\n\t\t<\/a>\n\t\t<div id=\"accordion-2870392425-content\" class=\"accordion-inner\" aria-labelledby=\"accordion-2870392425-label\">\n\t\t\t\r\n<p style=\"text-align: left;\">Helliston Nord O\u00fc\r\nKakuami 6\r\n80031 P\u00e4rnu\r\nEstland<\/p>\r\n\t\t<\/div>\n\t<\/div>\n\t\r\n\t<div id=\"accordion-3437320107\" class=\"accordion-item\">\n\t\t<a id=\"accordion-3437320107-label\" class=\"accordion-title plain\" href=\"#accordion-item-momsreg.-nr-och-org-nr.\" aria-expanded=\"false\" aria-controls=\"accordion-3437320107-content\">\n\t\t\t<button class=\"toggle\" aria-label=\"Toggle\"><i class=\"icon-angle-down\" aria-hidden=\"true\"><\/i><\/button>\n\t\t\t<span>Momsreg. nr och org nr.<\/span>\n\t\t<\/a>\n\t\t<div id=\"accordion-3437320107-content\" class=\"accordion-inner\" aria-labelledby=\"accordion-3437320107-label\">\n\t\t\t\r\n\r\n<strong>Momsreg.nr. : <\/strong>EE102262937<strong>\r\nOrg.nr.:\u00a0<\/strong>14984655\r\n\r\n\t\t<\/div>\n\t<\/div>\n\t\r\n\t<div id=\"accordion-2262528064\" class=\"accordion-item\">\n\t\t<a id=\"accordion-2262528064-label\" class=\"accordion-title plain\" href=\"#accordion-item-faktureringsuppgifter\" aria-expanded=\"false\" aria-controls=\"accordion-2262528064-content\">\n\t\t\t<button class=\"toggle\" aria-label=\"Toggle\"><i class=\"icon-angle-down\" aria-hidden=\"true\"><\/i><\/button>\n\t\t\t<span>Faktureringsuppgifter<\/span>\n\t\t<\/a>\n\t\t<div id=\"accordion-2262528064-content\" class=\"accordion-inner\" aria-labelledby=\"accordion-2262528064-label\">\n\t\t\t\r\n\r\n<strong>LHV PANK\r\nIBAN: <\/strong>EE4877 0077 1005 0515 45<strong>\r\n<\/strong><strong>SWIFT\/BIC: <\/strong>LHVBEE22\r\n\r\n\t\t<\/div>\n\t<\/div>\n\t\r\n\r\n<\/div>\r\n\r\n\t\t<\/div>\n\t\t\t\t\t<\/div>\n\n\t\r\n\r\n<\/div>\r\n<div class=\"is-divider divider clearfix\" style=\"margin-top:3em;margin-bottom:3em;max-width:100%;background-color:rgb(9, 14, 29);\"><\/div>\r\n\r\n<div class=\"row row-collapse\"  id=\"row-2071870629\">\r\n\r\n\n\t<div id=\"col-877500993\" class=\"col medium-12 small-12 large-4\"  >\n\t\t\t\t<div class=\"col-inner\"  >\n\t\t\t\n\t\t\t\r\n\r\n\n\t\t<div class=\"icon-box featured-box icon-box-left text-left\"  style=\"margin:0px 0px 30px 0px;\">\n\t\t\t\t<div class=\"icon-box-text last-reset\">\n\t\t\t\t\t\t\t\t\t\r\n<h3><span class=\"tlid-translation translation\" lang=\"sv\"><span class=\"alt-edited\" title=\"\">Copyright och referenser<\/span><\/span><\/h3>\r\n\t\t<\/div>\n\t<\/div>\n\t\n\t\r\n\r\n\t\t<\/div>\n\t\t\t\t\t<\/div>\n\n\t\r\n\n\t<div id=\"col-1272995164\" class=\"col medium-12 small-12 large-8\"  >\n\t\t\t\t<div class=\"col-inner text-left\"  >\n\t\t\t\n\t\t\t\r\n\r\n<div class=\"accordion\">\r\n\r\n\t<div id=\"accordion-477142370\" class=\"accordion-item\">\n\t\t<a id=\"accordion-477142370-label\" class=\"accordion-title plain\" href=\"#accordion-item-copyright\" aria-expanded=\"false\" aria-controls=\"accordion-477142370-content\">\n\t\t\t<button class=\"toggle\" aria-label=\"Toggle\"><i class=\"icon-angle-down\" aria-hidden=\"true\"><\/i><\/button>\n\t\t\t<span>Copyright<\/span>\n\t\t<\/a>\n\t\t<div id=\"accordion-477142370-content\" class=\"accordion-inner\" aria-labelledby=\"accordion-477142370-label\">\n\t\t\t\r\n\r\nR\u00e4ttigheterna till inneh\u00e5llet, logotypen, produktbilderna och -illustrationerna p\u00e5 denna webbsida tillh\u00f6r f\u00f6retaget Helliston O\u00dc &amp; Helliston Nord O\u00dc. Det \u00e4r inte till\u00e5tet att kopiera, omarbeta eller anv\u00e4nda dem utan skriftlig till\u00e5telse fr\u00e5n oss.\r\n\r\n\t\t<\/div>\n\t<\/div>\n\t\r\n\t<div id=\"accordion-2836656323\" class=\"accordion-item\">\n\t\t<a id=\"accordion-2836656323-label\" class=\"accordion-title plain\" href=\"#accordion-item-referenser\" aria-expanded=\"false\" aria-controls=\"accordion-2836656323-content\">\n\t\t\t<button class=\"toggle\" aria-label=\"Toggle\"><i class=\"icon-angle-down\" aria-hidden=\"true\"><\/i><\/button>\n\t\t\t<span>Referenser<\/span>\n\t\t<\/a>\n\t\t<div id=\"accordion-2836656323-content\" class=\"accordion-inner\" aria-labelledby=\"accordion-2836656323-label\">\n\t\t\t\r\n\r\nDe ikoner som anv\u00e4nds p\u00e5 denna webbsida har gjorts av <a href=\"https:\/\/www.flaticon.com\/authors\/srip\" target=\"_blank\" rel=\"noopener noreferrer\">Srip<\/a> och <a href=\"https:\/\/www.flaticon.com\/authors\/vectors-market\" target=\"_blank\" rel=\"noopener noreferrer\">Vectors Market<\/a> p\u00e5 <a href=\"https:\/\/www.flaticon.com\" target=\"_blank\" rel=\"noopener noreferrer\">Flaticon.<\/a>\r\n\r\n\t\t<\/div>\n\t<\/div>\n\t\r\n\r\n<\/div>\r\n\r\n\t\t<\/div>\n\t\t\t\t\t<\/div>\n\n\t\r\n\r\n<\/div>\r\n\t<div id=\"gap-281317594\" class=\"gap-element clearfix\" style=\"display:block; height:auto;\">\n\t\t\n<style>\n#gap-281317594 {\n  padding-top: 60px;\n}\n<\/style>\n\t<\/div>\n\t\r\n\r\n\t\t<\/div>\n\t\t\t\t\t<\/div>\n\n\t\r\n\r\n<\/div>\r\n\r\n\t\t<\/div>\n\n\t\t\n<style>\n#section_1116495612 {\n  padding-top: 60px;\n  padding-bottom: 60px;\n}\n<\/style>\n\t<\/section>\n\t\n","protected":false},"excerpt":{"rendered":"","protected":false},"author":1,"featured_media":0,"parent":0,"menu_order":0,"comment_status":"closed","ping_status":"closed","template":"page-blank.php","meta":{"footnotes":""},"class_list":["post-3407","page","type-page","status-publish","hentry"],"jetpack_sharing_enabled":true,"_links":{"self":[{"href":"https:\/\/www.helliston.eu\/sv\/wp-json\/wp\/v2\/pages\/3407","targetHints":{"allow":["GET"]}}],"collection":[{"href":"https:\/\/www.helliston.eu\/sv\/wp-json\/wp\/v2\/pages"}],"about":[{"href":"https:\/\/www.helliston.eu\/sv\/wp-json\/wp\/v2\/types\/page"}],"author":[{"embeddable":true,"href":"https:\/\/www.helliston.eu\/sv\/wp-json\/wp\/v2\/users\/1"}],"replies":[{"embeddable":true,"href":"https:\/\/www.helliston.eu\/sv\/wp-json\/wp\/v2\/comments?post=3407"}],"version-history":[{"count":5,"href":"https:\/\/www.helliston.eu\/sv\/wp-json\/wp\/v2\/pages\/3407\/revisions"}],"predecessor-version":[{"id":7107,"href":"https:\/\/www.helliston.eu\/sv\/wp-json\/wp\/v2\/pages\/3407\/revisions\/7107"}],"wp:attachment":[{"href":"https:\/\/www.helliston.eu\/sv\/wp-json\/wp\/v2\/media?parent=3407"}],"curies":[{"name":"wp","href":"https:\/\/api.w.org\/{rel}","templated":true}]}}