{"id":3409,"date":"2019-03-03T18:21:31","date_gmt":"2019-03-03T18:21:31","guid":{"rendered":"https:\/\/helliston.eu\/betalningsmetoder\/"},"modified":"2020-07-01T11:35:17","modified_gmt":"2020-07-01T11:35:17","slug":"betalningsmetoder","status":"publish","type":"page","link":"https:\/\/www.helliston.eu\/sv\/betalningsmetoder\/","title":{"rendered":"Betalningsmetoder"},"content":{"rendered":"\n\t<section class=\"section\" id=\"section_2121773098\">\n\t\t<div class=\"section-bg fill\" >\n\t\t\t\t\t\t\t\t\t\n\t\t\t\n\n\t\t<\/div>\n\n\t\t\n\n\t\t<div class=\"section-content relative\">\n\t\t\t\n<div class=\"row row-collapse align-center\"  id=\"row-1720317593\">\n\n\n\t<div id=\"col-492754111\" class=\"col medium-7 small-12 large-7\"  >\n\t\t\t\t<div class=\"col-inner text-center\"  >\n\t\t\t\n\t\t\t\n\n<div class=\"ux-logo has-hover align-middle ux_logo inline-block\" style=\"max-width: 100%!important; width: 158.048780488px!important\"><div class=\"ux-logo-link block image-\" title=\"\" href=\"\" style=\"padding: 15px;\"><img decoding=\"async\" src=\"https:\/\/www.helliston.eu\/wp-content\/uploads\/2020\/01\/Sepa-Logo.jpg\" title=\"\" alt=\"\" class=\"ux-logo-image block\" style=\"height:35px;\" \/><\/div><\/div>\n\n<div class=\"ux-logo has-hover align-middle ux_logo inline-block\" style=\"max-width: 100%!important; width: 138.24742268px!important\"><div class=\"ux-logo-link block image-\" title=\"\" href=\"\" style=\"padding: 15px;\"><img decoding=\"async\" src=\"https:\/\/www.helliston.eu\/wp-content\/uploads\/2020\/01\/Visa-Logo.jpg\" title=\"\" alt=\"\" class=\"ux-logo-image block\" style=\"height:35px;\" \/><\/div><\/div>\n\n<div class=\"ux-logo has-hover align-middle ux_logo inline-block\" style=\"max-width: 100%!important; width: 94.1025641026px!important\"><div class=\"ux-logo-link block image-\" title=\"\" href=\"\" style=\"padding: 15px;\"><img decoding=\"async\" src=\"https:\/\/www.helliston.eu\/wp-content\/uploads\/2020\/01\/Mastercard-logo.jpg\" title=\"\" alt=\"\" class=\"ux-logo-image block\" style=\"height:50px;\" \/><\/div><\/div>\n\n\n\t\t<\/div>\n\t\t\t\t\t<\/div>\n\n\t\n\n<\/div>\n<div class=\"row row-collapse align-center\"  id=\"row-1669259549\">\n\n\n\t<div id=\"col-1014834461\" class=\"col medium-7 small-12 large-7\"  >\n\t\t\t\t<div class=\"col-inner text-center\"  >\n\t\t\t\n\t\t\t\n\n<div class=\"ux-logo has-hover align-middle ux_logo inline-block\" style=\"max-width: 100%!important; width: 186.71641791px!important\"><div class=\"ux-logo-link block image-\" title=\"\" href=\"\" style=\"padding: 15px;\"><img decoding=\"async\" src=\"https:\/\/www.helliston.eu\/wp-content\/uploads\/2020\/01\/Klarna-Logo.jpg\" title=\"\" alt=\"\" class=\"ux-logo-image block\" style=\"height:35px;\" \/><\/div><\/div>\n\n<div class=\"ux-logo has-hover align-middle ux_logo inline-block\" style=\"max-width: 100%!important; width: 161.25px!important\"><div class=\"ux-logo-link block image-\" title=\"\" href=\"\" style=\"padding: 15px;\"><img decoding=\"async\" src=\"https:\/\/www.helliston.eu\/wp-content\/uploads\/2020\/01\/Paypal-logo.jpg\" title=\"\" alt=\"\" class=\"ux-logo-image block\" style=\"height:35px;\" \/><\/div><\/div>\n\n<div class=\"ux-logo has-hover align-middle ux_logo inline-block\" style=\"max-width: 100%!important; width: 196.666666667px!important\"><div class=\"ux-logo-link block image-\" title=\"\" href=\"\" style=\"padding: 15px;\"><img decoding=\"async\" src=\"https:\/\/www.helliston.eu\/wp-content\/uploads\/2020\/01\/Paysera-Logo.jpg\" title=\"\" alt=\"\" class=\"ux-logo-image block\" style=\"height:35px;\" \/><\/div><\/div>\n\n<div class=\"ux-logo has-hover align-middle ux_logo inline-block\" style=\"max-width: 100%!important; width: 140.526315789px!important\"><div class=\"ux-logo-link block image-\" title=\"\" href=\"\" style=\"padding: 15px;\"><img decoding=\"async\" src=\"https:\/\/www.helliston.eu\/wp-content\/uploads\/2020\/02\/SofortUeberweisung.jpg\" title=\"\" alt=\"\" class=\"ux-logo-image block\" style=\"height:35px;\" \/><\/div><\/div>\n\n<div class=\"ux-logo has-hover align-middle ux_logo inline-block\" style=\"max-width: 100%!important; width: 127.122302158px!important\"><div class=\"ux-logo-link block image-\" title=\"\" href=\"\" style=\"padding: 15px;\"><img decoding=\"async\" src=\"https:\/\/www.helliston.eu\/wp-content\/uploads\/2020\/02\/Giropay.jpg\" title=\"\" alt=\"\" class=\"ux-logo-image block\" style=\"height:45px;\" \/><\/div><\/div>\n\n<div class=\"ux-logo has-hover align-middle ux_logo inline-block\" style=\"max-width: 100%!important; width: 99.2307692308px!important\"><div class=\"ux-logo-link block image-\" title=\"\" href=\"\" style=\"padding: 15px;\"><img decoding=\"async\" src=\"https:\/\/www.helliston.eu\/wp-content\/uploads\/2020\/02\/EPS-Logo.jpg\" title=\"\" alt=\"\" class=\"ux-logo-image block\" style=\"height:45px;\" \/><\/div><\/div>\n\n<div class=\"ux-logo has-hover align-middle ux_logo inline-block\" style=\"max-width: 100%!important; width: 113.333333333px!important\"><div class=\"ux-logo-link block image-\" title=\"\" href=\"\" style=\"padding: 15px;\"><img decoding=\"async\" src=\"https:\/\/www.helliston.eu\/wp-content\/uploads\/2020\/02\/Stripe-Logo.jpg\" title=\"\" alt=\"\" class=\"ux-logo-image block\" style=\"height:35px;\" \/><\/div><\/div>\n\n\n\t\t<\/div>\n\t\t\t\t\t<\/div>\n\n\t\n\n<\/div>\n\t\t<\/div>\n\n\t\t\n<style>\n#section_2121773098 {\n  padding-top: 30px;\n  padding-bottom: 30px;\n}\n<\/style>\n\t<\/section>\n\t\n\n\t<section class=\"section\" id=\"section_1170023159\">\n\t\t<div class=\"section-bg fill\" >\n\t\t\t\t\t\t\t\t\t\n\t\t\t\n\n\t\t<\/div>\n\n\t\t\n\n\t\t<div class=\"section-content relative\">\n\t\t\t\n<div class=\"row row-collapse row-full-width align-equal align-center\"  id=\"row-498688514\">\n\n\t<div id=\"col-905155004\" class=\"col medium-2 small-12 large-2\"  >\n\t\t\t\t<div class=\"col-inner\"  >\n\t\t\t\n\t\t\t\n<div class=\"container section-title-container\" ><h3 class=\"section-title section-title-center\"><b aria-hidden=\"true\"><\/b><span class=\"section-title-main\" >Allm\u00e4nna villkor<\/span><b aria-hidden=\"true\"><\/b><\/h3><\/div>\n\t\t<\/div>\n\t\t\t\t\t<\/div>\n\n\t\n\n\t<div id=\"col-372531837\" class=\"col medium-8 small-10 large-8\"  >\n\t\t\t\t<div class=\"col-inner\"  >\n\t\t\t\n\t\t\t\n<ul>\n<li>Generellt \u00e4r f\u00f6rskottsbetalning den betalningsform som g\u00e4ller i grunden f\u00f6r nya kunder .<\/li>\n<li>Ordern kommer att behandlas inom 24 timmar (M-F) efter att betalningen har n\u00e5tt v\u00e5rt konto.<\/li>\n<\/ul>\n\t\t<\/div>\n\t\t\t\t\t<\/div>\n\n\t\n<\/div>\n\t\t<\/div>\n\n\t\t\n<style>\n#section_1170023159 {\n  padding-top: 30px;\n  padding-bottom: 30px;\n}\n<\/style>\n\t<\/section>\n\t\n\n\t<section class=\"section\" id=\"section_1532703285\">\n\t\t<div class=\"section-bg fill\" >\n\t\t\t\t\t\t\t\t\t\n\t\t\t\n\n\t\t<\/div>\n\n\t\t\n\n\t\t<div class=\"section-content relative\">\n\t\t\t\n<div class=\"row row-collapse row-full-width align-equal align-center\"  id=\"row-1106941966\">\n\n\t<div id=\"col-1744991425\" class=\"col medium-2 small-12 large-2\"  >\n\t\t\t\t<div class=\"col-inner\"  >\n\t\t\t\n\t\t\t\n<div class=\"container section-title-container\" ><h3 class=\"section-title section-title-center\"><b aria-hidden=\"true\"><\/b><span class=\"section-title-main\" >Betalnings-metoder<\/span><b aria-hidden=\"true\"><\/b><\/h3><\/div>\n\t\t<\/div>\n\t\t\t\t\t<\/div>\n\n\t\n\n\t<div id=\"col-372028587\" class=\"col medium-8 small-10 large-8\"  >\n\t\t\t\t<div class=\"col-inner\"  >\n\t\t\t\n\t\t\t\n<ul>\n<li>F\u00f6rskottsbetalning genom bank\u00f6verf\u00f6ring (SEPA)<\/li>\n<li>F\u00f6rskottsbetalning via Paysera (st\u00f6djer olika lokala betalningsmetoder i hela Europa)<\/li>\n<li>F\u00f6rskottsbetalning med kredit- eller betalkorten Visa\/Master (via Paysera eller Paypal)<\/li>\n<li>Kontant betalning p\u00e5 v\u00e5rt kontor (Vi ber dig avtala tid p\u00e5 f\u00f6rhand, eftersom vi inte har fasta \u00f6ppettider.)<\/li>\n<li>Fakturering f\u00f6r stamkunder<\/li>\n<\/ul>\n\t\t<\/div>\n\t\t\t\t\t<\/div>\n\n\t\n<\/div>\n\t<div id=\"gap-1104003885\" class=\"gap-element clearfix\" style=\"display:block; height:auto;\">\n\t\t\n<style>\n#gap-1104003885 {\n  padding-top: 30px;\n}\n<\/style>\n\t<\/div>\n\t\n<div class=\"row row-collapse row-full-width align-equal align-center\"  id=\"row-1218541734\">\n\n\t<div id=\"col-1692300115\" class=\"col medium-2 small-12 large-2\"  >\n\t\t\t\t<div class=\"col-inner text-center\"  >\n\t\t\t\n\t\t\t\n<div class=\"container section-title-container\" ><h3 class=\"section-title section-title-center\"><b aria-hidden=\"true\"><\/b><span class=\"section-title-main\" >SEPA<\/span><b aria-hidden=\"true\"><\/b><\/h3><\/div>\n<div class=\"ux-logo has-hover align-middle ux_logo inline-block\" style=\"max-width: 100%!important; width: 157.948717949px!important\"><div class=\"ux-logo-link block image-\" title=\"\" href=\"\" style=\"padding: 15px;\"><img decoding=\"async\" src=\"https:\/\/www.helliston.eu\/wp-content\/uploads\/2019\/03\/SepaLogo2-1.png\" title=\"\" alt=\"\" class=\"ux-logo-image block\" style=\"height:35px;\" \/><\/div><\/div>\n\t\t<\/div>\n\t\t\t\t\t<\/div>\n\n\t\n\n\t<div id=\"col-1186473979\" class=\"col medium-8 small-10 large-8\"  >\n\t\t\t\t<div class=\"col-inner\"  >\n\t\t\t\n\t\t\t\n<ul>\n<li>Om du i kassan valde bank\u00f6verf\u00f6ring (SEPA) som betalningsmetod, var god klicka p\u00e5 knappen \u201dSkicka best\u00e4llning\u201d.<\/li>\n<li>N\u00e4r best\u00e4llningen \u00e4r gjord f\u00e5r du automatiskt ett mejl med en f\u00f6rskottsfaktura och ett kvitto p\u00e5 att k\u00f6pet har registrerats. Var god betala inom 3 dagar till det bankkonto som anges i mejlet.<\/li>\n<li>Var god ange ditt namn och best\u00e4llningsnumret som st\u00e5r i mejlet och p\u00e5 f\u00f6rskottsfakturan som betalningsreferens.<\/li>\n<\/ul>\n\t\t<\/div>\n\t\t\t\t\t<\/div>\n\n\t\n<\/div>\n<div class=\"row row-collapse row-full-width align-equal align-center\"  id=\"row-1209863017\">\n\n\t<div id=\"col-92457988\" class=\"col medium-2 small-12 large-2\"  >\n\t\t\t\t<div class=\"col-inner text-center\"  >\n\t\t\t\n\t\t\t\n<div class=\"container section-title-container\" ><h3 class=\"section-title section-title-center\"><b aria-hidden=\"true\"><\/b><span class=\"section-title-main\" >paysera<\/span><b aria-hidden=\"true\"><\/b><\/h3><\/div>\n<div class=\"ux-logo has-hover align-middle ux_logo inline-block\" style=\"max-width: 100%!important; width: 195.616776316px!important\"><div class=\"ux-logo-link block image-\" title=\"\" href=\"\" style=\"padding: 15px;\"><img decoding=\"async\" src=\"https:\/\/www.helliston.eu\/wp-content\/uploads\/2019\/03\/Paysera_logotype_internet.png\" title=\"\" alt=\"\" class=\"ux-logo-image block\" style=\"height:35px;\" \/><\/div><\/div>\n\t\t<\/div>\n\t\t\t\t\t<\/div>\n\n\t\n\n\t<div id=\"col-1218621032\" class=\"col medium-8 small-10 large-8\"  >\n\t\t\t\t<div class=\"col-inner\"  >\n\t\t\t\n\t\t\t\n<ul>\n<li>Paysera st\u00f6djer betalsystemen hos flera europeiska banker och baserar sig p\u00e5 SEPA-systemet. Via Paysera kan du anv\u00e4nda de betals\u00e4tt som anv\u00e4nds i ditt hemland.<\/li>\n<li>Om du i kassan valde att betala via Paysera, var god klicka p\u00e5 \u201d\u201d-knappen.<\/li>\n<li>D\u00e5 kommer du direkt till Payseras webbplats.<\/li>\n<li>F\u00f6lj Payseras anvisningar f\u00f6r att genomf\u00f6ra betalningen.<\/li>\n<li>N\u00e4r betalningen \u00e4r gjord kommer du atomatiskt tillbaka till v\u00e5r webbplats.<\/li>\n<li>Efter att betalningen har genomf\u00f6rts f\u00e5r du automatiskt ett mejl med motsvarande uppgifter.<\/li>\n<\/ul>\n\t\t<\/div>\n\t\t\t\t\t<\/div>\n\n\t\n<\/div>\n\t<div id=\"gap-1350609975\" class=\"gap-element clearfix\" style=\"display:block; height:auto;\">\n\t\t\n<style>\n#gap-1350609975 {\n  padding-top: 30px;\n}\n<\/style>\n\t<\/div>\n\t\n<div class=\"row row-collapse row-full-width align-equal align-center\"  id=\"row-1317338760\">\n\n\t<div id=\"col-1883691646\" class=\"col medium-2 small-12 large-2\"  >\n\t\t\t\t<div class=\"col-inner text-center\"  >\n\t\t\t\n\t\t\t\n<div class=\"container section-title-container\" ><h3 class=\"section-title section-title-center\"><b aria-hidden=\"true\"><\/b><span class=\"section-title-main\" >paypal<\/span><b aria-hidden=\"true\"><\/b><\/h3><\/div>\n<div class=\"ux-logo has-hover align-middle ux_logo inline-block\" style=\"max-width: 100%!important; width: 130px!important\"><div class=\"ux-logo-link block image-\" title=\"\" href=\"\" style=\"padding: 15px;\"><img decoding=\"async\" src=\"https:\/\/www.helliston.eu\/wp-content\/uploads\/2019\/03\/Paypal-logo-1.png\" title=\"\" alt=\"\" class=\"ux-logo-image block\" style=\"height:50px;\" \/><\/div><\/div>\n\t\t<\/div>\n\t\t\t\t\t<\/div>\n\n\t\n\n\t<div id=\"col-1781470057\" class=\"col medium-8 small-10 large-8\"  >\n\t\t\t\t<div class=\"col-inner\"  >\n\t\t\t\n\t\t\t\n<ul>\n<li>Om du i kassan valde att betala via Paypal, var god klicka p\u00e5 \u201d\u201d-knappen.<\/li>\n<li>D\u00e5 kommer du direkt till Paypal webbplats.<\/li>\n<li>F\u00f6lj Paypal anvisningar f\u00f6r att genomf\u00f6ra betalningen.<\/li>\n<li>N\u00e4r betalningen \u00e4r gjord kommer du atomatiskt tillbaka till v\u00e5r webbplats.<\/li>\n<li>Efter att betalningen har genomf\u00f6rts f\u00e5r du automatiskt ett mejl med motsvarande uppgifter.<\/li>\n<\/ul>\n\t\t<\/div>\n\t\t\t\t\t<\/div>\n\n\t\n<\/div>\n\t<div id=\"gap-719102401\" class=\"gap-element clearfix\" style=\"display:block; height:auto;\">\n\t\t\n<style>\n#gap-719102401 {\n  padding-top: 30px;\n}\n<\/style>\n\t<\/div>\n\t\n<div class=\"row row-collapse row-full-width align-equal align-center\"  id=\"row-764207829\">\n\n\t<div id=\"col-1832674625\" class=\"col medium-2 small-12 large-2\"  >\n\t\t\t\t<div class=\"col-inner text-center\"  >\n\t\t\t\n\t\t\t\n<div class=\"container section-title-container\" ><h3 class=\"section-title section-title-center\"><b aria-hidden=\"true\"><\/b><span class=\"section-title-main\" >VISA MASTER<\/span><b aria-hidden=\"true\"><\/b><\/h3><\/div>\n<div class=\"ux-logo has-hover align-middle ux_logo inline-block\" style=\"max-width: 100%!important; width: 149.830985915px!important\"><div class=\"ux-logo-link block image-\" title=\"\" href=\"\" style=\"padding: 15px;\"><img decoding=\"async\" src=\"https:\/\/www.helliston.eu\/wp-content\/uploads\/2019\/03\/visa-master-logo-png-.png\" title=\"\" alt=\"\" class=\"ux-logo-image block\" style=\"height:30px;\" \/><\/div><\/div>\n\t\t<\/div>\n\t\t\t\t\t<\/div>\n\n\t\n\n\t<div id=\"col-122794873\" class=\"col medium-8 small-10 large-8\"  >\n\t\t\t\t<div class=\"col-inner\"  >\n\t\t\t\n\t\t\t\n<ul>\n<li>Vid betalning med kredit- eller betalkorten Visa\/Master kan du v\u00e4lja att betala via Paysera eller Paypal.<\/li>\n<li>Om du i kassan valde att betala via Paysera eller Paypal, var god klicka p\u00e5 \u201d\u201d-knappen.<\/li>\n<li>D\u00e5 kommer du direkt till Paysera eller Paypal webbplats.<\/li>\n<li>F\u00f6lj Paysera eller Paypal anvisningar f\u00f6r att genomf\u00f6ra betalningen.<\/li>\n<li>N\u00e4r betalningen \u00e4r gjord kommer du atomatiskt tillbaka till v\u00e5r webbplats.<\/li>\n<li>Efter att betalningen har genomf\u00f6rts f\u00e5r du automatiskt ett mejl med motsvarande uppgifter.<\/li>\n<\/ul>\n\t\t<\/div>\n\t\t\t\t\t<\/div>\n\n\t\n<\/div>\n\t<div id=\"gap-221508449\" class=\"gap-element clearfix\" style=\"display:block; height:auto;\">\n\t\t\n<style>\n#gap-221508449 {\n  padding-top: 30px;\n}\n<\/style>\n\t<\/div>\n\t\n\t\t<\/div>\n\n\t\t\n<style>\n#section_1532703285 {\n  padding-top: 30px;\n  padding-bottom: 30px;\n}\n<\/style>\n\t<\/section>\n\t\n","protected":false},"excerpt":{"rendered":"","protected":false},"author":1,"featured_media":0,"parent":0,"menu_order":0,"comment_status":"closed","ping_status":"closed","template":"page-blank.php","meta":{"footnotes":""},"class_list":["post-3409","page","type-page","status-publish","hentry"],"jetpack_sharing_enabled":true,"_links":{"self":[{"href":"https:\/\/www.helliston.eu\/sv\/wp-json\/wp\/v2\/pages\/3409","targetHints":{"allow":["GET"]}}],"collection":[{"href":"https:\/\/www.helliston.eu\/sv\/wp-json\/wp\/v2\/pages"}],"about":[{"href":"https:\/\/www.helliston.eu\/sv\/wp-json\/wp\/v2\/types\/page"}],"author":[{"embeddable":true,"href":"https:\/\/www.helliston.eu\/sv\/wp-json\/wp\/v2\/users\/1"}],"replies":[{"embeddable":true,"href":"https:\/\/www.helliston.eu\/sv\/wp-json\/wp\/v2\/comments?post=3409"}],"version-history":[{"count":5,"href":"https:\/\/www.helliston.eu\/sv\/wp-json\/wp\/v2\/pages\/3409\/revisions"}],"predecessor-version":[{"id":7108,"href":"https:\/\/www.helliston.eu\/sv\/wp-json\/wp\/v2\/pages\/3409\/revisions\/7108"}],"wp:attachment":[{"href":"https:\/\/www.helliston.eu\/sv\/wp-json\/wp\/v2\/media?parent=3409"}],"curies":[{"name":"wp","href":"https:\/\/api.w.org\/{rel}","templated":true}]}}