{"id":14584,"date":"2023-03-18T10:26:18","date_gmt":"2023-03-18T10:26:22","guid":{"rendered":"https:\/\/helliston.eu\/?post_type=product&#038;p=14584"},"modified":"2024-03-10T10:16:33","modified_gmt":"2024-03-10T10:16:33","slug":"hyvelstal-till-rikthyveln-planhyveln-parkside-padm-a1-1250w-hss-210x22x18mm","status":"publish","type":"product","link":"https:\/\/www.helliston.eu\/sv\/produkt\/hyvelstal-till-rikthyveln-planhyveln-parkside-padm-a1-1250w-hss-210x22x18mm\/","title":{"rendered":"T1 W18% Hyvelst\u00e5l till Parkside PADM A1 1250W, , HSS Volfram 18%, 210x22x1,8mm"},"content":{"rendered":"<p>Helliston HSS W18% hyvelst\u00e5l till rikt- och planhyvel Parkside PADM A1 1250W. V\u00e5ra hyvelst\u00e5l har en exceptionellt skarp egg (0,2RA) och robust h\u00e5llbarhet. En 18% tungstenhalt och en metallh\u00e5rdhet p\u00e5 66 HRC enligt Rockwell s\u00e4kerst\u00e4ller en l\u00e5ng livsl\u00e4ngd och utm\u00e4rkt sk\u00e4rprestanda, \u00e4ven i kr\u00e4vande projekt.<\/p>\n<ol>\n<li><strong>M\u00e4ngd och dimensioner:<\/strong>\n<ul>\n<li>1 upps\u00e4ttning av 2 hyvelst\u00e5l 210 x 22 x 1,8 mm till rikt- och planhyvel Parkside PADM A1 1250W<\/li>\n<\/ul>\n<\/li>\n<li><strong>Vassa och h\u00e5llbara hyvelst\u00e5l:<\/strong>\n<ul>\n<li>V\u00e5ra hyvelst\u00e5l har en exceptionellt vass egg, slipad till en ytfinish p\u00e5 0,2Ra.<\/li>\n<li>HSS Wolfram 18% s\u00e4kerst\u00e4ller l\u00e5ng livsl\u00e4ngd och \u00f6verl\u00e4gsen sk\u00e4rprestanda.<\/li>\n<li>V\u00e5ra hyvelst\u00e5l till rikthyvel och planhyvel Parkside PADM A1 1250W \u00e4r h\u00e4rdade till en Rockwell-h\u00e5rdhet p\u00e5 66HRC, vilket ytterligare f\u00f6rb\u00e4ttrar deras h\u00e5llbarhet..<\/li>\n<\/ul>\n<\/li>\n<li><strong>Milj\u00f6v\u00e4nlig f\u00f6rpackning:<br \/>\n<\/strong><div class=\"row\"  id=\"row-40050018\">\n\t<div id=\"col-1742196855\" class=\"col medium-1\/4 large-3\"  >\n\t\t\t\t<div class=\"col-inner\"  >\n\t\t\t\n\t\t\t<img loading=\"lazy\" decoding=\"async\" class=\"alignnone size-medium wp-image-22538\" src=\"https:\/\/helliston.eu\/wp-content\/uploads\/2022\/01\/symbols-188x300.jpg\" alt=\"\" width=\"188\" height=\"300\" srcset=\"https:\/\/helliston.eu\/wp-content\/uploads\/2022\/01\/symbols-188x300.jpg 188w, https:\/\/helliston.eu\/wp-content\/uploads\/2022\/01\/symbols-642x1024.jpg 642w, https:\/\/helliston.eu\/wp-content\/uploads\/2022\/01\/symbols-768x1226.jpg 768w, https:\/\/helliston.eu\/wp-content\/uploads\/2022\/01\/symbols-510x814.jpg 510w, https:\/\/helliston.eu\/wp-content\/uploads\/2022\/01\/symbols.jpg 797w\" sizes=\"auto, (max-width: 188px) 100vw, 188px\" \/>\t\t<\/div>\n\t\t\t\t\t<\/div>\n\n\t\n\n\t<div id=\"col-1750667042\" class=\"col medium-3\/4 large-9\"  >\n\t\t\t\t<div class=\"col-inner\"  >\n\t\t\t\n\t\t\t\n<ul>\n<li>V\u00e5rt set med 2 reservblad f\u00f6r hyvel Parkside PADM A1 1250W levereras i milj\u00f6v\u00e4nlig f\u00f6rpackning: 95 % h\u00e5rt kartong och 5 % nedbrytbart plast..<\/li>\n<li>Eftersom hyvelst\u00e5l \u00e4r oljade anv\u00e4nder vi sm\u00e5 nedbrytbara plastp\u00e5sar som \u00e4r l\u00e4tta att separera fr\u00e5n resten av produktf\u00f6rpackningen. De kan l\u00e4ggas i kompostl\u00e5dan, eller om det inte \u00e4r m\u00f6jligt, kan de enkelt \u00e5tervinnas.<\/li>\n<li>\u00c4ven kartongkuverten som vi skickar v\u00e5ra produkter i \u00e4r speciellt utvecklade f\u00f6r v\u00e5ra hyvelst\u00e5l f\u00f6r att minimera materialanv\u00e4ndningen och undvika extra tomrum i f\u00f6rpackningen.<\/li>\n<\/ul>\n\t\t<\/div>\n\t\t\t\t\t<\/div>\n\n\t\n<\/div><\/li>\n<li><strong>Olika tr\u00e4slag:<\/strong>\n<ul>\n<li>V\u00e5ra hyvelst\u00e5l f\u00f6r rikt- och planhyvel Parkside PADM A1 1250W \u00e4r idealiska f\u00f6r bearbetning av b\u00e5de mjukt och h\u00e5rt tr\u00e4, fr\u00e5n ek till tall..<\/li>\n<\/ul>\n<\/li>\n<li><strong>Kundsupport:<\/strong>\n<ul>\n<li>Tveka inte att kontakta oss via e-post om du har n\u00e5gra fr\u00e5gor; vi \u00e4r redo att hj\u00e4lpa dig.<\/li>\n<\/ul>\n<\/li>\n<\/ol>\n","protected":false},"excerpt":{"rendered":"<p>T1 HSS W18% hyvelst\u00e5l till rikt- och planhyvel Parkside PADM A1 1250W, 210 x 22 x 1,8 mm. 2 hyvelst\u00e5l per f\u00f6rpackning. Tillverkad av slitstarkt HSS-snabbst\u00e5l med 18% volframhalt (Rockwell-h\u00e5rdhet: 66HRC). Hyvelst\u00e5l \u00e4r slipade till 0,2RA och kan slipas om. Milj\u00f6v\u00e4nlig f\u00f6rpackning (h\u00e5rd kartong och biologiskt nedbrytbar plast). Se nedan f\u00f6r mer information.<\/p>\n","protected":false},"featured_media":23583,"template":"","meta":[],"product_brand":[],"product_cat":[819,3117,3085],"product_tag":[4317],"class_list":{"0":"post-14584","1":"product","2":"type-product","3":"status-publish","4":"has-post-thumbnail","6":"product_cat-hyvelstal-hyvelknivar-efter-marken","7":"product_cat-till-hyvel-padm-1250","8":"product_cat-hyvelstal-till-parkside","9":"product_tag-210x22-sv","11":"first","12":"instock","13":"taxable","14":"shipping-taxable","15":"purchasable","16":"product-type-simple"},"jetpack_sharing_enabled":true,"_links":{"self":[{"href":"https:\/\/www.helliston.eu\/sv\/wp-json\/wp\/v2\/product\/14584","targetHints":{"allow":["GET"]}}],"collection":[{"href":"https:\/\/www.helliston.eu\/sv\/wp-json\/wp\/v2\/product"}],"about":[{"href":"https:\/\/www.helliston.eu\/sv\/wp-json\/wp\/v2\/types\/product"}],"wp:featuredmedia":[{"embeddable":true,"href":"https:\/\/www.helliston.eu\/sv\/wp-json\/wp\/v2\/media\/23583"}],"wp:attachment":[{"href":"https:\/\/www.helliston.eu\/sv\/wp-json\/wp\/v2\/media?parent=14584"}],"wp:term":[{"taxonomy":"product_brand","embeddable":true,"href":"https:\/\/www.helliston.eu\/sv\/wp-json\/wp\/v2\/product_brand?post=14584"},{"taxonomy":"product_cat","embeddable":true,"href":"https:\/\/www.helliston.eu\/sv\/wp-json\/wp\/v2\/product_cat?post=14584"},{"taxonomy":"product_tag","embeddable":true,"href":"https:\/\/www.helliston.eu\/sv\/wp-json\/wp\/v2\/product_tag?post=14584"}],"curies":[{"name":"wp","href":"https:\/\/api.w.org\/{rel}","templated":true}]}}