{"id":17163,"date":"2023-04-01T07:23:37","date_gmt":"2023-04-01T07:23:39","guid":{"rendered":"https:\/\/helliston.eu\/?post_type=product&#038;p=17163"},"modified":"2023-04-01T07:58:43","modified_gmt":"2023-04-01T07:58:43","slug":"hyvelstal-till-triton-tmnpl-mini-60mm","status":"publish","type":"product","link":"https:\/\/www.helliston.eu\/sv\/produkt\/hyvelstal-till-triton-tmnpl-mini-60mm\/","title":{"rendered":"Hyvelst\u00e5l till Triton TMNPL Mini, 60mm"},"content":{"rendered":"","protected":false},"excerpt":{"rendered":"<p>Hyvelst\u00e5l till Triton TMNPL Mini, 60 x 5,5 x 1,1 mm. 5 set = 10 hyvelst\u00e5l.<\/p>\n<ul>\n<li>HSS = f\u00f6r mjukt tr\u00e4, sl\u00e4tare ytfinish och vassare \u00e4n TCT-st\u00e5l<\/li>\n<li>TCT = f\u00f6r mjukt och h\u00e5rt tr\u00e4 och h\u00e5ller upp till 5 g\u00e5nger l\u00e4ngre \u00e4n konventionella HSS-hyvelknivar<\/li>\n<\/ul>\n<p>Ytterligare information l\u00e4ngst ned.<\/p>\n<p>***F\u00f6rpackningarna \u00e4r gjorda av h\u00e5rd kartong och \u00e4r utan plast.***<\/p>\n","protected":false},"featured_media":17284,"template":"","meta":[],"product_brand":[],"product_cat":[3474,819,1116,2018],"product_tag":[],"class_list":{"0":"post-17163","1":"product","2":"type-product","3":"status-publish","4":"has-post-thumbnail","6":"product_cat-triton-tmnpl-mini-sv","7":"product_cat-hyvelstal-hyvelknivar-efter-marken","8":"product_cat-hyvelstal-till-triton","9":"product_cat-till-hyvel-tcmpl-b60-60mm","11":"first","12":"instock","13":"taxable","14":"shipping-taxable","15":"purchasable","16":"product-type-variable"},"jetpack_sharing_enabled":true,"_links":{"self":[{"href":"https:\/\/www.helliston.eu\/sv\/wp-json\/wp\/v2\/product\/17163","targetHints":{"allow":["GET"]}}],"collection":[{"href":"https:\/\/www.helliston.eu\/sv\/wp-json\/wp\/v2\/product"}],"about":[{"href":"https:\/\/www.helliston.eu\/sv\/wp-json\/wp\/v2\/types\/product"}],"wp:featuredmedia":[{"embeddable":true,"href":"https:\/\/www.helliston.eu\/sv\/wp-json\/wp\/v2\/media\/17284"}],"wp:attachment":[{"href":"https:\/\/www.helliston.eu\/sv\/wp-json\/wp\/v2\/media?parent=17163"}],"wp:term":[{"taxonomy":"product_brand","embeddable":true,"href":"https:\/\/www.helliston.eu\/sv\/wp-json\/wp\/v2\/product_brand?post=17163"},{"taxonomy":"product_cat","embeddable":true,"href":"https:\/\/www.helliston.eu\/sv\/wp-json\/wp\/v2\/product_cat?post=17163"},{"taxonomy":"product_tag","embeddable":true,"href":"https:\/\/www.helliston.eu\/sv\/wp-json\/wp\/v2\/product_tag?post=17163"}],"curies":[{"name":"wp","href":"https:\/\/api.w.org\/{rel}","templated":true}]}}