{"id":3388,"date":"2019-03-07T20:48:27","date_gmt":"2019-03-07T20:48:27","guid":{"rendered":"https:\/\/helliston.eu\/product\/reservklinga-reservblad-knivblad-60mm-till-roterande-skarare-rullskarare-rullknivar-10-st\/"},"modified":"2019-12-18T09:49:55","modified_gmt":"2019-12-18T09:49:55","slug":"reservklinga-reservblad-knivblad-60mm-till-roterande-skarare-rullskarare-rullknivar-10-st","status":"publish","type":"product","link":"https:\/\/www.helliston.eu\/sv\/produkt\/reservklinga-reservblad-knivblad-60mm-till-roterande-skarare-rullskarare-rullknivar-10-st\/","title":{"rendered":"Reservklinga 60mm till roterande sk\u00e4rare, rullsk\u00e4rare, rullknivar (till Olfa, Fiskars, Dremel, Dafa, Martelli, TrueCut, Prym etc), 10 st"},"content":{"rendered":"","protected":false},"excerpt":{"rendered":"<p><strong>60 mm reservklinga <\/strong>passar till de flesta roterande sk\u00e4rare, rullsk\u00e4rare, rullknivarna p\u00e5 marknaden (till Olfa, Fiskars, Dremel, Dafa, Martelli, TrueCut osv). Detta g\u00e4ller <strong>standardm\u00e5tt<\/strong>. Tillverkade av h\u00e5llfast <strong>japanskt st\u00e5l (SKS-7). 10 st\/paket. <\/strong>Mer information nedan.<\/p>\n","protected":false},"featured_media":2702,"template":"","meta":[],"product_brand":[],"product_cat":[371],"product_tag":[],"class_list":{"0":"post-3388","1":"product","2":"type-product","3":"status-publish","4":"has-post-thumbnail","6":"product_cat-reservklinga-till-rullskarare-28-45-60-mm-olfa-fiskars-dremel-dafa-martelli-truecut-prym-etc","8":"first","9":"outofstock","10":"taxable","11":"shipping-taxable","12":"purchasable","13":"product-type-simple"},"jetpack_sharing_enabled":true,"_links":{"self":[{"href":"https:\/\/www.helliston.eu\/sv\/wp-json\/wp\/v2\/product\/3388","targetHints":{"allow":["GET"]}}],"collection":[{"href":"https:\/\/www.helliston.eu\/sv\/wp-json\/wp\/v2\/product"}],"about":[{"href":"https:\/\/www.helliston.eu\/sv\/wp-json\/wp\/v2\/types\/product"}],"wp:featuredmedia":[{"embeddable":true,"href":"https:\/\/www.helliston.eu\/sv\/wp-json\/wp\/v2\/media\/2702"}],"wp:attachment":[{"href":"https:\/\/www.helliston.eu\/sv\/wp-json\/wp\/v2\/media?parent=3388"}],"wp:term":[{"taxonomy":"product_brand","embeddable":true,"href":"https:\/\/www.helliston.eu\/sv\/wp-json\/wp\/v2\/product_brand?post=3388"},{"taxonomy":"product_cat","embeddable":true,"href":"https:\/\/www.helliston.eu\/sv\/wp-json\/wp\/v2\/product_cat?post=3388"},{"taxonomy":"product_tag","embeddable":true,"href":"https:\/\/www.helliston.eu\/sv\/wp-json\/wp\/v2\/product_tag?post=3388"}],"curies":[{"name":"wp","href":"https:\/\/api.w.org\/{rel}","templated":true}]}}