{"id":6762,"date":"2020-01-05T18:20:20","date_gmt":"2020-01-05T18:20:20","guid":{"rendered":"https:\/\/helliston.eu\/product\/hm-tct-planer-blades-320-x-18-x-3mm-for-scheppach-hmc3200-hmc3200ci-2-pc\/"},"modified":"2021-02-11T17:27:45","modified_gmt":"2021-02-11T17:27:45","slug":"hm-tct-hyvelstal-320-x-18-x-3mm-till-scheppach-hmc3200-hmc3200ci-2-st","status":"publish","type":"product","link":"https:\/\/www.helliston.eu\/sv\/produkt\/hm-tct-hyvelstal-320-x-18-x-3mm-till-scheppach-hmc3200-hmc3200ci-2-st\/","title":{"rendered":"HM\/TCT Hyvelst\u00e5l 320 x 18 x 3mm till Scheppach HMC3200, HMC3200CI (2 st)"},"content":{"rendered":"","protected":false},"excerpt":{"rendered":"<p><strong>HM\/TCT-hyvelst\u00e5l 320x18x3mm till planhyveln\/ rikthyveln Scheppach HMC 3200, HMC 3200CI.<\/strong> 2 st\u00e5l\/paket. Tillverkade av motst\u00e5ndskraftig volframkarbid (rockwellh\u00e5rdhet 90+HRA). Optimal f\u00f6r alla tr\u00e4slag och tr\u00e4material. J\u00e4mf\u00f6rt med HSS h\u00e5ller HM\/TCT-st\u00e5len sk\u00e4rpan upp till fem g\u00e5nger l\u00e4ngre. St\u00e5len \u00e4r slipbara. Ytterligare information l\u00e4ngst ned.<\/p>\n","protected":false},"featured_media":7574,"template":"","meta":[],"product_brand":[],"product_cat":[434,1999,370,1107],"product_tag":[],"class_list":{"0":"post-6762","1":"product","2":"type-product","3":"status-publish","4":"has-post-thumbnail","6":"product_cat-320-for-hyvel-scheppach-hmc-3200-3200-ci","7":"product_cat-till-rikt-planhyvel-scheppach-hms-hmc-3200-ci-320mm","8":"product_cat-hyvelstal","9":"product_cat-hyvelstal-till-scheppach","11":"first","12":"instock","13":"taxable","14":"shipping-taxable","15":"purchasable","16":"product-type-simple"},"jetpack_sharing_enabled":true,"_links":{"self":[{"href":"https:\/\/www.helliston.eu\/sv\/wp-json\/wp\/v2\/product\/6762","targetHints":{"allow":["GET"]}}],"collection":[{"href":"https:\/\/www.helliston.eu\/sv\/wp-json\/wp\/v2\/product"}],"about":[{"href":"https:\/\/www.helliston.eu\/sv\/wp-json\/wp\/v2\/types\/product"}],"wp:featuredmedia":[{"embeddable":true,"href":"https:\/\/www.helliston.eu\/sv\/wp-json\/wp\/v2\/media\/7574"}],"wp:attachment":[{"href":"https:\/\/www.helliston.eu\/sv\/wp-json\/wp\/v2\/media?parent=6762"}],"wp:term":[{"taxonomy":"product_brand","embeddable":true,"href":"https:\/\/www.helliston.eu\/sv\/wp-json\/wp\/v2\/product_brand?post=6762"},{"taxonomy":"product_cat","embeddable":true,"href":"https:\/\/www.helliston.eu\/sv\/wp-json\/wp\/v2\/product_cat?post=6762"},{"taxonomy":"product_tag","embeddable":true,"href":"https:\/\/www.helliston.eu\/sv\/wp-json\/wp\/v2\/product_tag?post=6762"}],"curies":[{"name":"wp","href":"https:\/\/api.w.org\/{rel}","templated":true}]}}