{"id":6791,"date":"2019-03-07T21:20:14","date_gmt":"2019-03-07T21:20:14","guid":{"rendered":"https:\/\/helliston.eu\/product\/hm-carbide-reversible-hm-carbide-reversible-knives-inserts-14x14x2mm-for-spiral-helical-notch-lap-joint-rebate-jointing-groove-grooving-cutterhead-planer-woodturning-10-pc\/"},"modified":"2020-06-25T15:41:29","modified_gmt":"2020-06-25T15:41:29","slug":"hm-vandskar-14x14x2-0mm-ocksa-for-metabo-lf-724-s-festool-ct-hk-hw-10-st","status":"publish","type":"product","link":"https:\/\/www.helliston.eu\/sv\/produkt\/hm-vandskar-14x14x2-0mm-ocksa-for-metabo-lf-724-s-festool-ct-hk-hw-10-st\/","title":{"rendered":"HM V\u00e4ndsk\u00e4r 14x14x2.0mm, ocks\u00e5 f\u00f6r Metabo LF 724 S, Festool CT-HK HW (10 st)"},"content":{"rendered":"","protected":false},"excerpt":{"rendered":"","protected":false},"featured_media":25563,"template":"","meta":[],"product_brand":[],"product_cat":[2265],"product_tag":[],"class_list":{"0":"post-6791","1":"product","2":"type-product","3":"status-publish","4":"has-post-thumbnail","6":"product_cat-vandskar","8":"first","9":"instock","10":"sale","11":"taxable","12":"shipping-taxable","13":"purchasable","14":"product-type-simple"},"jetpack_sharing_enabled":true,"_links":{"self":[{"href":"https:\/\/www.helliston.eu\/sv\/wp-json\/wp\/v2\/product\/6791","targetHints":{"allow":["GET"]}}],"collection":[{"href":"https:\/\/www.helliston.eu\/sv\/wp-json\/wp\/v2\/product"}],"about":[{"href":"https:\/\/www.helliston.eu\/sv\/wp-json\/wp\/v2\/types\/product"}],"wp:featuredmedia":[{"embeddable":true,"href":"https:\/\/www.helliston.eu\/sv\/wp-json\/wp\/v2\/media\/25563"}],"wp:attachment":[{"href":"https:\/\/www.helliston.eu\/sv\/wp-json\/wp\/v2\/media?parent=6791"}],"wp:term":[{"taxonomy":"product_brand","embeddable":true,"href":"https:\/\/www.helliston.eu\/sv\/wp-json\/wp\/v2\/product_brand?post=6791"},{"taxonomy":"product_cat","embeddable":true,"href":"https:\/\/www.helliston.eu\/sv\/wp-json\/wp\/v2\/product_cat?post=6791"},{"taxonomy":"product_tag","embeddable":true,"href":"https:\/\/www.helliston.eu\/sv\/wp-json\/wp\/v2\/product_tag?post=6791"}],"curies":[{"name":"wp","href":"https:\/\/api.w.org\/{rel}","templated":true}]}}