{"id":6823,"date":"2020-01-05T19:55:21","date_gmt":"2020-01-05T19:55:21","guid":{"rendered":"https:\/\/helliston.eu\/product\/hm-carbide-scraper-insert-blade-for-sandvik-scraper-620-2525-25x25x2mm-4-edges-1-pc\/"},"modified":"2024-06-29T20:29:39","modified_gmt":"2024-06-29T20:29:39","slug":"reservstal-hardmetall-till-sandvik-620-25-skavstal-planskavstal-620-2520-620-2525-620-2530","status":"publish","type":"product","link":"https:\/\/www.helliston.eu\/sv\/produkt\/reservstal-hardmetall-till-sandvik-620-25-skavstal-planskavstal-620-2520-620-2525-620-2530\/","title":{"rendered":"Reservst\u00e5l till Sandvik 620-25 skavst\u00e5l, planskavst\u00e5l (620-2520, 620-2525, 620-2530)"},"content":{"rendered":"","protected":false},"excerpt":{"rendered":"<p>Reservst\u00e5l f\u00f6r skavst\u00e5l\/ planskavst\u00e5l Sandvik 620-25 (620-2520, 620-2525, 620-2530) eller liknande modeller som Biax eller Rennsteig. Reservsk\u00e4r f\u00f6r skavst\u00e5l finns tillg\u00e4ngliga i f\u00f6ljande m\u00e5tt: 20x25x2 mm, 25x25x2 mm och 30x25x2 mm. H\u00e5rdmetallsk\u00e4r \u00e4r tillverkade av h\u00f6gkvalitativ h\u00e5rdmetall med mikrokorn och h\u00e4rdat till 93+ HRA p\u00e5 Rockwell-skalan. Reservst\u00e5l har fyra sk\u00e4rkanter med en vinkel p\u00e5 3\u00b0. Innan du k\u00f6per, kontrollera ritningen och observera vinklarna!<\/p>\n<p>F\u00f6r mer information, se nedan.<\/p>\n<p><span data-text-color=\"primary\"><strong>M\u00e4ngdrabatter g\u00e4ller f\u00f6r alla reservst\u00e5l k\u00f6pta tillsammans i en order, oavsett storlek:<\/strong><\/span><\/p>\n","protected":false},"featured_media":25130,"template":"","meta":[],"product_brand":[],"product_cat":[2267],"product_tag":[],"class_list":{"0":"post-6823","1":"product","2":"type-product","3":"status-publish","4":"has-post-thumbnail","6":"product_cat-hardmetallskar-till-planskavstal-sandvik-kavstal-620-2020-2025-2030-rennsteig-460-465-forum-hazet","8":"first","9":"instock","10":"taxable","11":"shipping-taxable","12":"purchasable","13":"product-type-variable"},"jetpack_sharing_enabled":true,"_links":{"self":[{"href":"https:\/\/www.helliston.eu\/sv\/wp-json\/wp\/v2\/product\/6823","targetHints":{"allow":["GET"]}}],"collection":[{"href":"https:\/\/www.helliston.eu\/sv\/wp-json\/wp\/v2\/product"}],"about":[{"href":"https:\/\/www.helliston.eu\/sv\/wp-json\/wp\/v2\/types\/product"}],"wp:featuredmedia":[{"embeddable":true,"href":"https:\/\/www.helliston.eu\/sv\/wp-json\/wp\/v2\/media\/25130"}],"wp:attachment":[{"href":"https:\/\/www.helliston.eu\/sv\/wp-json\/wp\/v2\/media?parent=6823"}],"wp:term":[{"taxonomy":"product_brand","embeddable":true,"href":"https:\/\/www.helliston.eu\/sv\/wp-json\/wp\/v2\/product_brand?post=6823"},{"taxonomy":"product_cat","embeddable":true,"href":"https:\/\/www.helliston.eu\/sv\/wp-json\/wp\/v2\/product_cat?post=6823"},{"taxonomy":"product_tag","embeddable":true,"href":"https:\/\/www.helliston.eu\/sv\/wp-json\/wp\/v2\/product_tag?post=6823"}],"curies":[{"name":"wp","href":"https:\/\/api.w.org\/{rel}","templated":true}]}}